{"id":5288,"date":"2023-03-31T01:42:53","date_gmt":"2023-03-31T01:42:53","guid":{"rendered":"https:\/\/manhattanpcm.com\/negocios\/propriedade-intelectual\/"},"modified":"2026-04-17T07:54:17","modified_gmt":"2026-04-17T07:54:17","slug":"propriedade-intelectual","status":"publish","type":"page","link":"http:\/\/manhattanpcm.com\/pt-br\/negocios\/propriedade-intelectual\/","title":{"rendered":"Propriedade Intelectual"},"content":{"rendered":"<div>\n<h1>Desbloqueando Potencial<br \/>&#038;Inova\u00e7\u00e3o<\/h1>\n<p>Propriedade Intelectual<\/p>\n<div>\n<p>Com ampla experi\u00eancia e recursos em Propriedade Intelectual, desbloqueamos oportunidades de crescimento e inova\u00e7\u00e3o para patentes, marcas registradas e muito mais.<\/p>\n<\/div>\n<p><a href=\"#intro\"><span uk-icon=\"icon: chevron-down; ratio: 1\"> <\/span>  Scroll down for more<\/a><\/p>\n<\/div>\n<h3>Intellectual Property<\/h3>\n<\/p>\n<h2>Desbloquear o potencial da propriedade intelectual \u00e9 uma das nossas principais compet\u00eancias.<\/h2>\n<div>\n<p>Como seu parceiro neste campo din\u00e2mico, combinamos experi\u00eancia, vis\u00e3o estrat\u00e9gica e determina\u00e7\u00e3o para criar oportunidades de crescimento e inova\u00e7\u00e3o. Enquanto muitas firmas de private equity oferecem apenas fundos e apoio financeiro, a 5Oceans se diferencia por sua combina\u00e7\u00e3o \u00fanica de profundo conhecimento em desenvolvimento de Propriedade Intelectual (PI), tecnologia, gest\u00e3o de lit\u00edgios e atua\u00e7\u00e3o pr\u00e1tica.<\/p>\n<p>Reconhecemos o imenso valor e o potencial da propriedade intelectual. Seja uma start-up de tecnologia com patentes inovadoras, uma ag\u00eancia criativa com marcas exclusivas ou uma empresa de biotecnologia com inven\u00e7\u00f5es transformadoras, temos a expertise e os recursos para ajud\u00e1-lo a desbloquear todo o valor da sua propriedade intelectual.<\/p>\n<p>Nossa equipe re\u00fane d\u00e9cadas de experi\u00eancia no gerenciamento e desenvolvimento de grandes portf\u00f3lios de PI, como portf\u00f3lios de patentes para empresas de m\u00e9dio a grande porte. Somos singularmente posicionados para identificar e avaliar ativos de PI que sejam tecnicamente s\u00f3lidos, legalmente defens\u00e1veis e comercialmente vi\u00e1veis. Assim, nossa capacidade de estruturar portf\u00f3lios de PI e desenvolver estrat\u00e9gias de monetiza\u00e7\u00e3o de ativos \u00e9 incompar\u00e1vel.<\/p>\n<\/div>\n<div>\n<p>As patentes podem reter um valor imenso para as empresas, com m\u00faltiplas possibilidades de monetiza\u00e7\u00e3o, tais como:<\/p>\n<\/div>\n<ul>\n<li>\n<h3>Apple processou a Samsung<\/h3>\n<div>\n<p>Lit\u00edgios de patentes podem resultar em indeniza\u00e7\u00f5es significativas, especialmente quando envolvem grandes empresas e tecnologias amplamente utilizadas. Em um dos mais famosos processos de patentes dos \u00faltimos tempos, <a href=\"https:\/\/en.wikipedia.org\/wiki\/Apple_Inc._v._Samsung_Electronics_Co.\">Apple sued Samsung<\/a> por infra\u00e7\u00e3o de patentes em seus smartphones. O j\u00fari concedeu \u00e0 Apple mais de USD 1 bilh\u00e3o em danos.<\/div>\n<\/li>\n<li>\n<h3>Google adquiriu a Motorola Mobility<\/h3>\n<div>\n<p>A venda de portf\u00f3lios de patentes pode ser uma estrat\u00e9gia altamente lucrativa de monetiza\u00e7\u00e3o.<a href=\"https:\/\/techcrunch.com\/2011\/08\/15\/breaking-google-buys-motorola-for-12-5-billion\/?guccounter=1&amp;guce_referrer=aHR0cHM6Ly93d3cuZ29vZ2xlLmNvbS8&amp;guce_referrer_sig=AQAAAA3GmFAis-ugPfcoJ5WL36mYVgxZulat_LD3iiwX9eHss25RT2F7Af-z6mCB5X2X_a49iPZAnpZFDI3mVrcJsamsuo9-KzEbzPgc76ld0Kk0wDtU59Ycy4ps8mylcD4r4tqunb5V02YgE6refo3DcUmL1DDk60KF5Ko9ymk1bIqe\">Google famously aquired Motorola Mobility<\/a> em 2011, principalmente pelo valor de seu portf\u00f3lio de patentes. Na \u00e9poca, a Motorola detinha aproximadamente 14.600 patentes concedidas e 6.700 pedidos de patentes pendentes, o que fez com que fosse considerada mais valiosa do que apenas sua divis\u00e3o de hardware.<\/p>\n<\/div>\n<\/li>\n<li>\n<h3>Licenciamento de patentes<\/h3>\n<div>\n<p>O licenciamento de patentes oferece uma fonte direta de receita para seus detentores. Por exemplo, a  <a href=\"https:\/\/en.wikipedia.org\/wiki\/Qualcomm\">Qualcomm<\/a>  licencia suas patentes essenciais para tecnologias 3G, 4G e 5G a fabricantes de smartphones, como a Apple e outros, gerando a maior parte da sua receita global.<\/p>\n<\/div>\n<\/li>\n<\/ul>\n<p><img decoding=\"async\" src=\"\/wp-content\/uploads\/2023\/07\/img-protential-1.jpg\" alt=\"\"><\/p>\n<h2>Estrat\u00e9gias<\/h2>\n<div>Nossa equipe re\u00fane d\u00e9cadas de experi\u00eancia no gerenciamento e desenvolvimento de grandes portf\u00f3lios de propriedade intelectual (PI) para empresas de tecnologia de todos os portes. Sabemos como redigir patentes s\u00f3lidas, como litigar patentes e como ajudar as empresas de nosso portf\u00f3lio a monetizar suas patentes. Estamos singularmente posicionados para identificar e avaliar ativos de PI que sejam tecnicamente robustos, legalmente defens\u00e1veis e comercialmente vi\u00e1veis. Dessa forma, nossa capacidade de estruturar portf\u00f3lios de PI e desenvolver estrat\u00e9gias ideais para a realiza\u00e7\u00e3o do valor dos ativos de PI \u00e9 incompar\u00e1vel.<\/div>\n<ul>\n<li>\n<p>        <img decoding=\"async\" src=\"\/wp-content\/uploads\/2023\/07\/icons_due_diligence.svg\" alt=\"\"><\/p>\n<h3>1. Due Diligence<\/h3>\n<div>\n<p>Com d\u00e9cadas de experi\u00eancia em desenvolvimento de PI e em gest\u00e3o de lit\u00edgios, conduzimos avalia\u00e7\u00f5es t\u00e9cnicas, legais e comerciais abrangentes para assegurar que a propriedade intelectual seja inovadora, tecnicamente s\u00f3lida, legalmente protegida e alinhada com os objetivos de neg\u00f3cios.<\/p>\n<\/div>\n<\/li>\n<li>\n<p>        <img decoding=\"async\" src=\"\/wp-content\/uploads\/2023\/07\/icons_ip_portfolio_optimization.svg\" alt=\"\"><\/p>\n<h3>2. Otimiza\u00e7\u00e3o de Portf\u00f3lio de PI<\/h3>\n<div>Trabalhamos em estreita colabora\u00e7\u00e3o com voc\u00ea para otimizar o portf\u00f3lio de PI: identificando ativos subutilizados, explorando oportunidades de licenciamento ou desinvestindo ativos quando apropriado.<\/div>\n<\/li>\n<li>\n<p>        <img decoding=\"async\" src=\"\/wp-content\/uploads\/2023\/07\/icons_ieveraging_inflection_points.svg\" alt=\"\"><\/p>\n<h3>3. Aproveitamento de Pontos de Inflex\u00e3o<\/h3>\n<div>Identificamos ativos que se encontram em momentos cr\u00edticos do seu ciclo de vida e exploramos esses pontos de inflex\u00e3o para maximizar o valor de cada ativo.<\/div>\n<\/li>\n<li>\n<p>        <img decoding=\"async\" src=\"\/wp-content\/uploads\/2023\/07\/icons_identifying_emerging_ip_opportunities.svg\" alt=\"\"><\/p>\n<h3>4. Identifica\u00e7\u00e3o de Oportunidades Emergentes em PI<\/h3>\n<div>Nossa equipe explora ativamente novas tecnologias, mudan\u00e7as de mercado e tend\u00eancias em PI para identificar oportunidades inexploradas e criar valor sustent\u00e1vel.<\/div>\n<\/li>\n<\/ul>\n<p><!--more--><br \/>\n<!-- {\"type\":\"layout\",\"children\":[{\"name\":\"Hero\",\"type\":\"section\",\"props\":{\"animation\":\"slide-left-medium\",\"animation_delay\":\"100\",\"header_transparent\":true,\"header_transparent_noplaceholder\":false,\"header_transparent_text_color\":\"light\",\"height\":\"viewport\",\"height_offset_top\":true,\"image_effect\":\"parallax\",\"image_parallax_bgy\":\",-80\",\"image_position\":\"center-center\",\"image_size\":\"cover\",\"image_width\":\"2560\",\"overlap\":false,\"padding\":\"small\",\"padding_remove_bottom\":true,\"padding_remove_top\":false,\"preserve_color\":false,\"style\":\"primary\",\"title_breakpoint\":\"xl\",\"title_position\":\"top-left\",\"title_rotation\":\"left\",\"vertical_align\":\"bottom\",\"video\":\"wp-content\\\/uploads\\\/2026\\\/04\\\/5_oceans_partner_-_credit_header_page_v1-1440p.mp4\",\"video_height\":\"1080\",\"video_width\":\"1920\",\"width\":\"\"},\"children\":[{\"type\":\"row\",\"props\":{\"margin\":\"large\",\"margin_remove_top\":false,\"width\":\"xlarge\"},\"children\":[{\"type\":\"column\",\"props\":{\"image_position\":\"center-center\",\"position_sticky_breakpoint\":\"m\"},\"children\":[{\"type\":\"module\",\"props\":{\"css\":\".el-element {\\n    z-index: 5 !important;\\n}\",\"maxwidth\":\"medium\",\"menu_image_align\":\"center\",\"menu_image_margin\":true,\"menu_style\":\"default\",\"menu_type\":\"nav\",\"type\":\"nav_menu\",\"visibility\":\"m\",\"widget\":\"nav_menu-15\"}}]}]},{\"type\":\"row\",\"children\":[{\"type\":\"column\",\"props\":{\"image_position\":\"center-center\",\"position_sticky_breakpoint\":\"m\",\"vertical_align\":\"bottom\",\"width_medium\":\"2-3\"},\"children\":[{\"type\":\"panel\",\"props\":{\"animation\":\"fade\",\"content\":\"\n\n<p>Com ampla experi\\u00eancia e recursos em Propriedade Intelectual, desbloqueamos oportunidades de crescimento e inova\\u00e7\\u00e3o para patentes, marcas registradas e muito mais.<\\\/p>\",\"content_column_breakpoint\":\"m\",\"icon\":\"\",\"icon_width\":80,\"image_align\":\"top\",\"image_grid_breakpoint\":\"m\",\"image_grid_width\":\"1-2\",\"image_svg_color\":\"emphasis\",\"link\":\"#intro\",\"link_margin\":\"medium\",\"link_style\":\"link-muted\",\"link_text\":\"<span uk-icon=\\\"icon: chevron-down; ratio: 1\\\"> <\\\/span>  Scroll down for more\",\"margin\":\"default\",\"maxwidth\":\"xlarge\",\"meta\":\"Propriedade Intelectual\",\"meta_align\":\"above-title\",\"meta_element\":\"div\",\"meta_style\":\"\",\"panel_padding\":\"large\",\"panel_style\":\"card-secondary\",\"position\":\"relative\",\"position_z_index\":\"3\",\"title\":\"Desbloqueando Potencial<br \/>&Inova\\u00e7\\u00e3o\",\"title_align\":\"top\",\"title_element\":\"h1\",\"title_grid_breakpoint\":\"m\",\"title_grid_width\":\"1-2\",\"title_hover_style\":\"reset\",\"title_margin\":\"small\",\"title_style\":\"h1\"}}]},{\"type\":\"column\",\"props\":{\"image_position\":\"center-center\",\"position_sticky_breakpoint\":\"m\",\"width_medium\":\"1-3\"}}],\"props\":{\"layout\":\"2-3,1-3\",\"margin_remove_bottom\":true,\"match\":false}}]},{\"type\":\"section\",\"props\":{\"animation\":\"fade\",\"animation_delay\":\"100\",\"id\":\"intro\",\"image_position\":\"center-center\",\"padding\":\"xlarge\",\"padding_remove_bottom\":false,\"padding_remove_top\":true,\"style\":\"muted\",\"title_breakpoint\":\"xl\",\"title_position\":\"top-left\",\"title_rotation\":\"left\",\"vertical_align\":\"\",\"width\":\"xlarge\"},\"children\":[{\"type\":\"row\",\"props\":{\"column_gap\":\"collapse\"},\"children\":[{\"type\":\"column\",\"props\":{\"image_position\":\"center-center\",\"position_sticky\":\"section\",\"position_sticky_breakpoint\":\"m\",\"position_sticky_offset\":\"0\"}}]},{\"type\":\"row\",\"props\":{\"column_gap\":\"large\",\"layout\":\"1-4,3-4\",\"margin\":\"xlarge\"},\"children\":[{\"type\":\"column\",\"props\":{\"image_position\":\"center-center\",\"position_sticky\":\"section\",\"position_sticky_breakpoint\":\"m\",\"position_sticky_offset\":\"100\",\"width_medium\":\"1-4\"},\"children\":[{\"type\":\"headline\",\"props\":{\"content\":\"Intellectual Property\",\"title_element\":\"h3\",\"title_style\":\"h3\",\"visibility\":\"m\"}},{\"type\":\"nav\",\"props\":{\"css\":\".el-element {\\n    max-width: 600px;\\n}\",\"grid\":\"1\",\"grid_divider\":false,\"image_vertical_align\":false,\"nav_style\":\"default\",\"show_image\":true,\"show_meta\":true,\"visibility\":\"m\"},\"children\":[{\"type\":\"nav_item\",\"source\":{\"query\":{\"name\":\"customMenuItems\",\"arguments\":{\"id\":6,\"parent\":\"\",\"heading\":\"\",\"include_heading\":false,\"ids\":[]}},\"props\":{\"content\":{\"filters\":{\"search\":\"\"},\"name\":\"title\"},\"link\":{\"filters\":{\"search\":\"\"},\"name\":\"url\"},\"active\":{\"filters\":{\"search\":\"\"},\"name\":\"active\"}}}}]}]},{\"type\":\"column\",\"props\":{\"image_position\":\"center-center\",\"position_sticky_breakpoint\":\"m\",\"width_medium\":\"3-4\"},\"children\":[{\"type\":\"fragment\",\"children\":[{\"type\":\"row\",\"children\":[{\"type\":\"column\",\"props\":{\"image_position\":\"center-center\",\"position_sticky_breakpoint\":\"m\",\"width_medium\":\"3-5\"},\"children\":[{\"type\":\"headline\",\"props\":{\"content\":\"Desbloquear o potencial da propriedade intelectual \\u00e9 uma das nossas principais compet\\u00eancias.\",\"id\":\"overview\",\"maxwidth\":\"xlarge\",\"title_element\":\"h2\",\"title_style\":\"h2\"}},{\"type\":\"text\",\"props\":{\"column_breakpoint\":\"m\",\"content\":\"\n\n<p>Como seu parceiro neste campo din\\u00e2mico, combinamos experi\\u00eancia, vis\\u00e3o estrat\\u00e9gica e determina\\u00e7\\u00e3o para criar oportunidades de crescimento e inova\\u00e7\\u00e3o. Enquanto muitas firmas de private equity oferecem apenas fundos e apoio financeiro, a 5Oceans se diferencia por sua combina\\u00e7\\u00e3o \\u00fanica de profundo conhecimento em desenvolvimento de Propriedade Intelectual (PI), tecnologia, gest\\u00e3o de lit\\u00edgios e atua\\u00e7\\u00e3o pr\\u00e1tica.<\\\/p>\\n\n\n<p>Reconhecemos o imenso valor e o potencial da propriedade intelectual. Seja uma start-up de tecnologia com patentes inovadoras, uma ag\\u00eancia criativa com marcas exclusivas ou uma empresa de biotecnologia com inven\\u00e7\\u00f5es transformadoras, temos a expertise e os recursos para ajud\\u00e1-lo a desbloquear todo o valor da sua propriedade intelectual.<\\\/p>\\n\n\n<p>Nossa equipe re\\u00fane d\\u00e9cadas de experi\\u00eancia no gerenciamento e desenvolvimento de grandes portf\\u00f3lios de PI, como portf\\u00f3lios de patentes para empresas de m\\u00e9dio a grande porte. Somos singularmente posicionados para identificar e avaliar ativos de PI que sejam tecnicamente s\\u00f3lidos, legalmente defens\\u00e1veis e comercialmente vi\\u00e1veis. Assim, nossa capacidade de estruturar portf\\u00f3lios de PI e desenvolver estrat\\u00e9gias de monetiza\\u00e7\\u00e3o de ativos \\u00e9 incompar\\u00e1vel.<\\\/p>\",\"margin\":\"medium\",\"maxwidth\":\"xlarge\"}},{\"type\":\"text\",\"props\":{\"column_breakpoint\":\"m\",\"content\":\"\n\n<p>As patentes podem reter um valor imenso para as empresas, com m\\u00faltiplas possibilidades de monetiza\\u00e7\\u00e3o, tais como:<\\\/p>\",\"margin\":\"medium\",\"maxwidth\":\"xlarge\"}},{\"type\":\"grid\",\"props\":{\"content_column_breakpoint\":\"m\",\"filter_align\":\"left\",\"filter_all\":true,\"filter_grid_breakpoint\":\"m\",\"filter_grid_width\":\"auto\",\"filter_position\":\"top\",\"filter_style\":\"tab\",\"grid_default\":\"1\",\"grid_medium\":\"3\",\"icon_width\":80,\"image_align\":\"top\",\"image_grid_breakpoint\":\"m\",\"image_grid_width\":\"1-2\",\"image_svg_color\":\"emphasis\",\"item_animation\":true,\"lightbox_bg_close\":true,\"link_style\":\"default\",\"link_text\":\"Read more\",\"margin\":\"default\",\"meta_align\":\"below-title\",\"meta_element\":\"div\",\"meta_style\":\"text-meta\",\"show_content\":true,\"show_hover_image\":true,\"show_hover_video\":true,\"show_image\":true,\"show_link\":true,\"show_meta\":true,\"show_title\":true,\"show_video\":true,\"title_align\":\"top\",\"title_element\":\"h3\",\"title_grid_breakpoint\":\"m\",\"title_grid_width\":\"1-2\",\"title_hover_style\":\"reset\",\"title_style\":\"h4\"},\"children\":[{\"type\":\"grid_item\",\"props\":{\"content\":\"\n\n<p>Lit\\u00edgios de patentes podem resultar em indeniza\\u00e7\\u00f5es significativas, especialmente quando envolvem grandes empresas e tecnologias amplamente utilizadas. Em um dos mais famosos processos de patentes dos \\u00faltimos tempos, <a href=\\\"https:\\\/\\\/en.wikipedia.org\\\/wiki\\\/Apple_Inc._v._Samsung_Electronics_Co.\\\">Apple sued Samsung<\\\/a> por infra\\u00e7\\u00e3o de patentes em seus smartphones. O j\\u00fari concedeu \\u00e0 Apple mais de USD 1 bilh\\u00e3o em danos.\",\"title\":\"Apple processou a Samsung\"}},{\"type\":\"grid_item\",\"props\":{\"content\":\"\n\n<p>A venda de portf\\u00f3lios de patentes pode ser uma estrat\\u00e9gia altamente lucrativa de monetiza\\u00e7\\u00e3o.<a href=\\\"https:\\\/\\\/techcrunch.com\\\/2011\\\/08\\\/15\\\/breaking-google-buys-motorola-for-12-5-billion\\\/?guccounter=1&amp;guce_referrer=aHR0cHM6Ly93d3cuZ29vZ2xlLmNvbS8&amp;guce_referrer_sig=AQAAAA3GmFAis-ugPfcoJ5WL36mYVgxZulat_LD3iiwX9eHss25RT2F7Af-z6mCB5X2X_a49iPZAnpZFDI3mVrcJsamsuo9-KzEbzPgc76ld0Kk0wDtU59Ycy4ps8mylcD4r4tqunb5V02YgE6refo3DcUmL1DDk60KF5Ko9ymk1bIqe\\\">Google famously aquired Motorola Mobility<\\\/a> em 2011, principalmente pelo valor de seu portf\\u00f3lio de patentes. Na \\u00e9poca, a Motorola detinha aproximadamente 14.600 patentes concedidas e 6.700 pedidos de patentes pendentes, o que fez com que fosse considerada mais valiosa do que apenas sua divis\\u00e3o de hardware.<\\\/p>\",\"title\":\"Google adquiriu a Motorola Mobility\"}},{\"type\":\"grid_item\",\"props\":{\"content\":\"\n\n<p>O licenciamento de patentes oferece uma fonte direta de receita para seus detentores. Por exemplo, a  <a href=\\\"https:\\\/\\\/en.wikipedia.org\\\/wiki\\\/Qualcomm\\\">Qualcomm<\\\/a>  licencia suas patentes essenciais para tecnologias 3G, 4G e 5G a fabricantes de smartphones, como a Apple e outros, gerando a maior parte da sua receita global.<\\\/p>\",\"title\":\"Licenciamento de patentes\"}}]}]},{\"type\":\"column\",\"props\":{\"image_position\":\"center-center\",\"position_sticky_breakpoint\":\"m\",\"width_medium\":\"2-5\"},\"children\":[{\"type\":\"image\",\"props\":{\"animation\":\"parallax\",\"block_align\":\"center\",\"image\":\"wp-content\\\/uploads\\\/2023\\\/07\\\/img-protential-1.jpg\",\"image_svg_color\":\"emphasis\",\"image_width\":\"370\",\"margin\":\"default\",\"maxwidth\":\"large\",\"parallax_breakpoint\":\"m\",\"parallax_y\":\"-100,220\"}}]}],\"props\":{\"column_gap\":\"large\",\"id\":\"overview\",\"layout\":\"3-5,2-5\"}},{\"type\":\"row\",\"props\":{\"margin\":\"xlarge\"},\"children\":[{\"type\":\"column\",\"props\":{\"image_position\":\"center-center\",\"position_sticky_breakpoint\":\"m\"},\"children\":[{\"type\":\"headline\",\"props\":{\"content\":\"Estrat\\u00e9gias\",\"id\":\"strategies\",\"title_element\":\"h2\",\"title_style\":\"h3\"}},{\"type\":\"text\",\"props\":{\"column_breakpoint\":\"m\",\"content\":\"Nossa equipe re\\u00fane d\\u00e9cadas de experi\\u00eancia no gerenciamento e desenvolvimento de grandes portf\\u00f3lios de propriedade intelectual (PI) para empresas de tecnologia de todos os portes. Sabemos como redigir patentes s\\u00f3lidas, como litigar patentes e como ajudar as empresas de nosso portf\\u00f3lio a monetizar suas patentes. Estamos singularmente posicionados para identificar e avaliar ativos de PI que sejam tecnicamente robustos, legalmente defens\\u00e1veis e comercialmente vi\\u00e1veis. Dessa forma, nossa capacidade de estruturar portf\\u00f3lios de PI e desenvolver estrat\\u00e9gias ideais para a realiza\\u00e7\\u00e3o do valor dos ativos de PI \\u00e9 incompar\\u00e1vel.\",\"margin\":\"default\",\"maxwidth\":\"xlarge\"}},{\"type\":\"grid\",\"props\":{\"content_column_breakpoint\":\"m\",\"content_margin\":\"small\",\"filter_align\":\"left\",\"filter_all\":true,\"filter_grid_breakpoint\":\"m\",\"filter_grid_width\":\"auto\",\"filter_position\":\"top\",\"filter_style\":\"tab\",\"grid_column_gap\":\"large\",\"grid_default\":\"1\",\"grid_medium\":\"2\",\"grid_row_gap\":\"large\",\"icon_width\":80,\"id\":\"strategies\",\"image_align\":\"top\",\"image_grid_breakpoint\":\"m\",\"image_grid_width\":\"1-2\",\"image_svg_color\":\"emphasis\",\"image_width\":\"70\",\"item_animation\":true,\"lightbox_bg_close\":true,\"link_style\":\"default\",\"link_text\":\"Read more\",\"margin\":\"large\",\"maxwidth\":\"2xlarge\",\"meta_align\":\"below-title\",\"meta_element\":\"div\",\"meta_style\":\"text-meta\",\"show_content\":true,\"show_hover_image\":true,\"show_hover_video\":true,\"show_image\":true,\"show_link\":true,\"show_meta\":true,\"show_title\":true,\"show_video\":true,\"title_align\":\"top\",\"title_element\":\"h3\",\"title_grid_breakpoint\":\"m\",\"title_grid_width\":\"1-2\",\"title_hover_style\":\"reset\",\"title_style\":\"h3\"},\"children\":[{\"type\":\"grid_item\",\"props\":{\"content\":\"\n\n<p>Com d\\u00e9cadas de experi\\u00eancia em desenvolvimento de PI e em gest\\u00e3o de lit\\u00edgios, conduzimos avalia\\u00e7\\u00f5es t\\u00e9cnicas, legais e comerciais abrangentes para assegurar que a propriedade intelectual seja inovadora, tecnicamente s\\u00f3lida, legalmente protegida e alinhada com os objetivos de neg\\u00f3cios.<\\\/p>\",\"image\":\"wp-content\\\/uploads\\\/2023\\\/07\\\/icons_due_diligence.svg\",\"title\":\"1. Due Diligence\"}},{\"type\":\"grid_item\",\"props\":{\"content\":\"Trabalhamos em estreita colabora\\u00e7\\u00e3o com voc\\u00ea para otimizar o portf\\u00f3lio de PI: identificando ativos subutilizados, explorando oportunidades de licenciamento ou desinvestindo ativos quando apropriado.\",\"image\":\"wp-content\\\/uploads\\\/2023\\\/07\\\/icons_ip_portfolio_optimization.svg\",\"title\":\"2. Otimiza\\u00e7\\u00e3o de Portf\\u00f3lio de PI\"}},{\"type\":\"grid_item\",\"props\":{\"content\":\"Identificamos ativos que se encontram em momentos cr\\u00edticos do seu ciclo de vida e exploramos esses pontos de inflex\\u00e3o para maximizar o valor de cada ativo.\",\"image\":\"wp-content\\\/uploads\\\/2023\\\/07\\\/icons_ieveraging_inflection_points.svg\",\"title\":\"3. Aproveitamento de Pontos de Inflex\\u00e3o\"}},{\"type\":\"grid_item\",\"props\":{\"content\":\"Nossa equipe explora ativamente novas tecnologias, mudan\\u00e7as de mercado e tend\\u00eancias em PI para identificar oportunidades inexploradas e criar valor sustent\\u00e1vel.\",\"image\":\"wp-content\\\/uploads\\\/2023\\\/07\\\/icons_identifying_emerging_ip_opportunities.svg\",\"title\":\"4. Identifica\\u00e7\\u00e3o de Oportunidades Emergentes em PI\"}}]}]}]}],\"props\":{\"margin\":\"default\"}}]}]}]},{\"type\":\"section\",\"props\":{\"animation\":\"fade\",\"animation_delay\":\"100\",\"id\":\"portfolio\",\"image_position\":\"center-center\",\"padding\":\"large\",\"padding_remove_top\":false,\"status\":\"disabled\",\"style\":\"muted\",\"title_breakpoint\":\"xl\",\"title_position\":\"top-left\",\"title_rotation\":\"left\",\"vertical_align\":\"\",\"width\":\"xlarge\"},\"children\":[{\"type\":\"row\",\"children\":[{\"type\":\"column\",\"props\":{\"image_position\":\"center-center\",\"position_sticky_breakpoint\":\"m\",\"width_medium\":\"1-4\"}},{\"type\":\"column\",\"props\":{\"image_position\":\"center-center\",\"position_sticky_breakpoint\":\"m\",\"width_medium\":\"3-4\"},\"children\":[{\"type\":\"headline\",\"props\":{\"content\":\"Portfolio\",\"title_element\":\"h2\",\"title_style\":\"h3\"}},{\"type\":\"panel-slider\",\"props\":{\"content_column_breakpoint\":\"m\",\"icon_width\":80,\"image_align\":\"left\",\"image_grid_breakpoint\":\"m\",\"image_grid_column_gap\":\"large\",\"image_grid_width\":\"auto\",\"image_svg_color\":\"emphasis\",\"image_vertical_align\":true,\"link_style\":\"default\",\"link_text\":\"Read more\",\"margin\":\"medium\",\"meta_align\":\"below-title\",\"meta_element\":\"div\",\"meta_style\":\"text-meta\",\"nav\":\"dotnav\",\"nav_align\":\"right\",\"nav_breakpoint\":\"\",\"panel_match\":true,\"panel_padding\":\"default\",\"panel_style\":\"card-default\",\"show_content\":true,\"show_hover_image\":true,\"show_hover_video\":true,\"show_image\":true,\"show_link\":true,\"show_meta\":true,\"show_title\":true,\"show_video\":true,\"slidenav\":\"bottom-right\",\"slidenav_breakpoint\":\"\",\"slidenav_margin\":\"\",\"slidenav_outside_breakpoint\":\"xl\",\"slider_autoplay\":true,\"slider_autoplay_interval\":\"3\",\"slider_autoplay_pause\":true,\"slider_gap\":\"default\",\"slider_velocity\":\"0.5\",\"slider_width\":\"fixed\",\"slider_width_default\":\"1-1\",\"slider_width_medium\":\"1-2\",\"title_align\":\"top\",\"title_element\":\"h5\",\"title_grid_breakpoint\":\"m\",\"title_grid_width\":\"1-2\",\"title_hover_style\":\"reset\",\"title_style\":\"h5\"},\"children\":[{\"type\":\"panel-slider_item\",\"props\":{\"content\":\"Lorem ipsum dolor sit amet consectetur adipiscing eli.\",\"image\":\"wp-content\\\/uploads\\\/yootheme\\\/development-partners-02.svg\",\"title\":\"Lorem ipsum dolor sit amet\"}},{\"type\":\"panel-slider_item\",\"props\":{\"content\":\"Lorem ipsum dolor sit amet consectetur adipiscing eli.\",\"image\":\"wp-content\\\/uploads\\\/yootheme\\\/development-partners-02.svg\",\"title\":\"Lorem ipsum dolor sit amet\"}},{\"type\":\"panel-slider_item\",\"props\":{\"content\":\"Lorem ipsum dolor sit amet consectetur adipiscing eli.\",\"image\":\"wp-content\\\/uploads\\\/yootheme\\\/development-partners-02.svg\",\"title\":\"Lorem ipsum dolor sit amet\"}},{\"type\":\"panel-slider_item\",\"props\":{\"content\":\"Lorem ipsum dolor sit amet consectetur adipiscing eli.\",\"image\":\"wp-content\\\/uploads\\\/yootheme\\\/development-partners-02.svg\",\"title\":\"Lorem ipsum dolor sit amet\"}}]}]}],\"props\":{\"layout\":\"1-4,3-4\"}}],\"name\":\"portfolio\"}],\"version\":\"4.5.24\"} --><\/p>\n","protected":false},"excerpt":{"rendered":"<p>Desbloqueando Potencial&#038;Inova\u00e7\u00e3o Propriedade Intelectual Com ampla experi\u00eancia e recursos em Propriedade Intelectual, desbloqueamos oportunidades de crescimento e inova\u00e7\u00e3o para patentes, marcas registradas e muito mais. Scroll down for more Intellectual Property Desbloquear o potencial da propriedade intelectual \u00e9 uma das nossas principais compet\u00eancias. Como seu parceiro neste campo din\u00e2mico, combinamos experi\u00eancia, vis\u00e3o estrat\u00e9gica e determina\u00e7\u00e3o [&hellip;]<\/p>\n","protected":false},"author":1,"featured_media":0,"parent":5254,"menu_order":0,"comment_status":"closed","ping_status":"closed","template":"","meta":{"_acf_changed":false,"footnotes":""},"class_list":["post-5288","page","type-page","status-publish","hentry"],"acf":[],"jetpack_sharing_enabled":true,"_links":{"self":[{"href":"http:\/\/manhattanpcm.com\/pt-br\/wp-json\/wp\/v2\/pages\/5288","targetHints":{"allow":["GET"]}}],"collection":[{"href":"http:\/\/manhattanpcm.com\/pt-br\/wp-json\/wp\/v2\/pages"}],"about":[{"href":"http:\/\/manhattanpcm.com\/pt-br\/wp-json\/wp\/v2\/types\/page"}],"author":[{"embeddable":true,"href":"http:\/\/manhattanpcm.com\/pt-br\/wp-json\/wp\/v2\/users\/1"}],"replies":[{"embeddable":true,"href":"http:\/\/manhattanpcm.com\/pt-br\/wp-json\/wp\/v2\/comments?post=5288"}],"version-history":[{"count":4,"href":"http:\/\/manhattanpcm.com\/pt-br\/wp-json\/wp\/v2\/pages\/5288\/revisions"}],"predecessor-version":[{"id":6208,"href":"http:\/\/manhattanpcm.com\/pt-br\/wp-json\/wp\/v2\/pages\/5288\/revisions\/6208"}],"up":[{"embeddable":true,"href":"http:\/\/manhattanpcm.com\/pt-br\/wp-json\/wp\/v2\/pages\/5254"}],"wp:attachment":[{"href":"http:\/\/manhattanpcm.com\/pt-br\/wp-json\/wp\/v2\/media?parent=5288"}],"curies":[{"name":"wp","href":"https:\/\/api.w.org\/{rel}","templated":true}]}}