{"id":5284,"date":"2023-03-31T01:48:40","date_gmt":"2023-03-31T01:48:40","guid":{"rendered":"https:\/\/manhattanpcm.com\/negocios\/imoveis\/"},"modified":"2026-04-17T08:00:22","modified_gmt":"2026-04-17T08:00:22","slug":"imoveis","status":"publish","type":"page","link":"http:\/\/manhattanpcm.com\/pt-br\/negocios\/imoveis\/","title":{"rendered":"Im\u00f3veis"},"content":{"rendered":"<div>\n<h1>Navegando no Crescimento y Investimento<\/h1>\n<p>Im\u00f3veis<\/p>\n<div>O setor imobili\u00e1rio \u00e9 din\u00e2mico e em constante evolu\u00e7\u00e3o, apresentando imensas oportunidades de crescimento e investimento. Compreendemos os desafios \u00fanicos e o potencial do mercado imobili\u00e1rio.<\/div>\n<p><a href=\"#intro\"><span uk-icon=\"icon: chevron-down; ratio: 1\"> <\/span>  Scroll down for more<\/a><\/p>\n<\/div>\n<h2>Reconhecemos que o sucesso em im\u00f3veis exige uma abordagem multifacetada. Por isso, oferecemos muito mais do que apenas recursos financeiros.<\/h2>\n<div>\n<p>Apresentamos uma abordagem estrat\u00e9gica e abrangente para apoiar empreendimentos imobili\u00e1rios, fornecendo o capital necess\u00e1rio, conhecimentos espec\u00edficos do setor e expertise operacional para garantir prosperidade. Nosso objetivo \u00e9 capacitar as empresas de nosso portf\u00f3lio a atingirem todo o seu potencial, seja por meio de projetos inovadores de desenvolvimento imobili\u00e1rio, aproveitando solu\u00e7\u00f5es tecnol\u00f3gicas de ponta para opera\u00e7\u00f5es mais eficientes, ou otimizando estrat\u00e9gias de gest\u00e3o de ativos.<\/p>\n<p>Nossa equipe na Manhattan Private Credit Markets \u00e9 fortemente orientada a resultados. Muitas empresas de private equity podem afirmar isso, mas poucas conseguem entregar. A raz\u00e3o \u00e9 simples: nossa equipe \u00e9 composta apenas por profissionais capazes de deixar o ego de lado, que valorizam a cr\u00edtica construtiva e trabalham com m\u00e1xima efici\u00eancia. A Manhattan Private Credit Markets prioriza a entrega de valor aos investidores, construindo as melhores empresas e estrat\u00e9gias poss\u00edveis. Acreditamos que a cria\u00e7\u00e3o de valor \u00e9 alcan\u00e7ada por meio do envolvimento proativo e da gest\u00e3o ativa.<\/p>\n<p>Como sua porta de entrada para o crescimento financeiro, a gest\u00e3o pr\u00e1tica est\u00e1 no centro de nossa filosofia de investimento. Seja para o desenvolvimento de um novo centro de uso misto, a expans\u00e3o de ativos multifamiliares ou a diversifica\u00e7\u00e3o do portf\u00f3lio em setores alternativos do mercado imobili\u00e1rio, estamos comprometidos em fornecer a estrat\u00e9gia, o suporte e a expertise necess\u00e1rios para ajud\u00e1-lo a alcan\u00e7ar suas metas de crescimento.<\/p>\n<\/div>\n<p><img decoding=\"async\" src=\"\/wp-content\/uploads\/2023\/07\/img-real-estate-1-scaled.jpg\" alt=\"\"><\/p>\n<h2>Estrat\u00e9gias<\/h2>\n<div>Fornecemos insights valiosos sobre gest\u00e3o ativa e pr\u00e1tica, aproveitando expertise vertical aprofundada e utilizando solu\u00e7\u00f5es tecnol\u00f3gicas de ponta. Descubra classes de ativos alternativos e acompanhe as tend\u00eancias emergentes do setor imobili\u00e1rio para tomar decis\u00f5es informadas que maximizem o seu potencial de investimento.<\/div>\n<ul>\n<li>\n<p>        <img decoding=\"async\" src=\"\/wp-content\/uploads\/2023\/07\/icons_hands_on_management.svg\" alt=\"\"><\/p>\n<h3>1. Gest\u00e3o Ativa e Pr\u00e1tica<\/h3>\n<\/li>\n<li>\n<p>        <img decoding=\"async\" src=\"\/wp-content\/uploads\/2023\/07\/icons-real-estate_deep-vertical-expertise.svg\" alt=\"\"><\/p>\n<h3>2. Expertise Vertical Aprofundada<\/h3>\n<\/li>\n<li>\n<p>        <img decoding=\"async\" src=\"\/wp-content\/uploads\/2023\/07\/icons-software_emerging-technologies.svg\" alt=\"\"><\/p>\n<h3>3. Solu\u00e7\u00f5es Tecnol\u00f3gicas de Ponta<\/h3>\n<\/li>\n<li>\n<p>        <img decoding=\"async\" src=\"\/wp-content\/uploads\/2023\/07\/icons-cybersecurity-inflection-points.svg\" alt=\"\"><\/p>\n<h3>4. Classes de Ativos Alternativos<\/h3>\n<\/li>\n<li>\n<p>        <img decoding=\"async\" src=\"\/wp-content\/uploads\/2023\/07\/icons-real-estate_embracing-emergent-real.svg\" alt=\"\"><\/p>\n<h3>5. Ado\u00e7\u00e3o de Tend\u00eancias Emergentes em Imobili\u00e1rio<\/h3>\n<\/li>\n<\/ul>\n<p><!--more--><br \/>\n<!-- {\"type\":\"layout\",\"children\":[{\"name\":\"Hero\",\"type\":\"section\",\"props\":{\"animation\":\"slide-left-medium\",\"animation_delay\":\"100\",\"header_transparent\":true,\"header_transparent_noplaceholder\":false,\"header_transparent_text_color\":\"light\",\"height\":\"viewport\",\"height_offset_top\":true,\"image_effect\":\"parallax\",\"image_parallax_bgy\":\",-80\",\"image_position\":\"center-center\",\"image_size\":\"cover\",\"image_width\":\"2560\",\"overlap\":false,\"padding\":\"small\",\"padding_remove_bottom\":true,\"padding_remove_top\":false,\"preserve_color\":false,\"style\":\"primary\",\"title_breakpoint\":\"xl\",\"title_position\":\"top-left\",\"title_rotation\":\"left\",\"vertical_align\":\"bottom\",\"video\":\"wp-content\\\/uploads\\\/2026\\\/04\\\/5_oceans_partner_-_real_estate_header_v1-1440p.mp4\",\"video_height\":\"1080\",\"video_width\":\"1920\",\"width\":\"\"},\"children\":[{\"type\":\"row\",\"props\":{\"margin\":\"large\",\"margin_remove_top\":false,\"width\":\"xlarge\"},\"children\":[{\"type\":\"column\",\"props\":{\"image_position\":\"center-center\",\"position_sticky_breakpoint\":\"m\"},\"children\":[{\"type\":\"module\",\"props\":{\"css\":\".el-element {\\n    z-index: 5 !important;\\n}\",\"maxwidth\":\"medium\",\"menu_image_align\":\"center\",\"menu_image_margin\":true,\"menu_style\":\"default\",\"menu_type\":\"nav\",\"type\":\"nav_menu\",\"visibility\":\"m\",\"widget\":\"nav_menu-15\"}}]}]},{\"type\":\"row\",\"children\":[{\"type\":\"column\",\"props\":{\"image_position\":\"center-center\",\"position_sticky_breakpoint\":\"m\",\"vertical_align\":\"bottom\",\"width_medium\":\"2-5\"},\"children\":[{\"type\":\"panel\",\"props\":{\"animation\":\"fade\",\"content\":\"O setor imobili\\u00e1rio \\u00e9 din\\u00e2mico e em constante evolu\\u00e7\\u00e3o, apresentando imensas oportunidades de crescimento e investimento. Compreendemos os desafios \\u00fanicos e o potencial do mercado imobili\\u00e1rio.\",\"content_column_breakpoint\":\"m\",\"icon_width\":80,\"image_align\":\"top\",\"image_grid_breakpoint\":\"m\",\"image_grid_width\":\"1-2\",\"image_svg_color\":\"emphasis\",\"link\":\"#intro\",\"link_margin\":\"medium\",\"link_style\":\"link-muted\",\"link_text\":\"<span uk-icon=\\\"icon: chevron-down; ratio: 1\\\"> <\\\/span>  Scroll down for more\",\"margin\":\"default\",\"maxwidth\":\"xlarge\",\"meta\":\"Im\\u00f3veis\",\"meta_align\":\"above-title\",\"meta_element\":\"div\",\"meta_style\":\"\",\"panel_padding\":\"large\",\"panel_style\":\"card-secondary\",\"title\":\"Navegando no Crescimento y Investimento\",\"title_align\":\"top\",\"title_element\":\"h1\",\"title_grid_breakpoint\":\"m\",\"title_grid_width\":\"1-2\",\"title_hover_style\":\"reset\",\"title_margin\":\"small\",\"title_style\":\"h1\"}}]},{\"type\":\"column\",\"props\":{\"image_position\":\"center-center\",\"position_sticky_breakpoint\":\"m\",\"width_medium\":\"3-5\"}}],\"props\":{\"layout\":\"2-5,3-5\",\"margin_remove_bottom\":true,\"match\":false}}]},{\"type\":\"section\",\"props\":{\"animation\":\"fade\",\"animation_delay\":\"100\",\"id\":\"intro\",\"image_position\":\"center-center\",\"padding\":\"xlarge\",\"padding_remove_bottom\":false,\"padding_remove_top\":true,\"style\":\"muted\",\"title_breakpoint\":\"xl\",\"title_position\":\"top-left\",\"title_rotation\":\"left\",\"vertical_align\":\"\",\"width\":\"xlarge\"},\"children\":[{\"type\":\"row\",\"props\":{\"column_gap\":\"collapse\"},\"children\":[{\"type\":\"column\",\"props\":{\"image_position\":\"center-center\",\"position_sticky\":\"section\",\"position_sticky_breakpoint\":\"m\",\"position_sticky_offset\":\"0\"}}]},{\"type\":\"row\",\"props\":{\"column_gap\":\"large\",\"layout\":\"1-4,3-4\",\"margin\":\"xlarge\"},\"children\":[{\"type\":\"column\",\"props\":{\"image_position\":\"center-center\",\"position_sticky\":\"section\",\"position_sticky_breakpoint\":\"m\",\"position_sticky_offset\":\"100\",\"width_medium\":\"1-4\"},\"children\":[{\"type\":\"headline\",\"props\":{\"title_element\":\"h3\",\"title_style\":\"h3\",\"visibility\":\"m\"},\"source\":{\"query\":{\"name\":\"pages.singlePage\"},\"props\":{\"content\":{\"filters\":{\"search\":\"\"},\"name\":\"title\"}}}},{\"type\":\"nav\",\"props\":{\"grid\":\"1\",\"grid_divider\":false,\"image_vertical_align\":false,\"nav_style\":\"default\",\"show_image\":true,\"show_meta\":true,\"visibility\":\"m\"},\"children\":[{\"type\":\"nav_item\",\"source\":{\"query\":{\"name\":\"customMenuItems\",\"arguments\":{\"id\":6,\"parent\":\"\",\"heading\":\"\",\"include_heading\":true}},\"props\":{\"content\":{\"filters\":{\"search\":\"\"},\"name\":\"title\"},\"link\":{\"filters\":{\"search\":\"\"},\"name\":\"url\"},\"active\":{\"filters\":{\"search\":\"\"},\"name\":\"active\"}}}}]}]},{\"type\":\"column\",\"props\":{\"image_position\":\"center-center\",\"position_sticky_breakpoint\":\"m\",\"width_medium\":\"3-4\"},\"children\":[{\"type\":\"fragment\",\"children\":[{\"type\":\"row\",\"children\":[{\"type\":\"column\",\"props\":{\"image_position\":\"center-center\",\"position_sticky_breakpoint\":\"m\"},\"children\":[{\"type\":\"headline\",\"props\":{\"content\":\"Reconhecemos que o sucesso em im\\u00f3veis exige uma abordagem multifacetada. Por isso, oferecemos muito mais do que apenas recursos financeiros.\",\"id\":\"overview\",\"maxwidth\":\"2xlarge\",\"title_element\":\"h2\",\"title_style\":\"h2\"}},{\"type\":\"text\",\"props\":{\"column_breakpoint\":\"m\",\"content\":\"\n\n<p>Apresentamos uma abordagem estrat\\u00e9gica e abrangente para apoiar empreendimentos imobili\\u00e1rios, fornecendo o capital necess\\u00e1rio, conhecimentos espec\\u00edficos do setor e expertise operacional para garantir prosperidade. Nosso objetivo \\u00e9 capacitar as empresas de nosso portf\\u00f3lio a atingirem todo o seu potencial, seja por meio de projetos inovadores de desenvolvimento imobili\\u00e1rio, aproveitando solu\\u00e7\\u00f5es tecnol\\u00f3gicas de ponta para opera\\u00e7\\u00f5es mais eficientes, ou otimizando estrat\\u00e9gias de gest\\u00e3o de ativos.<\\\/p>\\n\n\n<p>Nossa equipe na Manhattan Private Credit Markets \\u00e9 fortemente orientada a resultados. Muitas empresas de private equity podem afirmar isso, mas poucas conseguem entregar. A raz\\u00e3o \\u00e9 simples: nossa equipe \\u00e9 composta apenas por profissionais capazes de deixar o ego de lado, que valorizam a cr\\u00edtica construtiva e trabalham com m\\u00e1xima efici\\u00eancia. A Manhattan Private Credit Markets prioriza a entrega de valor aos investidores, construindo as melhores empresas e estrat\\u00e9gias poss\\u00edveis. Acreditamos que a cria\\u00e7\\u00e3o de valor \\u00e9 alcan\\u00e7ada por meio do envolvimento proativo e da gest\\u00e3o ativa.<\\\/p>\\n\n\n<p>Como sua porta de entrada para o crescimento financeiro, a gest\\u00e3o pr\\u00e1tica est\\u00e1 no centro de nossa filosofia de investimento. Seja para o desenvolvimento de um novo centro de uso misto, a expans\\u00e3o de ativos multifamiliares ou a diversifica\\u00e7\\u00e3o do portf\\u00f3lio em setores alternativos do mercado imobili\\u00e1rio, estamos comprometidos em fornecer a estrat\\u00e9gia, o suporte e a expertise necess\\u00e1rios para ajud\\u00e1-lo a alcan\\u00e7ar suas metas de crescimento.<\\\/p>\",\"margin\":\"medium\",\"maxwidth\":\"2xlarge\"}}]}],\"props\":{\"column_gap\":\"large\",\"id\":\"overview\"}},{\"type\":\"row\",\"props\":{\"margin\":\"large\"},\"children\":[{\"type\":\"column\",\"props\":{\"image_position\":\"center-center\",\"position_sticky_breakpoint\":\"m\"},\"children\":[{\"type\":\"image\",\"props\":{\"image\":\"wp-content\\\/uploads\\\/2023\\\/07\\\/img-real-estate-1-scaled.jpg\",\"image_svg_color\":\"emphasis\",\"margin\":\"large\",\"maxwidth\":\"2xlarge\",\"parallax_breakpoint\":\"m\",\"parallax_y\":\"-60,240\"}}]}]},{\"type\":\"row\",\"props\":{\"margin\":\"xlarge\"},\"children\":[{\"type\":\"column\",\"props\":{\"image_position\":\"center-center\",\"position_sticky_breakpoint\":\"m\"},\"children\":[{\"type\":\"headline\",\"props\":{\"content\":\"Estrat\\u00e9gias\",\"id\":\"strategies\",\"title_element\":\"h2\",\"title_style\":\"h3\"}},{\"type\":\"text\",\"props\":{\"column_breakpoint\":\"m\",\"content\":\"Fornecemos insights valiosos sobre gest\\u00e3o ativa e pr\\u00e1tica, aproveitando expertise vertical aprofundada e utilizando solu\\u00e7\\u00f5es tecnol\\u00f3gicas de ponta. Descubra classes de ativos alternativos e acompanhe as tend\\u00eancias emergentes do setor imobili\\u00e1rio para tomar decis\\u00f5es informadas que maximizem o seu potencial de investimento.\",\"margin\":\"default\",\"maxwidth\":\"2xlarge\"}},{\"type\":\"grid\",\"props\":{\"content_column_breakpoint\":\"m\",\"filter_align\":\"left\",\"filter_all\":true,\"filter_grid_breakpoint\":\"m\",\"filter_grid_width\":\"auto\",\"filter_position\":\"top\",\"filter_style\":\"tab\",\"grid_column_gap\":\"large\",\"grid_default\":\"1\",\"grid_large\":\"3\",\"grid_medium\":\"2\",\"grid_row_gap\":\"large\",\"icon_width\":80,\"id\":\"strategies\",\"image_align\":\"top\",\"image_grid_breakpoint\":\"m\",\"image_grid_width\":\"1-2\",\"image_svg_color\":\"emphasis\",\"image_width\":\"75\",\"item_animation\":true,\"lightbox_bg_close\":true,\"link_style\":\"default\",\"link_text\":\"Read more\",\"margin\":\"large\",\"meta_align\":\"below-title\",\"meta_element\":\"div\",\"meta_style\":\"text-meta\",\"show_content\":true,\"show_hover_image\":true,\"show_hover_video\":true,\"show_image\":true,\"show_link\":true,\"show_meta\":true,\"show_title\":true,\"show_video\":true,\"title_align\":\"top\",\"title_element\":\"h3\",\"title_grid_breakpoint\":\"m\",\"title_grid_width\":\"1-2\",\"title_hover_style\":\"reset\"},\"children\":[{\"type\":\"grid_item\",\"props\":{\"content\":\"\",\"image\":\"wp-content\\\/uploads\\\/2023\\\/07\\\/icons_hands_on_management.svg\",\"title\":\"1. Gest\\u00e3o Ativa e Pr\\u00e1tica\"}},{\"type\":\"grid_item\",\"props\":{\"content\":\"\",\"image\":\"wp-content\\\/uploads\\\/2023\\\/07\\\/icons-real-estate_deep-vertical-expertise.svg\",\"title\":\"2. Expertise Vertical Aprofundada\"}},{\"type\":\"grid_item\",\"props\":{\"content\":\"\",\"image\":\"wp-content\\\/uploads\\\/2023\\\/07\\\/icons-software_emerging-technologies.svg\",\"title\":\"3. Solu\\u00e7\\u00f5es Tecnol\\u00f3gicas de Ponta\"}},{\"type\":\"grid_item\",\"props\":{\"content\":\"\",\"image\":\"wp-content\\\/uploads\\\/2023\\\/07\\\/icons-cybersecurity-inflection-points.svg\",\"title\":\"4. Classes de Ativos Alternativos\"}},{\"type\":\"grid_item\",\"props\":{\"content\":\"\",\"image\":\"wp-content\\\/uploads\\\/2023\\\/07\\\/icons-real-estate_embracing-emergent-real.svg\",\"title\":\"5. Ado\\u00e7\\u00e3o de Tend\\u00eancias Emergentes em Imobili\\u00e1rio\"}}]}]}]}],\"props\":{\"margin\":\"default\"}}]}]}]},{\"type\":\"section\",\"props\":{\"animation\":\"fade\",\"animation_delay\":\"100\",\"id\":\"portfolio\",\"image_position\":\"center-center\",\"padding\":\"large\",\"padding_remove_top\":false,\"status\":\"disabled\",\"style\":\"muted\",\"title_breakpoint\":\"xl\",\"title_position\":\"top-left\",\"title_rotation\":\"left\",\"vertical_align\":\"\",\"width\":\"xlarge\"},\"children\":[{\"type\":\"row\",\"children\":[{\"type\":\"column\",\"props\":{\"image_position\":\"center-center\",\"position_sticky_breakpoint\":\"m\",\"width_medium\":\"1-4\"}},{\"type\":\"column\",\"props\":{\"image_position\":\"center-center\",\"position_sticky_breakpoint\":\"m\",\"width_medium\":\"3-4\"},\"children\":[{\"type\":\"headline\",\"props\":{\"content\":\"Portfolio\",\"title_element\":\"h2\",\"title_style\":\"h3\"}},{\"type\":\"panel-slider\",\"props\":{\"content_column_breakpoint\":\"m\",\"icon_width\":80,\"image_align\":\"left\",\"image_grid_breakpoint\":\"m\",\"image_grid_column_gap\":\"large\",\"image_grid_width\":\"auto\",\"image_svg_color\":\"emphasis\",\"image_vertical_align\":true,\"link_style\":\"default\",\"link_text\":\"Read more\",\"margin\":\"medium\",\"meta_align\":\"below-title\",\"meta_element\":\"div\",\"meta_style\":\"text-meta\",\"nav\":\"dotnav\",\"nav_align\":\"right\",\"nav_breakpoint\":\"\",\"panel_match\":true,\"panel_padding\":\"default\",\"panel_style\":\"card-default\",\"show_content\":true,\"show_hover_image\":true,\"show_hover_video\":true,\"show_image\":true,\"show_link\":true,\"show_meta\":true,\"show_title\":true,\"show_video\":true,\"slidenav\":\"bottom-right\",\"slidenav_breakpoint\":\"\",\"slidenav_margin\":\"\",\"slidenav_outside_breakpoint\":\"xl\",\"slider_autoplay\":true,\"slider_autoplay_interval\":\"3\",\"slider_autoplay_pause\":true,\"slider_gap\":\"default\",\"slider_velocity\":\"0.5\",\"slider_width\":\"fixed\",\"slider_width_default\":\"1-1\",\"slider_width_medium\":\"1-2\",\"title_align\":\"top\",\"title_element\":\"h5\",\"title_grid_breakpoint\":\"m\",\"title_grid_width\":\"1-2\",\"title_hover_style\":\"reset\",\"title_style\":\"h5\"},\"children\":[{\"type\":\"panel-slider_item\",\"props\":{\"content\":\"Lorem ipsum dolor sit amet consectetur adipiscing eli.\",\"image\":\"wp-content\\\/uploads\\\/yootheme\\\/development-partners-02.svg\",\"title\":\"Lorem ipsum dolor sit amet\"}},{\"type\":\"panel-slider_item\",\"props\":{\"content\":\"Lorem ipsum dolor sit amet consectetur adipiscing eli.\",\"image\":\"wp-content\\\/uploads\\\/yootheme\\\/development-partners-02.svg\",\"title\":\"Lorem ipsum dolor sit amet\"}},{\"type\":\"panel-slider_item\",\"props\":{\"content\":\"Lorem ipsum dolor sit amet consectetur adipiscing eli.\",\"image\":\"wp-content\\\/uploads\\\/yootheme\\\/development-partners-02.svg\",\"title\":\"Lorem ipsum dolor sit amet\"}},{\"type\":\"panel-slider_item\",\"props\":{\"content\":\"Lorem ipsum dolor sit amet consectetur adipiscing eli.\",\"image\":\"wp-content\\\/uploads\\\/yootheme\\\/development-partners-02.svg\",\"title\":\"Lorem ipsum dolor sit amet\"}}]}]}],\"props\":{\"layout\":\"1-4,3-4\"}}],\"name\":\"portfolio\"}],\"version\":\"4.5.24\"} --><\/p>\n","protected":false},"excerpt":{"rendered":"<p>Navegando no Crescimento y Investimento Im\u00f3veis O setor imobili\u00e1rio \u00e9 din\u00e2mico e em constante evolu\u00e7\u00e3o, apresentando imensas oportunidades de crescimento e investimento. Compreendemos os desafios \u00fanicos e o potencial do mercado imobili\u00e1rio. Scroll down for more Reconhecemos que o sucesso em im\u00f3veis exige uma abordagem multifacetada. Por isso, oferecemos muito mais do que apenas recursos [&hellip;]<\/p>\n","protected":false},"author":1,"featured_media":0,"parent":5254,"menu_order":0,"comment_status":"closed","ping_status":"closed","template":"","meta":{"_acf_changed":false,"footnotes":""},"class_list":["post-5284","page","type-page","status-publish","hentry"],"acf":[],"jetpack_sharing_enabled":true,"_links":{"self":[{"href":"http:\/\/manhattanpcm.com\/pt-br\/wp-json\/wp\/v2\/pages\/5284","targetHints":{"allow":["GET"]}}],"collection":[{"href":"http:\/\/manhattanpcm.com\/pt-br\/wp-json\/wp\/v2\/pages"}],"about":[{"href":"http:\/\/manhattanpcm.com\/pt-br\/wp-json\/wp\/v2\/types\/page"}],"author":[{"embeddable":true,"href":"http:\/\/manhattanpcm.com\/pt-br\/wp-json\/wp\/v2\/users\/1"}],"replies":[{"embeddable":true,"href":"http:\/\/manhattanpcm.com\/pt-br\/wp-json\/wp\/v2\/comments?post=5284"}],"version-history":[{"count":4,"href":"http:\/\/manhattanpcm.com\/pt-br\/wp-json\/wp\/v2\/pages\/5284\/revisions"}],"predecessor-version":[{"id":6210,"href":"http:\/\/manhattanpcm.com\/pt-br\/wp-json\/wp\/v2\/pages\/5284\/revisions\/6210"}],"up":[{"embeddable":true,"href":"http:\/\/manhattanpcm.com\/pt-br\/wp-json\/wp\/v2\/pages\/5254"}],"wp:attachment":[{"href":"http:\/\/manhattanpcm.com\/pt-br\/wp-json\/wp\/v2\/media?parent=5284"}],"curies":[{"name":"wp","href":"https:\/\/api.w.org\/{rel}","templated":true}]}}