{"id":5265,"date":"2023-03-31T01:50:12","date_gmt":"2023-03-31T01:50:12","guid":{"rendered":"https:\/\/manhattanpcm.com\/negocios\/software\/"},"modified":"2026-04-17T08:00:33","modified_gmt":"2026-04-17T08:00:33","slug":"software","status":"publish","type":"page","link":"http:\/\/manhattanpcm.com\/pt-br\/negocios\/software\/","title":{"rendered":"Software"},"content":{"rendered":"<div>\n<h1>Potenciando Empreendimentos de Software a N\u00edvel Global<\/h1>\n<p>Software<\/p>\n<div>Desbloquear oportunidades de investimento em software a n\u00edvel mundial \u00e9 a nossa ess\u00eancia \u2014 a inova\u00e7\u00e3o \u00e9 o nosso n\u00facleo. Possu\u00edmos expertise em tecnologias de software, o que nos permite identificar e apoiar empreendimentos promissores com recursos e orienta\u00e7\u00e3o estrat\u00e9gica.<\/div>\n<p><a href=\"#intro\"><span uk-icon=\"icon: chevron-down; ratio: 1\"> <\/span>  Scroll down for more<\/a><\/p>\n<\/div>\n<h2>Somos a sua porta de entrada para o mundo das oportunidades de investimento em software; a inova\u00e7\u00e3o est\u00e1 no cerne do que fazemos.<\/h2>\n<div>\n<p>Uma compreens\u00e3o profunda das tecnologias de software permite-nos identificar empreendimentos promissores e fornecer-lhes o apoio financeiro e a orienta\u00e7\u00e3o estrat\u00e9gica de que necessitam para prosperar. Ao estabelecer parcerias com inovadores em software, visamos apoiar o desenvolvimento de tecnologias disruptivas que respondem a necessidades de mercado ainda n\u00e3o satisfeitas.<\/p>\n<p>Dada a nossa incans\u00e1vel dedica\u00e7\u00e3o \u00e0 maximiza\u00e7\u00e3o de resultados, um Ponto de Inflex\u00e3o de cada vez, na Manhattan Private Credit Markets utilizamos uma abordagem de gest\u00e3o h\u00edbrida que envolve estrat\u00e9gias em n\u00edvel macro e micro. \u201cEntramos nos detalhes\u201d, pois acreditamos que uma compreens\u00e3o abrangente dos modelos de neg\u00f3cio das empresas do nosso portf\u00f3lio \u00e9 essencial, sem nunca perder de vista a vis\u00e3o global.<\/p>\n<p>Reconhecemos que investir numa empresa de software promissora \u00e9 mais do que simplesmente fornecer capital financeiro. A nossa equipa na Manhattan Private Credit Markets \u00e9 profundamente orientada para resultados. Muitos afirmam isso, mas poucos conseguem entregar. A raz\u00e3o pela qual o conseguimos est\u00e1 no facto de a nossa equipa ser composta apenas por pessoas capazes de deixar o ego de lado, de aceitar e oferecer cr\u00edticas construtivas, e de maximizar a efici\u00eancia. A Manhattan Private Credit Markets tem este tipo de foco porque prioriza oferecer valor aos seus investidores atrav\u00e9s da constru\u00e7\u00e3o das melhores empresas e estrat\u00e9gias poss\u00edveis. E isso exige uma equipa \u00fanica, dedicada e apaixonada pelo seu trabalho.<\/p>\n<\/div>\n<p><img decoding=\"async\" src=\"\/wp-content\/uploads\/2023\/07\/img-software.jpg\" alt=\"\"><\/p>\n<h2>Estrat\u00e9gias<\/h2>\n<div>Oferecemos gest\u00e3o ativa com especialistas de \u00e1rea integrados nas nossas empresas de portf\u00f3lio. Com uma base s\u00f3lida em Propriedade Intelectual, otimizamos ativamente portf\u00f3lios de PI, apoiamos a aquisi\u00e7\u00e3o de talentos e procuramos empresas de software que lideram tecnologias emergentes para gerar impacto significativo no mercado.<\/div>\n<ul>\n<li>\n<p>        <img decoding=\"async\" src=\"\/wp-content\/uploads\/2023\/07\/icons_hands_on_management.svg\" alt=\"\"><\/p>\n<div>Os nossos especialistas de \u00e1rea est\u00e3o integrados nas equipas de gest\u00e3o das empresas do nosso portf\u00f3lio.<\/div>\n<\/li>\n<li>\n<p>        <img decoding=\"async\" src=\"\/wp-content\/uploads\/2023\/07\/icons_ip_portfolio_optimization.svg\" alt=\"\"><\/p>\n<h3>2. Otimiza\u00e7\u00e3o de Portf\u00f3lio de PI<\/h3>\n<div>Com ra\u00edzes firmemente alicer\u00e7adas na Propriedade Intelectual, trabalhamos ativamente com as nossas empresas de portf\u00f3lio para identificar, proteger e maximizar o valor dos seus ativos de PI.<\/div>\n<\/li>\n<li>\n<p>        <img decoding=\"async\" src=\"\/wp-content\/uploads\/2023\/07\/icons_legal_strategy.svg\" alt=\"\"><\/p>\n<h3>3. Talent3. Talento<\/h3>\n<div>Um dos maiores desafios enfrentados pelas empresas de software \u00e9 a escassez de talentos. Apoiamo-las na atra\u00e7\u00e3o e reten\u00e7\u00e3o dos melhores profissionais da \u00e1rea.<\/div>\n<\/li>\n<li>\n<p>        <img decoding=\"async\" src=\"\/wp-content\/uploads\/2023\/07\/icons-software_emerging-technologies.svg\" alt=\"\"><\/p>\n<h3>4. Tecnologias Emergentes<\/h3>\n<div>Concentramos-nos em empresas de software na vanguarda de tecnologias inovadoras, com potencial para transformar ind\u00fastrias e gerar impacto significativo no mercado.<\/div>\n<\/li>\n<\/ul>\n<p><!--more--><br \/>\n<!-- {\"type\":\"layout\",\"children\":[{\"name\":\"Hero\",\"type\":\"section\",\"props\":{\"animation\":\"slide-left-medium\",\"animation_delay\":\"100\",\"header_transparent\":true,\"header_transparent_noplaceholder\":false,\"header_transparent_text_color\":\"light\",\"height\":\"viewport\",\"height_offset_top\":true,\"image_effect\":\"parallax\",\"image_parallax_bgy\":\",-80\",\"image_position\":\"center-center\",\"image_size\":\"cover\",\"image_width\":\"2560\",\"overlap\":false,\"padding\":\"small\",\"padding_remove_bottom\":true,\"padding_remove_top\":false,\"preserve_color\":false,\"style\":\"primary\",\"title_breakpoint\":\"xl\",\"title_position\":\"top-left\",\"title_rotation\":\"left\",\"vertical_align\":\"bottom\",\"video\":\"wp-content\\\/uploads\\\/2026\\\/04\\\/5_oceans_partner_-_equity_header_video_v1-1080p.mp4\",\"video_height\":\"1080\",\"video_width\":\"1920\",\"width\":\"\"},\"children\":[{\"type\":\"row\",\"props\":{\"margin\":\"large\",\"margin_remove_top\":false,\"width\":\"xlarge\"},\"children\":[{\"type\":\"column\",\"props\":{\"image_position\":\"center-center\",\"position_sticky_breakpoint\":\"m\"},\"children\":[{\"type\":\"module\",\"props\":{\"css\":\".el-element {\\n    z-index: 5 !important;\\n}\",\"maxwidth\":\"medium\",\"menu_image_align\":\"center\",\"menu_image_margin\":true,\"menu_style\":\"default\",\"menu_type\":\"nav\",\"type\":\"nav_menu\",\"visibility\":\"m\",\"widget\":\"nav_menu-15\"}}]}]},{\"type\":\"row\",\"children\":[{\"type\":\"column\",\"props\":{\"image_position\":\"center-center\",\"position_sticky_breakpoint\":\"m\",\"vertical_align\":\"bottom\",\"width_medium\":\"2-5\"},\"children\":[{\"type\":\"panel\",\"props\":{\"animation\":\"fade\",\"content\":\"Desbloquear oportunidades de investimento em software a n\\u00edvel mundial \\u00e9 a nossa ess\\u00eancia \\u2014 a inova\\u00e7\\u00e3o \\u00e9 o nosso n\\u00facleo. Possu\\u00edmos expertise em tecnologias de software, o que nos permite identificar e apoiar empreendimentos promissores com recursos e orienta\\u00e7\\u00e3o estrat\\u00e9gica.\",\"content_column_breakpoint\":\"m\",\"icon_width\":80,\"image_align\":\"top\",\"image_grid_breakpoint\":\"m\",\"image_grid_width\":\"1-2\",\"image_svg_color\":\"emphasis\",\"link\":\"#intro\",\"link_margin\":\"medium\",\"link_style\":\"link-muted\",\"link_text\":\"<span uk-icon=\\\"icon: chevron-down; ratio: 1\\\"> <\\\/span>  Scroll down for more\",\"margin\":\"default\",\"maxwidth\":\"xlarge\",\"meta\":\"Software\",\"meta_align\":\"above-title\",\"meta_element\":\"div\",\"meta_style\":\"\",\"panel_padding\":\"large\",\"panel_style\":\"card-secondary\",\"title\":\"Potenciando Empreendimentos de Software a N\\u00edvel Global\",\"title_align\":\"top\",\"title_element\":\"h1\",\"title_grid_breakpoint\":\"m\",\"title_grid_width\":\"1-2\",\"title_hover_style\":\"reset\",\"title_style\":\"h1\"}}]},{\"type\":\"column\",\"props\":{\"image_position\":\"center-center\",\"position_sticky_breakpoint\":\"m\",\"width_medium\":\"3-5\"}}],\"props\":{\"layout\":\"2-5,3-5\",\"margin_remove_bottom\":true,\"match\":false}}]},{\"type\":\"section\",\"props\":{\"animation\":\"fade\",\"animation_delay\":\"100\",\"id\":\"intro\",\"image_position\":\"center-center\",\"padding\":\"xlarge\",\"padding_remove_bottom\":false,\"padding_remove_top\":true,\"style\":\"muted\",\"title_breakpoint\":\"xl\",\"title_position\":\"top-left\",\"title_rotation\":\"left\",\"vertical_align\":\"\",\"width\":\"xlarge\"},\"children\":[{\"type\":\"row\",\"props\":{\"column_gap\":\"collapse\"},\"children\":[{\"type\":\"column\",\"props\":{\"image_position\":\"center-center\",\"position_sticky\":\"section\",\"position_sticky_breakpoint\":\"m\",\"position_sticky_offset\":\"0\"}}]},{\"type\":\"row\",\"props\":{\"column_gap\":\"large\",\"layout\":\"1-4,3-4\",\"margin\":\"xlarge\"},\"children\":[{\"type\":\"column\",\"props\":{\"image_position\":\"center-center\",\"position_sticky\":\"section\",\"position_sticky_breakpoint\":\"m\",\"position_sticky_offset\":\"100\",\"width_medium\":\"1-4\"},\"children\":[{\"type\":\"headline\",\"props\":{\"title_element\":\"h3\",\"title_style\":\"h3\",\"visibility\":\"m\"},\"source\":{\"query\":{\"name\":\"pages.singlePage\"},\"props\":{\"content\":{\"filters\":{\"search\":\"\"},\"name\":\"title\"}}}},{\"type\":\"nav\",\"props\":{\"grid\":\"1\",\"grid_divider\":false,\"image_vertical_align\":false,\"nav_style\":\"default\",\"show_image\":true,\"show_meta\":true,\"visibility\":\"m\"},\"children\":[{\"type\":\"nav_item\",\"source\":{\"query\":{\"name\":\"customMenuItems\",\"arguments\":{\"id\":6,\"parent\":\"\",\"heading\":\"\",\"include_heading\":true}},\"props\":{\"content\":{\"filters\":{\"search\":\"\"},\"name\":\"title\"},\"link\":{\"filters\":{\"search\":\"\"},\"name\":\"url\"},\"active\":{\"filters\":{\"search\":\"\"},\"name\":\"active\"}}}}]}]},{\"type\":\"column\",\"props\":{\"image_position\":\"center-center\",\"position_sticky_breakpoint\":\"m\",\"width_medium\":\"3-4\"},\"children\":[{\"type\":\"fragment\",\"children\":[{\"type\":\"row\",\"children\":[{\"type\":\"column\",\"props\":{\"image_position\":\"center-center\",\"position_sticky_breakpoint\":\"m\",\"width_medium\":\"3-5\"},\"children\":[{\"type\":\"headline\",\"props\":{\"content\":\"Somos a sua porta de entrada para o mundo das oportunidades de investimento em software; a inova\\u00e7\\u00e3o est\\u00e1 no cerne do que fazemos.\",\"id\":\"overview\",\"title_element\":\"h2\",\"title_style\":\"h2\"}},{\"type\":\"text\",\"props\":{\"column_breakpoint\":\"m\",\"content\":\"\n\n<p>Uma compreens\\u00e3o profunda das tecnologias de software permite-nos identificar empreendimentos promissores e fornecer-lhes o apoio financeiro e a orienta\\u00e7\\u00e3o estrat\\u00e9gica de que necessitam para prosperar. Ao estabelecer parcerias com inovadores em software, visamos apoiar o desenvolvimento de tecnologias disruptivas que respondem a necessidades de mercado ainda n\\u00e3o satisfeitas.<\\\/p>\\n\n\n<p>Dada a nossa incans\\u00e1vel dedica\\u00e7\\u00e3o \\u00e0 maximiza\\u00e7\\u00e3o de resultados, um Ponto de Inflex\\u00e3o de cada vez, na Manhattan Private Credit Markets utilizamos uma abordagem de gest\\u00e3o h\\u00edbrida que envolve estrat\\u00e9gias em n\\u00edvel macro e micro. \\u201cEntramos nos detalhes\\u201d, pois acreditamos que uma compreens\\u00e3o abrangente dos modelos de neg\\u00f3cio das empresas do nosso portf\\u00f3lio \\u00e9 essencial, sem nunca perder de vista a vis\\u00e3o global.<\\\/p>\\n\n\n<p>Reconhecemos que investir numa empresa de software promissora \\u00e9 mais do que simplesmente fornecer capital financeiro. A nossa equipa na Manhattan Private Credit Markets \\u00e9 profundamente orientada para resultados. Muitos afirmam isso, mas poucos conseguem entregar. A raz\\u00e3o pela qual o conseguimos est\\u00e1 no facto de a nossa equipa ser composta apenas por pessoas capazes de deixar o ego de lado, de aceitar e oferecer cr\\u00edticas construtivas, e de maximizar a efici\\u00eancia. A Manhattan Private Credit Markets tem este tipo de foco porque prioriza oferecer valor aos seus investidores atrav\\u00e9s da constru\\u00e7\\u00e3o das melhores empresas e estrat\\u00e9gias poss\\u00edveis. E isso exige uma equipa \\u00fanica, dedicada e apaixonada pelo seu trabalho.<\\\/p>\",\"margin\":\"medium\",\"maxwidth\":\"xlarge\"}}]},{\"type\":\"column\",\"props\":{\"image_position\":\"center-center\",\"position_sticky_breakpoint\":\"m\",\"width_medium\":\"2-5\"},\"children\":[{\"type\":\"image\",\"props\":{\"animation\":\"parallax\",\"image\":\"wp-content\\\/uploads\\\/2023\\\/07\\\/img-software.jpg\",\"image_svg_color\":\"emphasis\",\"image_width\":\"400\",\"margin\":\"default\",\"parallax_breakpoint\":\"m\",\"parallax_y\":\",160\"}}]}],\"props\":{\"column_gap\":\"large\",\"id\":\"overview\",\"layout\":\"3-5,2-5\"}},{\"type\":\"row\",\"props\":{\"margin\":\"xlarge\"},\"children\":[{\"type\":\"column\",\"props\":{\"image_position\":\"center-center\",\"position_sticky_breakpoint\":\"m\"},\"children\":[{\"type\":\"headline\",\"props\":{\"content\":\"Estrat\\u00e9gias\",\"id\":\"strategies\",\"title_element\":\"h2\",\"title_style\":\"h3\"}},{\"type\":\"text\",\"props\":{\"column_breakpoint\":\"m\",\"content\":\"Oferecemos gest\\u00e3o ativa com especialistas de \\u00e1rea integrados nas nossas empresas de portf\\u00f3lio. Com uma base s\\u00f3lida em Propriedade Intelectual, otimizamos ativamente portf\\u00f3lios de PI, apoiamos a aquisi\\u00e7\\u00e3o de talentos e procuramos empresas de software que lideram tecnologias emergentes para gerar impacto significativo no mercado.\",\"margin\":\"default\",\"maxwidth\":\"xlarge\"}},{\"type\":\"grid\",\"props\":{\"content_column_breakpoint\":\"m\",\"content_margin\":\"small\",\"filter_align\":\"left\",\"filter_all\":true,\"filter_grid_breakpoint\":\"m\",\"filter_grid_width\":\"auto\",\"filter_position\":\"top\",\"filter_style\":\"tab\",\"grid_column_gap\":\"large\",\"grid_default\":\"1\",\"grid_medium\":\"2\",\"grid_row_gap\":\"large\",\"icon_width\":80,\"id\":\"strategies\",\"image_align\":\"top\",\"image_grid_breakpoint\":\"m\",\"image_grid_width\":\"1-2\",\"image_svg_color\":\"emphasis\",\"image_width\":\"75\",\"item_animation\":true,\"lightbox_bg_close\":true,\"link_style\":\"default\",\"link_text\":\"Read more\",\"margin\":\"large\",\"maxwidth\":\"2xlarge\",\"meta_align\":\"below-title\",\"meta_element\":\"div\",\"meta_style\":\"text-meta\",\"show_content\":true,\"show_hover_image\":true,\"show_hover_video\":true,\"show_image\":true,\"show_link\":true,\"show_meta\":true,\"show_title\":true,\"show_video\":true,\"title_align\":\"top\",\"title_element\":\"h3\",\"title_grid_breakpoint\":\"m\",\"title_grid_width\":\"1-2\",\"title_hover_style\":\"reset\"},\"children\":[{\"type\":\"grid_item\",\"props\":{\"content\":\"Os nossos especialistas de \\u00e1rea est\\u00e3o integrados nas equipas de gest\\u00e3o das empresas do nosso portf\\u00f3lio.\",\"image\":\"wp-content\\\/uploads\\\/2023\\\/07\\\/icons_hands_on_management.svg\",\"title\":\"\"}},{\"type\":\"grid_item\",\"props\":{\"content\":\"Com ra\\u00edzes firmemente alicer\\u00e7adas na Propriedade Intelectual, trabalhamos ativamente com as nossas empresas de portf\\u00f3lio para identificar, proteger e maximizar o valor dos seus ativos de PI.\",\"image\":\"wp-content\\\/uploads\\\/2023\\\/07\\\/icons_ip_portfolio_optimization.svg\",\"title\":\"2. Otimiza\\u00e7\\u00e3o de Portf\\u00f3lio de PI\"}},{\"type\":\"grid_item\",\"props\":{\"content\":\"Um dos maiores desafios enfrentados pelas empresas de software \\u00e9 a escassez de talentos. Apoiamo-las na atra\\u00e7\\u00e3o e reten\\u00e7\\u00e3o dos melhores profissionais da \\u00e1rea.\",\"image\":\"wp-content\\\/uploads\\\/2023\\\/07\\\/icons_legal_strategy.svg\",\"title\":\"3. Talent3. Talento\"}},{\"type\":\"grid_item\",\"props\":{\"content\":\"Concentramos-nos em empresas de software na vanguarda de tecnologias inovadoras, com potencial para transformar ind\\u00fastrias e gerar impacto significativo no mercado.\",\"image\":\"wp-content\\\/uploads\\\/2023\\\/07\\\/icons-software_emerging-technologies.svg\",\"title\":\"4. Tecnologias Emergentes\"}}]}]}]}],\"props\":{\"margin\":\"default\"}}]}]}]},{\"type\":\"section\",\"props\":{\"animation\":\"fade\",\"animation_delay\":\"100\",\"id\":\"portfolio\",\"image_position\":\"center-center\",\"padding\":\"large\",\"padding_remove_top\":false,\"status\":\"disabled\",\"style\":\"muted\",\"title_breakpoint\":\"xl\",\"title_position\":\"top-left\",\"title_rotation\":\"left\",\"vertical_align\":\"\",\"width\":\"xlarge\"},\"children\":[{\"type\":\"row\",\"children\":[{\"type\":\"column\",\"props\":{\"image_position\":\"center-center\",\"position_sticky_breakpoint\":\"m\",\"width_medium\":\"1-4\"}},{\"type\":\"column\",\"props\":{\"image_position\":\"center-center\",\"position_sticky_breakpoint\":\"m\",\"width_medium\":\"3-4\"},\"children\":[{\"type\":\"headline\",\"props\":{\"content\":\"Portfolio\",\"title_element\":\"h2\",\"title_style\":\"h3\"}},{\"type\":\"panel-slider\",\"props\":{\"content_column_breakpoint\":\"m\",\"icon_width\":80,\"image_align\":\"left\",\"image_grid_breakpoint\":\"m\",\"image_grid_column_gap\":\"large\",\"image_grid_width\":\"auto\",\"image_svg_color\":\"emphasis\",\"image_vertical_align\":true,\"link_style\":\"default\",\"link_text\":\"Read more\",\"margin\":\"medium\",\"meta_align\":\"below-title\",\"meta_element\":\"div\",\"meta_style\":\"text-meta\",\"nav\":\"dotnav\",\"nav_align\":\"right\",\"nav_breakpoint\":\"\",\"panel_match\":true,\"panel_padding\":\"default\",\"panel_style\":\"card-default\",\"show_content\":true,\"show_hover_image\":true,\"show_hover_video\":true,\"show_image\":true,\"show_link\":true,\"show_meta\":true,\"show_title\":true,\"show_video\":true,\"slidenav\":\"bottom-right\",\"slidenav_breakpoint\":\"\",\"slidenav_margin\":\"\",\"slidenav_outside_breakpoint\":\"xl\",\"slider_autoplay\":true,\"slider_autoplay_interval\":\"3\",\"slider_autoplay_pause\":true,\"slider_gap\":\"default\",\"slider_velocity\":\"0.5\",\"slider_width\":\"fixed\",\"slider_width_default\":\"1-1\",\"slider_width_medium\":\"1-2\",\"title_align\":\"top\",\"title_element\":\"h5\",\"title_grid_breakpoint\":\"m\",\"title_grid_width\":\"1-2\",\"title_hover_style\":\"reset\",\"title_style\":\"h5\"},\"children\":[{\"type\":\"panel-slider_item\",\"props\":{\"content\":\"Lorem ipsum dolor sit amet consectetur adipiscing eli.\",\"image\":\"wp-content\\\/uploads\\\/yootheme\\\/development-partners-02.svg\",\"title\":\"Lorem ipsum dolor sit amet\"}},{\"type\":\"panel-slider_item\",\"props\":{\"content\":\"Lorem ipsum dolor sit amet consectetur adipiscing eli.\",\"image\":\"wp-content\\\/uploads\\\/yootheme\\\/development-partners-02.svg\",\"title\":\"Lorem ipsum dolor sit amet\"}},{\"type\":\"panel-slider_item\",\"props\":{\"content\":\"Lorem ipsum dolor sit amet consectetur adipiscing eli.\",\"image\":\"wp-content\\\/uploads\\\/yootheme\\\/development-partners-02.svg\",\"title\":\"Lorem ipsum dolor sit amet\"}},{\"type\":\"panel-slider_item\",\"props\":{\"content\":\"Lorem ipsum dolor sit amet consectetur adipiscing eli.\",\"image\":\"wp-content\\\/uploads\\\/yootheme\\\/development-partners-02.svg\",\"title\":\"Lorem ipsum dolor sit amet\"}}]}]}],\"props\":{\"layout\":\"1-4,3-4\"}}],\"name\":\"portfolio\"}],\"version\":\"4.5.24\"} --><\/p>\n","protected":false},"excerpt":{"rendered":"<p>Potenciando Empreendimentos de Software a N\u00edvel Global Software Desbloquear oportunidades de investimento em software a n\u00edvel mundial \u00e9 a nossa ess\u00eancia \u2014 a inova\u00e7\u00e3o \u00e9 o nosso n\u00facleo. Possu\u00edmos expertise em tecnologias de software, o que nos permite identificar e apoiar empreendimentos promissores com recursos e orienta\u00e7\u00e3o estrat\u00e9gica. Scroll down for more Somos a sua [&hellip;]<\/p>\n","protected":false},"author":1,"featured_media":0,"parent":5254,"menu_order":0,"comment_status":"closed","ping_status":"closed","template":"","meta":{"_acf_changed":false,"footnotes":""},"class_list":["post-5265","page","type-page","status-publish","hentry"],"acf":[],"jetpack_sharing_enabled":true,"_links":{"self":[{"href":"http:\/\/manhattanpcm.com\/pt-br\/wp-json\/wp\/v2\/pages\/5265","targetHints":{"allow":["GET"]}}],"collection":[{"href":"http:\/\/manhattanpcm.com\/pt-br\/wp-json\/wp\/v2\/pages"}],"about":[{"href":"http:\/\/manhattanpcm.com\/pt-br\/wp-json\/wp\/v2\/types\/page"}],"author":[{"embeddable":true,"href":"http:\/\/manhattanpcm.com\/pt-br\/wp-json\/wp\/v2\/users\/1"}],"replies":[{"embeddable":true,"href":"http:\/\/manhattanpcm.com\/pt-br\/wp-json\/wp\/v2\/comments?post=5265"}],"version-history":[{"count":3,"href":"http:\/\/manhattanpcm.com\/pt-br\/wp-json\/wp\/v2\/pages\/5265\/revisions"}],"predecessor-version":[{"id":6211,"href":"http:\/\/manhattanpcm.com\/pt-br\/wp-json\/wp\/v2\/pages\/5265\/revisions\/6211"}],"up":[{"embeddable":true,"href":"http:\/\/manhattanpcm.com\/pt-br\/wp-json\/wp\/v2\/pages\/5254"}],"wp:attachment":[{"href":"http:\/\/manhattanpcm.com\/pt-br\/wp-json\/wp\/v2\/media?parent=5265"}],"curies":[{"name":"wp","href":"https:\/\/api.w.org\/{rel}","templated":true}]}}