{"id":5262,"date":"2023-03-31T01:56:27","date_gmt":"2023-03-31T01:56:27","guid":{"rendered":"https:\/\/manhattanpcm.com\/negocios\/litigios\/"},"modified":"2026-04-17T08:01:00","modified_gmt":"2026-04-17T08:01:00","slug":"litigios","status":"publish","type":"page","link":"http:\/\/manhattanpcm.com\/pt-br\/negocios\/litigios\/","title":{"rendered":"Lit\u00edgios"},"content":{"rendered":"<div>\n<h1>Resultados \u00d3timos Alcan\u00e7ados<\/h1>\n<p>Lit\u00edgios<\/p>\n<div>Com ampla experi\u00eancia, destacamo-nos na aquisi\u00e7\u00e3o e gest\u00e3o de reivindica\u00e7\u00f5es judiciais, assegurando os melhores resultados poss\u00edveis.<\/div>\n<p><a href=\"#intro\"><span uk-icon=\"icon: chevron-down; ratio: 1\"> <\/span>  Scroll down for more<\/a><\/p>\n<\/div>\n<h2>Ampla experi\u00eancia na aquisi\u00e7\u00e3o e gest\u00e3o de reivindica\u00e7\u00f5es judiciais<\/h2>\n<div>\n<p>Somos um parceiro global com experi\u00eancia em todos os aspectos de lit\u00edgios de propriedade intelectual (PI), incluindo patentes, marcas registradas, direitos autorais, segredos comerciais e outras reivindica\u00e7\u00f5es relacionadas \u00e0 PI.<\/p>\n<p>Diferentemente dos modelos tradicionais de financiamento de lit\u00edgios, nosso modelo de aquisi\u00e7\u00e3o de reivindica\u00e7\u00f5es judiciais garante a gest\u00e3o integral das a\u00e7\u00f5es no dia a dia. Como resultado, estamos fortemente envolvidos na sele\u00e7\u00e3o e na intera\u00e7\u00e3o com assessores jur\u00eddicos. Atuamos como interface com a assessoria legal, o que nos permite gerir de forma mais eficaz os casos e os custos associados, aumentando, assim, o retorno sobre o investimento (ROI).<\/p>\n<p>Al\u00e9m disso \u2014 e possivelmente o mais importante \u2014 \u00e9 o rigoroso processo de due diligence que aplicamos. Escolher quais reivindica\u00e7\u00f5es n\u00e3o adquirir \u00e9, em muitos casos, mais cr\u00edtico do que selecionar aquelas que ser\u00e3o prosseguidas. Nosso processo de due diligence determina quais casos possuem m\u00e9rito ou potencial m\u00e9rito, e ent\u00e3o trabalhamos para lev\u00e1-los a um estado processual pronto para lit\u00edgio. Identificamos e aproveitamos pontos de inflex\u00e3o para detectar oportunidades e avaliar o m\u00e9rito potencial de cada reivindica\u00e7\u00e3o. \u00c9 essa experi\u00eancia extensiva que nos permite navegar com seguran\u00e7a pelas diversas complexidades do espa\u00e7o de lit\u00edgios.<\/p>\n<\/div>\n<p><img decoding=\"async\" src=\"\/wp-content\/uploads\/2024\/07\/img-protential-1.jpg\" alt=\"\"><\/p>\n<h2>Estrat\u00e9gias<\/h2>\n<div>Orgulhamo-nos de aplicar uma due diligence rigorosa e uma sele\u00e7\u00e3o estrat\u00e9gica de casos para impulsionar o sucesso em lit\u00edgios de propriedade intelectual (PI). Com uma equipe jur\u00eddica altamente especializada na gest\u00e3o di\u00e1ria de reivindica\u00e7\u00f5es e alavancando dados e tecnologia, asseguramos os melhores resultados para os seus casos.<\/div>\n<div>\n<p>        <video src=\"\/wp-content\/uploads\/2026\/04\/manhattan_-_private_credit_market_v1-1440p.mp4\"><\/video><\/p>\n<p><a href=\"\/wp-content\/uploads\/2026\/04\/manhattan_-_private_credit_market_v1-1440p.mp4\"><img decoding=\"async\" src=\"\/wp-content\/uploads\/2025\/01\/play.png\" width=\"60\" \/><\/a><\/p>\n<\/div>\n<ul>\n<li>\n<p>        <img decoding=\"async\" src=\"\/wp-content\/uploads\/2023\/07\/icons-litigation_rigorous-due-diligence.svg\" alt=\"\"><\/p>\n<h3>1. Due Diligence Rigorosa<\/h3>\n<div>\n<p>Nosso processo exclusivo de due diligence, fundamentado em d\u00e9cadas de experi\u00eancia, \u00e9 a base do nosso sucesso.<\/p>\n<\/div>\n<\/li>\n<li>\n<p>        <img decoding=\"async\" src=\"\/wp-content\/uploads\/2023\/07\/icons-litigation_strategic-case.svg\" alt=\"\"><\/p>\n<h3>2. Sele\u00e7\u00e3o Estrat\u00e9gica de Casos<\/h3>\n<div>Selecionamos cuidadosamente as a\u00e7\u00f5es judiciais com base no m\u00e9rito, potencial de \u00eaxito e alinhamento com nossa expertise e recursos.<\/div>\n<\/li>\n<li>\n<p>        <img decoding=\"async\" src=\"\/wp-content\/uploads\/2023\/07\/icons-litigation_expert-legal-team.svg\" alt=\"\"><\/p>\n<h3>3. Equipe Jur\u00eddica Especializada<\/h3>\n<div>\n<p>A highly skilled IP litigation team to manage and oversee the claims.<\/p>\n<\/div>\n<\/li>\n<li>\n<p>        <img decoding=\"async\" src=\"\/wp-content\/uploads\/2023\/07\/icons-litigation_full-day.svg\" alt=\"\"><\/p>\n<h3>4. Gest\u00e3o Integral e Cont\u00ednua<\/h3>\n<div>Gest\u00e3o ativa e abrangente de todos os aspectos do processo de lit\u00edgio de PI, em base di\u00e1ria.<\/div>\n<\/li>\n<li>\n<p>        <img decoding=\"async\" src=\"\/wp-content\/uploads\/2023\/07\/icons-litigation_leveraging-data.svg\" alt=\"\"><\/p>\n<h3>5. Uso de Dados e Tecnologia<\/h3>\n<div>Utiliza\u00e7\u00e3o de an\u00e1lises de dados e tecnologias para obter insights estrat\u00e9gicos e ganhos de efici\u00eancia operacional.<\/div>\n<\/li>\n<\/ul>\n<p><!--more--><br \/>\n<!-- {\"type\":\"layout\",\"children\":[{\"name\":\"Hero\",\"type\":\"section\",\"props\":{\"animation\":\"slide-left-medium\",\"animation_delay\":\"100\",\"header_transparent\":true,\"header_transparent_noplaceholder\":false,\"header_transparent_text_color\":\"light\",\"height\":\"viewport\",\"height_offset_top\":true,\"image_effect\":\"parallax\",\"image_parallax_bgy\":\",-80\",\"image_position\":\"center-center\",\"image_size\":\"cover\",\"image_width\":\"2560\",\"overlap\":false,\"padding\":\"small\",\"padding_remove_bottom\":true,\"padding_remove_top\":false,\"preserve_color\":false,\"style\":\"primary\",\"title_breakpoint\":\"xl\",\"title_position\":\"top-left\",\"title_rotation\":\"left\",\"vertical_align\":\"bottom\",\"video\":\"wp-content\\\/uploads\\\/2026\\\/04\\\/5_oceans_partners_-_private_equity-1440p.mp4\",\"video_height\":\"1080\",\"video_width\":\"1920\",\"width\":\"\"},\"children\":[{\"type\":\"row\",\"props\":{\"margin\":\"large\",\"margin_remove_top\":false,\"width\":\"xlarge\"},\"children\":[{\"type\":\"column\",\"props\":{\"image_position\":\"center-center\",\"position_sticky_breakpoint\":\"m\"},\"children\":[{\"type\":\"module\",\"props\":{\"css\":\".el-element {\\n    z-index: 5 !important;\\n}\",\"maxwidth\":\"medium\",\"menu_image_align\":\"center\",\"menu_image_margin\":true,\"menu_style\":\"default\",\"menu_type\":\"nav\",\"type\":\"nav_menu\",\"visibility\":\"m\",\"widget\":\"nav_menu-15\"}}]}]},{\"type\":\"row\",\"children\":[{\"type\":\"column\",\"props\":{\"image_position\":\"center-center\",\"position_sticky_breakpoint\":\"m\",\"vertical_align\":\"bottom\",\"width_medium\":\"2-5\"},\"children\":[{\"type\":\"panel\",\"props\":{\"animation\":\"fade\",\"content\":\"Com ampla experi\\u00eancia, destacamo-nos na aquisi\\u00e7\\u00e3o e gest\\u00e3o de reivindica\\u00e7\\u00f5es judiciais, assegurando os melhores resultados poss\\u00edveis.\",\"content_column_breakpoint\":\"m\",\"icon_width\":80,\"image_align\":\"top\",\"image_grid_breakpoint\":\"m\",\"image_grid_width\":\"1-2\",\"image_svg_color\":\"emphasis\",\"link\":\"#intro\",\"link_margin\":\"medium\",\"link_style\":\"link-muted\",\"link_text\":\"<span uk-icon=\\\"icon: chevron-down; ratio: 1\\\"> <\\\/span>  Scroll down for more\",\"margin\":\"default\",\"maxwidth\":\"xlarge\",\"meta\":\"Lit\\u00edgios\",\"meta_align\":\"above-title\",\"meta_element\":\"div\",\"meta_style\":\"\",\"panel_padding\":\"large\",\"panel_style\":\"card-secondary\",\"title\":\"Resultados \\u00d3timos Alcan\\u00e7ados\",\"title_align\":\"top\",\"title_element\":\"h1\",\"title_grid_breakpoint\":\"m\",\"title_grid_width\":\"1-2\",\"title_hover_style\":\"reset\",\"title_margin\":\"small\",\"title_style\":\"h1\"}}]},{\"type\":\"column\",\"props\":{\"image_position\":\"center-center\",\"position_sticky_breakpoint\":\"m\",\"width_medium\":\"3-5\"}}],\"props\":{\"layout\":\"2-5,3-5\",\"margin_remove_bottom\":true,\"match\":false}}]},{\"type\":\"section\",\"props\":{\"animation\":\"fade\",\"animation_delay\":\"100\",\"id\":\"intro\",\"image_position\":\"center-center\",\"padding\":\"xlarge\",\"padding_remove_bottom\":false,\"padding_remove_top\":true,\"style\":\"muted\",\"title_breakpoint\":\"xl\",\"title_position\":\"top-left\",\"title_rotation\":\"left\",\"vertical_align\":\"\",\"width\":\"xlarge\"},\"children\":[{\"type\":\"row\",\"props\":{\"column_gap\":\"collapse\"},\"children\":[{\"type\":\"column\",\"props\":{\"image_position\":\"center-center\",\"position_sticky\":\"section\",\"position_sticky_breakpoint\":\"m\",\"position_sticky_offset\":\"0\"}}]},{\"type\":\"row\",\"props\":{\"column_gap\":\"large\",\"layout\":\"1-4,3-4\",\"margin\":\"xlarge\"},\"children\":[{\"type\":\"column\",\"props\":{\"image_position\":\"center-center\",\"position_sticky\":\"section\",\"position_sticky_breakpoint\":\"m\",\"position_sticky_offset\":\"100\",\"width_medium\":\"1-4\"},\"children\":[{\"type\":\"headline\",\"props\":{\"title_element\":\"h3\",\"title_style\":\"h3\",\"visibility\":\"m\"},\"source\":{\"query\":{\"name\":\"pages.singlePage\"},\"props\":{\"content\":{\"filters\":{\"search\":\"\"},\"name\":\"title\"}}}},{\"type\":\"nav\",\"props\":{\"grid\":\"1\",\"grid_divider\":false,\"image_vertical_align\":false,\"nav_style\":\"default\",\"show_image\":true,\"show_meta\":true,\"visibility\":\"m\"},\"children\":[{\"type\":\"nav_item\",\"source\":{\"query\":{\"name\":\"customMenuItems\",\"arguments\":{\"id\":6,\"parent\":\"\",\"heading\":\"\",\"include_heading\":true}},\"props\":{\"content\":{\"filters\":{\"search\":\"\"},\"name\":\"title\"},\"link\":{\"filters\":{\"search\":\"\"},\"name\":\"url\"},\"active\":{\"filters\":{\"search\":\"\"},\"name\":\"active\"}}}}]}]},{\"type\":\"column\",\"props\":{\"image_position\":\"center-center\",\"position_sticky_breakpoint\":\"m\",\"width_medium\":\"3-4\"},\"children\":[{\"type\":\"fragment\",\"children\":[{\"type\":\"row\",\"children\":[{\"type\":\"column\",\"props\":{\"image_position\":\"center-center\",\"position_sticky_breakpoint\":\"m\",\"width_medium\":\"3-5\"},\"children\":[{\"type\":\"headline\",\"props\":{\"content\":\"Ampla experi\\u00eancia na aquisi\\u00e7\\u00e3o e gest\\u00e3o de reivindica\\u00e7\\u00f5es judiciais\",\"id\":\"overview\",\"title_element\":\"h2\",\"title_style\":\"h2\"}},{\"type\":\"text\",\"props\":{\"column_breakpoint\":\"m\",\"content\":\"\n\n<p>Somos um parceiro global com experi\\u00eancia em todos os aspectos de lit\\u00edgios de propriedade intelectual (PI), incluindo patentes, marcas registradas, direitos autorais, segredos comerciais e outras reivindica\\u00e7\\u00f5es relacionadas \\u00e0 PI.<\\\/p>\\n\n\n<p>Diferentemente dos modelos tradicionais de financiamento de lit\\u00edgios, nosso modelo de aquisi\\u00e7\\u00e3o de reivindica\\u00e7\\u00f5es judiciais garante a gest\\u00e3o integral das a\\u00e7\\u00f5es no dia a dia. Como resultado, estamos fortemente envolvidos na sele\\u00e7\\u00e3o e na intera\\u00e7\\u00e3o com assessores jur\\u00eddicos. Atuamos como interface com a assessoria legal, o que nos permite gerir de forma mais eficaz os casos e os custos associados, aumentando, assim, o retorno sobre o investimento (ROI).<\\\/p>\\n\n\n<p>Al\\u00e9m disso \\u2014 e possivelmente o mais importante \\u2014 \\u00e9 o rigoroso processo de due diligence que aplicamos. Escolher quais reivindica\\u00e7\\u00f5es n\\u00e3o adquirir \\u00e9, em muitos casos, mais cr\\u00edtico do que selecionar aquelas que ser\\u00e3o prosseguidas. Nosso processo de due diligence determina quais casos possuem m\\u00e9rito ou potencial m\\u00e9rito, e ent\\u00e3o trabalhamos para lev\\u00e1-los a um estado processual pronto para lit\\u00edgio. Identificamos e aproveitamos pontos de inflex\\u00e3o para detectar oportunidades e avaliar o m\\u00e9rito potencial de cada reivindica\\u00e7\\u00e3o. \\u00c9 essa experi\\u00eancia extensiva que nos permite navegar com seguran\\u00e7a pelas diversas complexidades do espa\\u00e7o de lit\\u00edgios.<\\\/p>\",\"margin\":\"medium\",\"maxwidth\":\"xlarge\"}}]},{\"type\":\"column\",\"props\":{\"image_position\":\"center-center\",\"position_sticky_breakpoint\":\"m\",\"width_medium\":\"2-5\"},\"children\":[{\"type\":\"image\",\"props\":{\"animation\":\"parallax\",\"image\":\"wp-content\\\/uploads\\\/2024\\\/07\\\/img-protential-1.jpg\",\"image_svg_color\":\"emphasis\",\"image_width\":\"400\",\"margin\":\"default\",\"parallax_breakpoint\":\"m\",\"parallax_y\":\"-20,140\",\"text_align\":\"center\"}}]}],\"props\":{\"column_gap\":\"large\",\"id\":\"overview\",\"layout\":\"3-5,2-5\"}},{\"type\":\"row\",\"props\":{\"margin\":\"large\"},\"children\":[{\"type\":\"column\",\"props\":{\"image_position\":\"center-center\",\"position_sticky_breakpoint\":\"m\"},\"children\":[{\"type\":\"headline\",\"props\":{\"content\":\"Estrat\\u00e9gias\",\"id\":\"strategies\",\"margin\":\"xlarge\",\"margin_remove_bottom\":true,\"title_element\":\"h2\",\"title_style\":\"h3\"}},{\"type\":\"text\",\"props\":{\"column_breakpoint\":\"m\",\"content\":\"Orgulhamo-nos de aplicar uma due diligence rigorosa e uma sele\\u00e7\\u00e3o estrat\\u00e9gica de casos para impulsionar o sucesso em lit\\u00edgios de propriedade intelectual (PI). Com uma equipe jur\\u00eddica altamente especializada na gest\\u00e3o di\\u00e1ria de reivindica\\u00e7\\u00f5es e alavancando dados e tecnologia, asseguramos os melhores resultados para os seus casos.\",\"margin\":\"default\",\"maxwidth\":\"xlarge\"}},{\"type\":\"gallery\",\"props\":{\"filter_align\":\"left\",\"filter_all\":true,\"filter_grid_breakpoint\":\"m\",\"filter_grid_width\":\"auto\",\"filter_position\":\"top\",\"filter_style\":\"tab\",\"grid_default\":\"1\",\"grid_medium\":\"1\",\"image_height\":\"1080\",\"image_width\":\"1920\",\"item_animation\":true,\"lightbox\":true,\"lightbox_bg_close\":true,\"lightbox_image_height\":\"1080\",\"lightbox_image_width\":\"1920\",\"link_style\":\"\",\"link_text\":\"Read more\",\"margin\":\"large\",\"maxwidth\":\"xlarge\",\"meta_align\":\"below-title\",\"meta_element\":\"div\",\"meta_style\":\"text-meta\",\"overlay_hover\":false,\"overlay_mode\":\"cover\",\"overlay_position\":\"center\",\"overlay_style\":\"\",\"overlay_transition\":\"fade\",\"show_content\":true,\"show_hover_image\":true,\"show_hover_video\":true,\"show_link\":true,\"show_meta\":true,\"show_title\":true,\"text_align\":\"center\",\"text_color\":\"light\",\"title_element\":\"h3\",\"title_hover_style\":\"reset\"},\"children\":[{\"type\":\"gallery_item\",\"props\":{\"content\":\"\",\"link\":\"wp-content\\\/uploads\\\/2026\\\/04\\\/manhattan_-_private_credit_market_v1-1440p.mp4\",\"link_text\":\"<img src=\\\"\\\/wp-content\\\/uploads\\\/2025\\\/01\\\/play.png\\\" width=\\\"60\\\" \\\/>\",\"video\":\"wp-content\\\/uploads\\\/2026\\\/04\\\/manhattan_-_private_credit_market_v1-1440p.mp4\"}}]}]}]},{\"type\":\"row\",\"props\":{\"margin\":\"xlarge\",\"margin_remove_top\":true},\"children\":[{\"type\":\"column\",\"props\":{\"image_position\":\"center-center\",\"position_sticky_breakpoint\":\"m\"},\"children\":[{\"type\":\"grid\",\"props\":{\"content_column_breakpoint\":\"m\",\"content_margin\":\"small\",\"filter_align\":\"left\",\"filter_all\":true,\"filter_grid_breakpoint\":\"m\",\"filter_grid_width\":\"auto\",\"filter_position\":\"top\",\"filter_style\":\"tab\",\"grid_column_gap\":\"large\",\"grid_default\":\"1\",\"grid_medium\":\"2\",\"grid_row_gap\":\"large\",\"icon_width\":80,\"id\":\"strategies\",\"image_align\":\"top\",\"image_grid_breakpoint\":\"m\",\"image_grid_width\":\"1-2\",\"image_svg_color\":\"emphasis\",\"image_width\":\"70\",\"item_animation\":true,\"lightbox_bg_close\":true,\"link_style\":\"default\",\"link_text\":\"Read more\",\"margin\":\"large\",\"maxwidth\":\"2xlarge\",\"meta_align\":\"below-title\",\"meta_element\":\"div\",\"meta_style\":\"text-meta\",\"show_content\":true,\"show_hover_image\":true,\"show_hover_video\":true,\"show_image\":true,\"show_link\":true,\"show_meta\":true,\"show_title\":true,\"show_video\":true,\"title_align\":\"top\",\"title_element\":\"h3\",\"title_grid_breakpoint\":\"m\",\"title_grid_width\":\"1-2\",\"title_hover_style\":\"reset\"},\"children\":[{\"type\":\"grid_item\",\"props\":{\"content\":\"\n\n<p>Nosso processo exclusivo de due diligence, fundamentado em d\\u00e9cadas de experi\\u00eancia, \\u00e9 a base do nosso sucesso.<\\\/p>\",\"image\":\"wp-content\\\/uploads\\\/2023\\\/07\\\/icons-litigation_rigorous-due-diligence.svg\",\"title\":\"1. Due Diligence Rigorosa\"}},{\"type\":\"grid_item\",\"props\":{\"content\":\"Selecionamos cuidadosamente as a\\u00e7\\u00f5es judiciais com base no m\\u00e9rito, potencial de \\u00eaxito e alinhamento com nossa expertise e recursos.\",\"image\":\"wp-content\\\/uploads\\\/2023\\\/07\\\/icons-litigation_strategic-case.svg\",\"title\":\"2. Sele\\u00e7\\u00e3o Estrat\\u00e9gica de Casos\"}},{\"type\":\"grid_item\",\"props\":{\"content\":\"\n\n<p>A highly skilled IP litigation team to manage and oversee the claims.<\\\/p>\",\"image\":\"wp-content\\\/uploads\\\/2023\\\/07\\\/icons-litigation_expert-legal-team.svg\",\"title\":\"3. Equipe Jur\\u00eddica Especializada\"}},{\"type\":\"grid_item\",\"props\":{\"content\":\"Gest\\u00e3o ativa e abrangente de todos os aspectos do processo de lit\\u00edgio de PI, em base di\\u00e1ria.\",\"image\":\"wp-content\\\/uploads\\\/2023\\\/07\\\/icons-litigation_full-day.svg\",\"title\":\"4. Gest\\u00e3o Integral e Cont\\u00ednua\"}},{\"type\":\"grid_item\",\"props\":{\"content\":\"Utiliza\\u00e7\\u00e3o de an\\u00e1lises de dados e tecnologias para obter insights estrat\\u00e9gicos e ganhos de efici\\u00eancia operacional.\",\"image\":\"wp-content\\\/uploads\\\/2023\\\/07\\\/icons-litigation_leveraging-data.svg\",\"title\":\"5. Uso de Dados e Tecnologia\"}}]}]}]}],\"props\":{\"margin\":\"default\"}}]}]}]},{\"type\":\"section\",\"props\":{\"animation\":\"fade\",\"animation_delay\":\"100\",\"id\":\"portfolio\",\"image_position\":\"center-center\",\"padding\":\"large\",\"padding_remove_top\":false,\"status\":\"disabled\",\"style\":\"muted\",\"title_breakpoint\":\"xl\",\"title_position\":\"top-left\",\"title_rotation\":\"left\",\"vertical_align\":\"\",\"width\":\"xlarge\"},\"children\":[{\"type\":\"row\",\"children\":[{\"type\":\"column\",\"props\":{\"image_position\":\"center-center\",\"position_sticky_breakpoint\":\"m\",\"width_medium\":\"1-4\"}},{\"type\":\"column\",\"props\":{\"image_position\":\"center-center\",\"position_sticky_breakpoint\":\"m\",\"width_medium\":\"3-4\"},\"children\":[{\"type\":\"headline\",\"props\":{\"content\":\"Portfolio\",\"title_element\":\"h2\",\"title_style\":\"h3\"}},{\"type\":\"panel-slider\",\"props\":{\"content_column_breakpoint\":\"m\",\"icon_width\":80,\"image_align\":\"left\",\"image_grid_breakpoint\":\"m\",\"image_grid_column_gap\":\"large\",\"image_grid_width\":\"auto\",\"image_svg_color\":\"emphasis\",\"image_vertical_align\":true,\"link_style\":\"default\",\"link_text\":\"Read more\",\"margin\":\"medium\",\"meta_align\":\"below-title\",\"meta_element\":\"div\",\"meta_style\":\"text-meta\",\"nav\":\"dotnav\",\"nav_align\":\"right\",\"nav_breakpoint\":\"\",\"panel_match\":true,\"panel_padding\":\"default\",\"panel_style\":\"card-default\",\"show_content\":true,\"show_hover_image\":true,\"show_hover_video\":true,\"show_image\":true,\"show_link\":true,\"show_meta\":true,\"show_title\":true,\"show_video\":true,\"slidenav\":\"bottom-right\",\"slidenav_breakpoint\":\"\",\"slidenav_margin\":\"\",\"slidenav_outside_breakpoint\":\"xl\",\"slider_autoplay\":true,\"slider_autoplay_interval\":\"3\",\"slider_autoplay_pause\":true,\"slider_gap\":\"default\",\"slider_velocity\":\"0.5\",\"slider_width\":\"fixed\",\"slider_width_default\":\"1-1\",\"slider_width_medium\":\"1-2\",\"title_align\":\"top\",\"title_element\":\"h5\",\"title_grid_breakpoint\":\"m\",\"title_grid_width\":\"1-2\",\"title_hover_style\":\"reset\",\"title_style\":\"h5\"},\"children\":[{\"type\":\"panel-slider_item\",\"props\":{\"content\":\"Lorem ipsum dolor sit amet consectetur adipiscing eli.\",\"image\":\"wp-content\\\/uploads\\\/yootheme\\\/development-partners-02.svg\",\"title\":\"Lorem ipsum dolor sit amet\"}},{\"type\":\"panel-slider_item\",\"props\":{\"content\":\"Lorem ipsum dolor sit amet consectetur adipiscing eli.\",\"image\":\"wp-content\\\/uploads\\\/yootheme\\\/development-partners-02.svg\",\"title\":\"Lorem ipsum dolor sit amet\"}},{\"type\":\"panel-slider_item\",\"props\":{\"content\":\"Lorem ipsum dolor sit amet consectetur adipiscing eli.\",\"image\":\"wp-content\\\/uploads\\\/yootheme\\\/development-partners-02.svg\",\"title\":\"Lorem ipsum dolor sit amet\"}},{\"type\":\"panel-slider_item\",\"props\":{\"content\":\"Lorem ipsum dolor sit amet consectetur adipiscing eli.\",\"image\":\"wp-content\\\/uploads\\\/yootheme\\\/development-partners-02.svg\",\"title\":\"Lorem ipsum dolor sit amet\"}}]}]}],\"props\":{\"layout\":\"1-4,3-4\"}}],\"name\":\"portfolio\"}],\"version\":\"4.5.24\"} --><\/p>\n","protected":false},"excerpt":{"rendered":"<p>Resultados \u00d3timos Alcan\u00e7ados Lit\u00edgios Com ampla experi\u00eancia, destacamo-nos na aquisi\u00e7\u00e3o e gest\u00e3o de reivindica\u00e7\u00f5es judiciais, assegurando os melhores resultados poss\u00edveis. Scroll down for more Ampla experi\u00eancia na aquisi\u00e7\u00e3o e gest\u00e3o de reivindica\u00e7\u00f5es judiciais Somos um parceiro global com experi\u00eancia em todos os aspectos de lit\u00edgios de propriedade intelectual (PI), incluindo patentes, marcas registradas, direitos autorais, [&hellip;]<\/p>\n","protected":false},"author":1,"featured_media":0,"parent":5254,"menu_order":0,"comment_status":"closed","ping_status":"closed","template":"","meta":{"_acf_changed":false,"footnotes":""},"class_list":["post-5262","page","type-page","status-publish","hentry"],"acf":[],"jetpack_sharing_enabled":true,"_links":{"self":[{"href":"http:\/\/manhattanpcm.com\/pt-br\/wp-json\/wp\/v2\/pages\/5262","targetHints":{"allow":["GET"]}}],"collection":[{"href":"http:\/\/manhattanpcm.com\/pt-br\/wp-json\/wp\/v2\/pages"}],"about":[{"href":"http:\/\/manhattanpcm.com\/pt-br\/wp-json\/wp\/v2\/types\/page"}],"author":[{"embeddable":true,"href":"http:\/\/manhattanpcm.com\/pt-br\/wp-json\/wp\/v2\/users\/1"}],"replies":[{"embeddable":true,"href":"http:\/\/manhattanpcm.com\/pt-br\/wp-json\/wp\/v2\/comments?post=5262"}],"version-history":[{"count":5,"href":"http:\/\/manhattanpcm.com\/pt-br\/wp-json\/wp\/v2\/pages\/5262\/revisions"}],"predecessor-version":[{"id":6213,"href":"http:\/\/manhattanpcm.com\/pt-br\/wp-json\/wp\/v2\/pages\/5262\/revisions\/6213"}],"up":[{"embeddable":true,"href":"http:\/\/manhattanpcm.com\/pt-br\/wp-json\/wp\/v2\/pages\/5254"}],"wp:attachment":[{"href":"http:\/\/manhattanpcm.com\/pt-br\/wp-json\/wp\/v2\/media?parent=5262"}],"curies":[{"name":"wp","href":"https:\/\/api.w.org\/{rel}","templated":true}]}}