{"id":5258,"date":"2023-03-31T01:47:26","date_gmt":"2023-03-31T01:47:26","guid":{"rendered":"https:\/\/manhattanpcm.com\/negocios\/ciberseguranca\/"},"modified":"2026-04-17T08:00:04","modified_gmt":"2026-04-17T08:00:04","slug":"ciberseguranca","status":"publish","type":"page","link":"http:\/\/manhattanpcm.com\/pt-br\/negocios\/ciberseguranca\/","title":{"rendered":"Ciberseguran\u00e7a"},"content":{"rendered":"<div>\n<h1>Protegendo o Futuro Digital<\/h1>\n<p>Ciberseguran\u00e7a<\/p>\n<div>Com vasta experi\u00eancia, destacamo-nos na aquisi\u00e7\u00e3o e supervis\u00e3o de reivindica\u00e7\u00f5es judiciais, garantindo resultados \u00f3timos.<\/div>\n<p><a href=\"#intro\"><span uk-icon=\"icon: chevron-down; ratio: 1\"> <\/span>  Scroll down for more<\/a><\/p>\n<\/div>\n<h2>Criamos oportunidades no setor de ciberseguran\u00e7a, garantindo que as empresas possam enfrentar os complexos desafios do mundo digital.<br \/>\n<\/h2>\n<div>\n<p>Ao alavancar a nossa base de conhecimento diversificada e abrangendo v\u00e1rios segmentos de ciberseguran\u00e7a \u2014 incluindo intelig\u00eancia contra amea\u00e7as, seguran\u00e7a de redes, prote\u00e7\u00e3o de dados e conformidade \u2014 capacitamos as nossas empresas parceiras a tornarem-se l\u00edderes na prote\u00e7\u00e3o de ativos digitais.<\/p>\n<p>O mercado global de tecnologia em ciberseguran\u00e7a dever\u00e1 atingir at\u00e9 2 bili\u00f5es de d\u00f3lares.* Esse crescimento extraordin\u00e1rio n\u00e3o representa apenas uma oportunidade financeira, mas tamb\u00e9m uma abertura para novas abordagens em ciberseguran\u00e7a. \u00c0 medida que os ataques cibern\u00e9ticos se tornam mais sofisticados e as amea\u00e7as passam a surgir de novas fontes, as empresas est\u00e3o a colaborar de forma proativa com inovadores e disruptores tecnol\u00f3gicos. Est\u00e1 a trabalhar numa forma completamente diferente de prevenir ou resolver viola\u00e7\u00f5es de seguran\u00e7a? Ent\u00e3o devemos conversar.<\/p>\n<p>A Manhattan Private Credit Markets est\u00e1 ativamente a procurar parcerias com startups inovadoras de ciberseguran\u00e7a que est\u00e3o a abrir caminho para um futuro digital mais seguro. Apoiamos as nossas empresas parceiras com uma abordagem pr\u00e1tica e abrangente, estabelecendo uma verdadeira parceria para que a sua equipa capitalize a crescente procura por solu\u00e7\u00f5es de ciberseguran\u00e7a. Acreditamos firmemente que investir neste setor din\u00e2mico requer mais do que apenas financiamento: exige envolvimento ativo e profunda experi\u00eancia em desenvolvimento de software, propriedade intelectual e seguran\u00e7a. Na Manhattan Private Credit Markets, entendemos que o sucesso \u00e9 constru\u00eddo n\u00e3o apenas com n\u00fameros e transa\u00e7\u00f5es, mas sim atrav\u00e9s da cria\u00e7\u00e3o de valor sustent\u00e1vel e duradouro. O nosso foco n\u00e3o est\u00e1 apenas nos ganhos de curto prazo, mas tamb\u00e9m na constru\u00e7\u00e3o de valor a longo prazo.<\/p>\n<\/div>\n<p><img decoding=\"async\" src=\"\/wp-content\/uploads\/2023\/07\/img-software-1.jpg\" alt=\"\"><\/p>\n<h2>Estrat\u00e9gias<\/h2>\n<div>Trabalhamos em parceria com empresas em fases estrat\u00e9gicas do seu percurso no setor de ciberseguran\u00e7a, aproveitando pontos de inflex\u00e3o para orient\u00e1-las atrav\u00e9s de etapas cr\u00edticas e garantir o sucesso num mercado din\u00e2mico.<\/div>\n<ul>\n<li>\n<p>        <img decoding=\"async\" src=\"\/wp-content\/uploads\/2023\/07\/icons-cybersecurity_technical-due.svg\" alt=\"\"><\/p>\n<h3>1. Due Diligence T\u00e9cnica<\/h3>\n<div>Utilizamos a nossa experi\u00eancia t\u00e9cnica para avaliar a sua tecnologia e o seu potencial de crescimento.<\/div>\n<\/li>\n<li>\n<p>        <img decoding=\"async\" src=\"\/wp-content\/uploads\/2023\/07\/icons-cybersecurity_ip-due-diligence.svg\" alt=\"\"><\/p>\n<h3>2. Due Diligence de IP<\/h3>\n<div>\n<p>Com a nossa experi\u00eancia incompar\u00e1vel em propriedade intelectual, avaliamos os seus ativos de IP em ciberseguran\u00e7a e como podem ser estrategicamente aproveitados.<\/p>\n<\/div>\n<\/li>\n<li>\n<p>        <img decoding=\"async\" src=\"\/wp-content\/uploads\/2023\/07\/icons-cybersecurity_participation.svg\" alt=\"\"><\/p>\n<h3>3. Participa\u00e7\u00e3o em Diferentes Etapas<\/h3>\n<div>Dada a natureza din\u00e2mica do mercado de ciberseguran\u00e7a, colaboramos com as empresas na fase mais adequada da sua trajet\u00f3ria.<\/div>\n<\/li>\n<li>\n<p>        <img decoding=\"async\" src=\"\/wp-content\/uploads\/2023\/07\/icons-cybersecurity_inflection-points.svg\" alt=\"\"><\/p>\n<h3>4. Pontos de Inflex\u00e3o<\/h3>\n<div>Aproveitamos pontos de inflex\u00e3o estrat\u00e9gicos para identificar o momento ideal de integrar uma empresa no nosso portf\u00f3lio e orientamos cada organiza\u00e7\u00e3o ao longo das suas fases cr\u00edticas.<\/div>\n<\/li>\n<\/ul>\n<p><!--more--><br \/>\n<!-- {\"type\":\"layout\",\"children\":[{\"name\":\"Hero\",\"type\":\"section\",\"props\":{\"animation\":\"slide-left-medium\",\"animation_delay\":\"100\",\"header_transparent\":true,\"header_transparent_noplaceholder\":false,\"header_transparent_text_color\":\"light\",\"height\":\"viewport\",\"height_offset_top\":true,\"image_effect\":\"parallax\",\"image_parallax_bgy\":\",-80\",\"image_position\":\"center-center\",\"image_size\":\"cover\",\"image_width\":\"2560\",\"overlap\":false,\"padding\":\"small\",\"padding_remove_bottom\":true,\"padding_remove_top\":false,\"preserve_color\":false,\"style\":\"primary\",\"title_breakpoint\":\"xl\",\"title_position\":\"top-left\",\"title_rotation\":\"left\",\"vertical_align\":\"bottom\",\"video\":\"wp-content\\\/uploads\\\/2026\\\/04\\\/5_oceans_partner_-_cybersecurity_header-1440p.mp4\",\"video_height\":\"1080\",\"video_width\":\"1920\",\"width\":\"\"},\"children\":[{\"type\":\"row\",\"props\":{\"margin\":\"large\",\"margin_remove_top\":false,\"width\":\"xlarge\"},\"children\":[{\"type\":\"column\",\"props\":{\"image_position\":\"center-center\",\"position_sticky_breakpoint\":\"m\"},\"children\":[{\"type\":\"module\",\"props\":{\"css\":\".el-element {\\n    z-index: 5 !important;\\n}\",\"maxwidth\":\"medium\",\"menu_image_align\":\"center\",\"menu_image_margin\":true,\"menu_style\":\"default\",\"menu_type\":\"nav\",\"type\":\"nav_menu\",\"visibility\":\"m\",\"widget\":\"nav_menu-15\"}}]}]},{\"type\":\"row\",\"children\":[{\"type\":\"column\",\"props\":{\"image_position\":\"center-center\",\"position_sticky_breakpoint\":\"m\",\"vertical_align\":\"bottom\",\"width_medium\":\"2-5\"},\"children\":[{\"type\":\"panel\",\"props\":{\"animation\":\"fade\",\"content\":\"Com vasta experi\\u00eancia, destacamo-nos na aquisi\\u00e7\\u00e3o e supervis\\u00e3o de reivindica\\u00e7\\u00f5es judiciais, garantindo resultados \\u00f3timos.\",\"content_column_breakpoint\":\"m\",\"icon_width\":80,\"image_align\":\"top\",\"image_grid_breakpoint\":\"m\",\"image_grid_width\":\"1-2\",\"image_svg_color\":\"emphasis\",\"link\":\"#intro\",\"link_margin\":\"medium\",\"link_style\":\"link-muted\",\"link_text\":\"<span uk-icon=\\\"icon: chevron-down; ratio: 1\\\"> <\\\/span>  Scroll down for more\",\"margin\":\"default\",\"maxwidth\":\"xlarge\",\"meta\":\"Ciberseguran\\u00e7a\",\"meta_align\":\"above-title\",\"meta_element\":\"div\",\"meta_style\":\"\",\"panel_padding\":\"large\",\"panel_style\":\"card-secondary\",\"title\":\"Protegendo o Futuro Digital\",\"title_align\":\"top\",\"title_element\":\"h1\",\"title_grid_breakpoint\":\"m\",\"title_grid_width\":\"1-2\",\"title_hover_style\":\"reset\",\"title_margin\":\"small\",\"title_style\":\"h1\"}}]},{\"type\":\"column\",\"props\":{\"image_position\":\"center-center\",\"position_sticky_breakpoint\":\"m\",\"width_medium\":\"3-5\"}}],\"props\":{\"layout\":\"2-5,3-5\",\"margin_remove_bottom\":true,\"match\":false}}]},{\"type\":\"section\",\"props\":{\"animation\":\"fade\",\"animation_delay\":\"100\",\"id\":\"intro\",\"image_position\":\"center-center\",\"padding\":\"xlarge\",\"padding_remove_bottom\":false,\"padding_remove_top\":true,\"style\":\"muted\",\"title_breakpoint\":\"xl\",\"title_position\":\"top-left\",\"title_rotation\":\"left\",\"vertical_align\":\"\",\"width\":\"xlarge\"},\"children\":[{\"type\":\"row\",\"props\":{\"column_gap\":\"collapse\"},\"children\":[{\"type\":\"column\",\"props\":{\"image_position\":\"center-center\",\"position_sticky\":\"section\",\"position_sticky_breakpoint\":\"m\",\"position_sticky_offset\":\"0\"}}]},{\"type\":\"row\",\"props\":{\"column_gap\":\"large\",\"layout\":\"1-4,3-4\",\"margin\":\"xlarge\"},\"children\":[{\"type\":\"column\",\"props\":{\"image_position\":\"center-center\",\"position_sticky\":\"section\",\"position_sticky_breakpoint\":\"m\",\"position_sticky_offset\":\"100\",\"width_medium\":\"1-4\"},\"children\":[{\"type\":\"headline\",\"props\":{\"title_element\":\"h3\",\"title_style\":\"h3\",\"visibility\":\"m\"},\"source\":{\"query\":{\"name\":\"pages.singlePage\"},\"props\":{\"content\":{\"filters\":{\"search\":\"\"},\"name\":\"title\"}}}},{\"type\":\"nav\",\"props\":{\"grid\":\"1\",\"grid_divider\":false,\"image_vertical_align\":false,\"nav_style\":\"default\",\"show_image\":true,\"show_meta\":true,\"visibility\":\"m\"},\"children\":[{\"type\":\"nav_item\",\"source\":{\"query\":{\"name\":\"customMenuItems\",\"arguments\":{\"id\":6,\"parent\":\"\",\"heading\":\"\",\"include_heading\":true}},\"props\":{\"content\":{\"filters\":{\"search\":\"\"},\"name\":\"title\"},\"link\":{\"filters\":{\"search\":\"\"},\"name\":\"url\"},\"active\":{\"filters\":{\"search\":\"\"},\"name\":\"active\"}}}}]}]},{\"type\":\"column\",\"props\":{\"image_position\":\"center-center\",\"position_sticky_breakpoint\":\"m\",\"width_medium\":\"3-4\"},\"children\":[{\"type\":\"fragment\",\"children\":[{\"type\":\"row\",\"children\":[{\"type\":\"column\",\"props\":{\"image_position\":\"center-center\",\"position_sticky_breakpoint\":\"m\"},\"children\":[{\"type\":\"headline\",\"props\":{\"content\":\"Criamos oportunidades no setor de ciberseguran\\u00e7a, garantindo que as empresas possam enfrentar os complexos desafios do mundo digital.\\n\",\"id\":\"overview\",\"maxwidth\":\"2xlarge\",\"title_element\":\"h2\",\"title_style\":\"h2\"}},{\"type\":\"text\",\"props\":{\"column_breakpoint\":\"m\",\"content\":\"\n\n<p>Ao alavancar a nossa base de conhecimento diversificada e abrangendo v\\u00e1rios segmentos de ciberseguran\\u00e7a \\u2014 incluindo intelig\\u00eancia contra amea\\u00e7as, seguran\\u00e7a de redes, prote\\u00e7\\u00e3o de dados e conformidade \\u2014 capacitamos as nossas empresas parceiras a tornarem-se l\\u00edderes na prote\\u00e7\\u00e3o de ativos digitais.<\\\/p>\\n\n\n<p>O mercado global de tecnologia em ciberseguran\\u00e7a dever\\u00e1 atingir at\\u00e9 2 bili\\u00f5es de d\\u00f3lares.* Esse crescimento extraordin\\u00e1rio n\\u00e3o representa apenas uma oportunidade financeira, mas tamb\\u00e9m uma abertura para novas abordagens em ciberseguran\\u00e7a. \\u00c0 medida que os ataques cibern\\u00e9ticos se tornam mais sofisticados e as amea\\u00e7as passam a surgir de novas fontes, as empresas est\\u00e3o a colaborar de forma proativa com inovadores e disruptores tecnol\\u00f3gicos. Est\\u00e1 a trabalhar numa forma completamente diferente de prevenir ou resolver viola\\u00e7\\u00f5es de seguran\\u00e7a? Ent\\u00e3o devemos conversar.<\\\/p>\\n\n\n<p>A Manhattan Private Credit Markets est\\u00e1 ativamente a procurar parcerias com startups inovadoras de ciberseguran\\u00e7a que est\\u00e3o a abrir caminho para um futuro digital mais seguro. Apoiamos as nossas empresas parceiras com uma abordagem pr\\u00e1tica e abrangente, estabelecendo uma verdadeira parceria para que a sua equipa capitalize a crescente procura por solu\\u00e7\\u00f5es de ciberseguran\\u00e7a. Acreditamos firmemente que investir neste setor din\\u00e2mico requer mais do que apenas financiamento: exige envolvimento ativo e profunda experi\\u00eancia em desenvolvimento de software, propriedade intelectual e seguran\\u00e7a. Na Manhattan Private Credit Markets, entendemos que o sucesso \\u00e9 constru\\u00eddo n\\u00e3o apenas com n\\u00fameros e transa\\u00e7\\u00f5es, mas sim atrav\\u00e9s da cria\\u00e7\\u00e3o de valor sustent\\u00e1vel e duradouro. O nosso foco n\\u00e3o est\\u00e1 apenas nos ganhos de curto prazo, mas tamb\\u00e9m na constru\\u00e7\\u00e3o de valor a longo prazo.<\\\/p>\",\"margin\":\"medium\",\"maxwidth\":\"2xlarge\"}},{\"type\":\"image\",\"props\":{\"image\":\"wp-content\\\/uploads\\\/2023\\\/07\\\/img-software-1.jpg\",\"image_svg_color\":\"emphasis\",\"margin\":\"large\",\"maxwidth\":\"2xlarge\"}}]}],\"props\":{\"column_gap\":\"large\",\"id\":\"overview\"}},{\"type\":\"row\",\"props\":{\"margin\":\"xlarge\"},\"children\":[{\"type\":\"column\",\"props\":{\"image_position\":\"center-center\",\"position_sticky_breakpoint\":\"m\"},\"children\":[{\"type\":\"headline\",\"props\":{\"content\":\"Estrat\\u00e9gias\",\"id\":\"strategies\",\"title_element\":\"h2\",\"title_style\":\"h3\"}},{\"type\":\"text\",\"props\":{\"column_breakpoint\":\"m\",\"content\":\"Trabalhamos em parceria com empresas em fases estrat\\u00e9gicas do seu percurso no setor de ciberseguran\\u00e7a, aproveitando pontos de inflex\\u00e3o para orient\\u00e1-las atrav\\u00e9s de etapas cr\\u00edticas e garantir o sucesso num mercado din\\u00e2mico.\",\"margin\":\"default\",\"maxwidth\":\"2xlarge\"}},{\"type\":\"grid\",\"props\":{\"content_column_breakpoint\":\"m\",\"content_margin\":\"small\",\"filter_align\":\"left\",\"filter_all\":true,\"filter_grid_breakpoint\":\"m\",\"filter_grid_width\":\"auto\",\"filter_position\":\"top\",\"filter_style\":\"tab\",\"grid_column_gap\":\"large\",\"grid_default\":\"1\",\"grid_medium\":\"2\",\"grid_row_gap\":\"large\",\"icon_width\":80,\"id\":\"strategies\",\"image_align\":\"top\",\"image_grid_breakpoint\":\"m\",\"image_grid_width\":\"1-2\",\"image_svg_color\":\"emphasis\",\"image_width\":\"75\",\"item_animation\":true,\"lightbox_bg_close\":true,\"link_style\":\"default\",\"link_text\":\"Read more\",\"margin\":\"large\",\"maxwidth\":\"2xlarge\",\"meta_align\":\"below-title\",\"meta_element\":\"div\",\"meta_style\":\"text-meta\",\"show_content\":true,\"show_hover_image\":true,\"show_hover_video\":true,\"show_image\":true,\"show_link\":true,\"show_meta\":true,\"show_title\":true,\"show_video\":true,\"title_align\":\"top\",\"title_element\":\"h3\",\"title_grid_breakpoint\":\"m\",\"title_grid_width\":\"1-2\",\"title_hover_style\":\"reset\"},\"children\":[{\"type\":\"grid_item\",\"props\":{\"content\":\"Utilizamos a nossa experi\\u00eancia t\\u00e9cnica para avaliar a sua tecnologia e o seu potencial de crescimento.\",\"image\":\"wp-content\\\/uploads\\\/2023\\\/07\\\/icons-cybersecurity_technical-due.svg\",\"title\":\"1. Due Diligence T\\u00e9cnica\"}},{\"type\":\"grid_item\",\"props\":{\"content\":\"\n\n<p>Com a nossa experi\\u00eancia incompar\\u00e1vel em propriedade intelectual, avaliamos os seus ativos de IP em ciberseguran\\u00e7a e como podem ser estrategicamente aproveitados.<\\\/p>\",\"image\":\"wp-content\\\/uploads\\\/2023\\\/07\\\/icons-cybersecurity_ip-due-diligence.svg\",\"title\":\"2. Due Diligence de IP\"}},{\"type\":\"grid_item\",\"props\":{\"content\":\"Dada a natureza din\\u00e2mica do mercado de ciberseguran\\u00e7a, colaboramos com as empresas na fase mais adequada da sua trajet\\u00f3ria.\",\"image\":\"wp-content\\\/uploads\\\/2023\\\/07\\\/icons-cybersecurity_participation.svg\",\"title\":\"3. Participa\\u00e7\\u00e3o em Diferentes Etapas\"}},{\"type\":\"grid_item\",\"props\":{\"content\":\"Aproveitamos pontos de inflex\\u00e3o estrat\\u00e9gicos para identificar o momento ideal de integrar uma empresa no nosso portf\\u00f3lio e orientamos cada organiza\\u00e7\\u00e3o ao longo das suas fases cr\\u00edticas.\",\"image\":\"wp-content\\\/uploads\\\/2023\\\/07\\\/icons-cybersecurity_inflection-points.svg\",\"title\":\"4. Pontos de Inflex\\u00e3o\"}}]}]}]}],\"props\":{\"margin\":\"default\"}}]}]}]},{\"type\":\"section\",\"props\":{\"animation\":\"fade\",\"animation_delay\":\"100\",\"id\":\"portfolio\",\"image_position\":\"center-center\",\"padding\":\"large\",\"padding_remove_top\":false,\"status\":\"disabled\",\"style\":\"muted\",\"title_breakpoint\":\"xl\",\"title_position\":\"top-left\",\"title_rotation\":\"left\",\"vertical_align\":\"\",\"width\":\"xlarge\"},\"children\":[{\"type\":\"row\",\"children\":[{\"type\":\"column\",\"props\":{\"image_position\":\"center-center\",\"position_sticky_breakpoint\":\"m\",\"width_medium\":\"1-4\"}},{\"type\":\"column\",\"props\":{\"image_position\":\"center-center\",\"position_sticky_breakpoint\":\"m\",\"width_medium\":\"3-4\"},\"children\":[{\"type\":\"headline\",\"props\":{\"content\":\"Portfolio\",\"title_element\":\"h2\",\"title_style\":\"h3\"}},{\"type\":\"panel-slider\",\"props\":{\"content_column_breakpoint\":\"m\",\"icon_width\":80,\"image_align\":\"left\",\"image_grid_breakpoint\":\"m\",\"image_grid_column_gap\":\"large\",\"image_grid_width\":\"auto\",\"image_svg_color\":\"emphasis\",\"image_vertical_align\":true,\"link_style\":\"default\",\"link_text\":\"Read more\",\"margin\":\"medium\",\"meta_align\":\"below-title\",\"meta_element\":\"div\",\"meta_style\":\"text-meta\",\"nav\":\"dotnav\",\"nav_align\":\"right\",\"nav_breakpoint\":\"\",\"panel_match\":true,\"panel_padding\":\"default\",\"panel_style\":\"card-default\",\"show_content\":true,\"show_hover_image\":true,\"show_hover_video\":true,\"show_image\":true,\"show_link\":true,\"show_meta\":true,\"show_title\":true,\"show_video\":true,\"slidenav\":\"bottom-right\",\"slidenav_breakpoint\":\"\",\"slidenav_margin\":\"\",\"slidenav_outside_breakpoint\":\"xl\",\"slider_autoplay\":true,\"slider_autoplay_interval\":\"3\",\"slider_autoplay_pause\":true,\"slider_gap\":\"default\",\"slider_velocity\":\"0.5\",\"slider_width\":\"fixed\",\"slider_width_default\":\"1-1\",\"slider_width_medium\":\"1-2\",\"title_align\":\"top\",\"title_element\":\"h5\",\"title_grid_breakpoint\":\"m\",\"title_grid_width\":\"1-2\",\"title_hover_style\":\"reset\",\"title_style\":\"h5\"},\"children\":[{\"type\":\"panel-slider_item\",\"props\":{\"content\":\"Lorem ipsum dolor sit amet consectetur adipiscing eli.\",\"image\":\"wp-content\\\/uploads\\\/yootheme\\\/development-partners-02.svg\",\"title\":\"Lorem ipsum dolor sit amet\"}},{\"type\":\"panel-slider_item\",\"props\":{\"content\":\"Lorem ipsum dolor sit amet consectetur adipiscing eli.\",\"image\":\"wp-content\\\/uploads\\\/yootheme\\\/development-partners-02.svg\",\"title\":\"Lorem ipsum dolor sit amet\"}},{\"type\":\"panel-slider_item\",\"props\":{\"content\":\"Lorem ipsum dolor sit amet consectetur adipiscing eli.\",\"image\":\"wp-content\\\/uploads\\\/yootheme\\\/development-partners-02.svg\",\"title\":\"Lorem ipsum dolor sit amet\"}},{\"type\":\"panel-slider_item\",\"props\":{\"content\":\"Lorem ipsum dolor sit amet consectetur adipiscing eli.\",\"image\":\"wp-content\\\/uploads\\\/yootheme\\\/development-partners-02.svg\",\"title\":\"Lorem ipsum dolor sit amet\"}}]}]}],\"props\":{\"layout\":\"1-4,3-4\"}}],\"name\":\"portfolio\"}],\"version\":\"4.5.24\"} --><\/p>\n","protected":false},"excerpt":{"rendered":"<p>Protegendo o Futuro Digital Ciberseguran\u00e7a Com vasta experi\u00eancia, destacamo-nos na aquisi\u00e7\u00e3o e supervis\u00e3o de reivindica\u00e7\u00f5es judiciais, garantindo resultados \u00f3timos. Scroll down for more Criamos oportunidades no setor de ciberseguran\u00e7a, garantindo que as empresas possam enfrentar os complexos desafios do mundo digital. Ao alavancar a nossa base de conhecimento diversificada e abrangendo v\u00e1rios segmentos de ciberseguran\u00e7a [&hellip;]<\/p>\n","protected":false},"author":1,"featured_media":0,"parent":5254,"menu_order":0,"comment_status":"closed","ping_status":"closed","template":"","meta":{"_acf_changed":false,"footnotes":""},"class_list":["post-5258","page","type-page","status-publish","hentry"],"acf":[],"jetpack_sharing_enabled":true,"_links":{"self":[{"href":"http:\/\/manhattanpcm.com\/pt-br\/wp-json\/wp\/v2\/pages\/5258","targetHints":{"allow":["GET"]}}],"collection":[{"href":"http:\/\/manhattanpcm.com\/pt-br\/wp-json\/wp\/v2\/pages"}],"about":[{"href":"http:\/\/manhattanpcm.com\/pt-br\/wp-json\/wp\/v2\/types\/page"}],"author":[{"embeddable":true,"href":"http:\/\/manhattanpcm.com\/pt-br\/wp-json\/wp\/v2\/users\/1"}],"replies":[{"embeddable":true,"href":"http:\/\/manhattanpcm.com\/pt-br\/wp-json\/wp\/v2\/comments?post=5258"}],"version-history":[{"count":3,"href":"http:\/\/manhattanpcm.com\/pt-br\/wp-json\/wp\/v2\/pages\/5258\/revisions"}],"predecessor-version":[{"id":6209,"href":"http:\/\/manhattanpcm.com\/pt-br\/wp-json\/wp\/v2\/pages\/5258\/revisions\/6209"}],"up":[{"embeddable":true,"href":"http:\/\/manhattanpcm.com\/pt-br\/wp-json\/wp\/v2\/pages\/5254"}],"wp:attachment":[{"href":"http:\/\/manhattanpcm.com\/pt-br\/wp-json\/wp\/v2\/media?parent=5258"}],"curies":[{"name":"wp","href":"https:\/\/api.w.org\/{rel}","templated":true}]}}