{"id":5266,"date":"2023-03-31T01:50:12","date_gmt":"2023-03-31T01:50:12","guid":{"rendered":"https:\/\/manhattanpcm.com\/negocios\/software\/"},"modified":"2026-04-17T08:17:22","modified_gmt":"2026-04-17T08:17:22","slug":"software","status":"publish","type":"page","link":"http:\/\/manhattanpcm.com\/es\/negocios\/software\/","title":{"rendered":"Software"},"content":{"rendered":"<div>\n<h1>Impulsando Iniciativas de Software a Nivel Global<\/h1>\n<p>Software<\/p>\n<div>Aprovechamos oportunidades de inversi\u00f3n en software en todo el mundo; la innovaci\u00f3n es nuestra esencia. Contamos con amplia experiencia en tecnolog\u00edas de software, lo que nos permite identificar y respaldar iniciativas prometedoras mediante recursos y orientaci\u00f3n estrat\u00e9gica.<\/div>\n<p><a href=\"#intro\"><span uk-icon=\"icon: chevron-down; ratio: 1\"> <\/span>  Scroll down for more<\/a><\/p>\n<\/div>\n<h2>Somos tu acceso al mundo de las oportunidades de inversi\u00f3n en software; la innovaci\u00f3n est\u00e1 en el centro de lo que hacemos.<br \/>\n<\/h2>\n<div>\n<p>Nuestro profundo conocimiento de las tecnolog\u00edas de software nos permite identificar proyectos prometedores y ofrecerles tanto respaldo financiero como orientaci\u00f3n estrat\u00e9gica para impulsar su desarrollo. Al asociarnos con innovadores del sector, apoyamos la creaci\u00f3n de soluciones disruptivas que atienden necesidades de mercado a\u00fan no satisfechas.<\/p>\n<p>Con un enfoque riguroso en la maximizaci\u00f3n de resultados, en Manhattan Private Credit Markets aplicamos un modelo de gesti\u00f3n h\u00edbrido que combina estrategias macro y micro. Este enfoque integral nos permite comprender a fondo los modelos de negocio de nuestras empresas en cartera, sin perder de vista la visi\u00f3n general que garantiza el crecimiento sostenible.<\/p>\n<p>Invertir en una empresa de software prometedora es mucho m\u00e1s que aportar capital financiero. Es un compromiso activo de acompa\u00f1amiento, disciplina y excelencia. Nuestro equipo se distingue por su orientaci\u00f3n a resultados y por priorizar la creaci\u00f3n de valor para los inversores a trav\u00e9s de la construcci\u00f3n de las mejores carteras y estrategias empresariales. Esto solo es posible gracias a un equipo apasionado y dedicado, capaz de transformar innovaci\u00f3n en crecimiento tangible y sostenido.<\/p>\n<\/div>\n<p><img decoding=\"async\" src=\"\/wp-content\/uploads\/2023\/07\/img-software.jpg\" alt=\"\"><\/p>\n<h2>Estrategias<\/h2>\n<div>Ofrecemos una gesti\u00f3n pr\u00e1ctica con expertos en la materia integrados directamente en los equipos de nuestras empresas en cartera. Con una s\u00f3lida base en Propiedad Intelectual, optimizamos activamente carteras de PI, apoyamos la adquisici\u00f3n de talento y buscamos empresas de software que lideren tecnolog\u00edas emergentes con potencial de generar un impacto significativo en el mercado.<\/div>\n<ul>\n<li>\n<p>        <img decoding=\"async\" src=\"\/wp-content\/uploads\/2023\/07\/icons_hands_on_management.svg\" alt=\"\"><\/p>\n<h3>1. Gesti\u00f3n Pr\u00e1ctica<\/h3>\n<div>\n<p>Nuestros expertos especializados se incorporan dentro de los equipos directivos de las empresas de nuestra cartera, aportando experiencia y visi\u00f3n estrat\u00e9gica.<\/p>\n<\/div>\n<\/li>\n<li>\n<p>        <img decoding=\"async\" src=\"\/wp-content\/uploads\/2023\/07\/icons_ip_portfolio_optimization.svg\" alt=\"\"><\/p>\n<h3>2. Optimizaci\u00f3n de Cartera de PI<\/h3>\n<div>Con ra\u00edces firmemente establecidas en la Propiedad Intelectual, trabajamos estrechamente con nuestras empresas en cartera para identificar, proteger y maximizar el valor de sus activos de PI.<\/div>\n<\/li>\n<li>\n<p>        <img decoding=\"async\" src=\"\/wp-content\/uploads\/2023\/07\/icons_legal_strategy.svg\" alt=\"\"><\/p>\n<h3>3. Talento<\/h3>\n<div>Uno de los principales retos que enfrentan las empresas de software es la escasez de talento. Apoyamos a nuestras empresas en la atracci\u00f3n y retenci\u00f3n de los mejores profesionales del sector.<\/div>\n<\/li>\n<li>\n<p>        <img decoding=\"async\" src=\"\/wp-content\/uploads\/2023\/07\/icons-software_emerging-technologies.svg\" alt=\"\"><\/p>\n<h3>4. Tecnolog\u00edas Emergentes<\/h3>\n<div>Nos enfocamos en empresas de software que lideran el desarrollo de tecnolog\u00edas pioneras con el potencial de transformar industrias y generar un impacto relevante en el mercado.<\/div>\n<\/li>\n<\/ul>\n<p><!--more--><br \/>\n<!-- {\"type\":\"layout\",\"children\":[{\"name\":\"Hero\",\"type\":\"section\",\"props\":{\"animation\":\"slide-left-medium\",\"animation_delay\":\"100\",\"header_transparent\":true,\"header_transparent_noplaceholder\":false,\"header_transparent_text_color\":\"light\",\"height\":\"viewport\",\"height_offset_top\":true,\"image_effect\":\"parallax\",\"image_parallax_bgy\":\",-80\",\"image_position\":\"center-center\",\"image_size\":\"cover\",\"image_width\":\"2560\",\"overlap\":false,\"padding\":\"small\",\"padding_remove_bottom\":true,\"padding_remove_top\":false,\"preserve_color\":false,\"style\":\"primary\",\"title_breakpoint\":\"xl\",\"title_position\":\"top-left\",\"title_rotation\":\"left\",\"vertical_align\":\"bottom\",\"video\":\"wp-content\\\/uploads\\\/2026\\\/04\\\/5_oceans_partner_-_equity_header_video_v1-1080p.mp4\",\"video_height\":\"1080\",\"video_width\":\"1920\",\"width\":\"\"},\"children\":[{\"type\":\"row\",\"props\":{\"margin\":\"large\",\"margin_remove_top\":false,\"width\":\"xlarge\"},\"children\":[{\"type\":\"column\",\"props\":{\"image_position\":\"center-center\",\"position_sticky_breakpoint\":\"m\"},\"children\":[{\"type\":\"module\",\"props\":{\"css\":\".el-element {\\n    z-index: 5 !important;\\n}\",\"maxwidth\":\"medium\",\"menu_image_align\":\"center\",\"menu_image_margin\":true,\"menu_style\":\"default\",\"menu_type\":\"nav\",\"type\":\"nav_menu\",\"visibility\":\"m\",\"widget\":\"nav_menu-15\"}}]}]},{\"type\":\"row\",\"children\":[{\"type\":\"column\",\"props\":{\"image_position\":\"center-center\",\"position_sticky_breakpoint\":\"m\",\"vertical_align\":\"bottom\",\"width_medium\":\"2-5\"},\"children\":[{\"type\":\"panel\",\"props\":{\"animation\":\"fade\",\"content\":\"Aprovechamos oportunidades de inversi\\u00f3n en software en todo el mundo; la innovaci\\u00f3n es nuestra esencia. Contamos con amplia experiencia en tecnolog\\u00edas de software, lo que nos permite identificar y respaldar iniciativas prometedoras mediante recursos y orientaci\\u00f3n estrat\\u00e9gica.\",\"content_column_breakpoint\":\"m\",\"icon_width\":80,\"image_align\":\"top\",\"image_grid_breakpoint\":\"m\",\"image_grid_width\":\"1-2\",\"image_svg_color\":\"emphasis\",\"link\":\"#intro\",\"link_margin\":\"medium\",\"link_style\":\"link-muted\",\"link_text\":\"<span uk-icon=\\\"icon: chevron-down; ratio: 1\\\"> <\\\/span>  Scroll down for more\",\"margin\":\"default\",\"maxwidth\":\"xlarge\",\"meta\":\"Software\",\"meta_align\":\"above-title\",\"meta_element\":\"div\",\"meta_style\":\"\",\"panel_padding\":\"large\",\"panel_style\":\"card-secondary\",\"title\":\"Impulsando Iniciativas de Software a Nivel Global\",\"title_align\":\"top\",\"title_element\":\"h1\",\"title_grid_breakpoint\":\"m\",\"title_grid_width\":\"1-2\",\"title_hover_style\":\"reset\",\"title_style\":\"h1\"}}]},{\"type\":\"column\",\"props\":{\"image_position\":\"center-center\",\"position_sticky_breakpoint\":\"m\",\"width_medium\":\"3-5\"}}],\"props\":{\"layout\":\"2-5,3-5\",\"margin_remove_bottom\":true,\"match\":false}}]},{\"type\":\"section\",\"props\":{\"animation\":\"fade\",\"animation_delay\":\"100\",\"id\":\"intro\",\"image_position\":\"center-center\",\"padding\":\"xlarge\",\"padding_remove_bottom\":false,\"padding_remove_top\":true,\"style\":\"muted\",\"title_breakpoint\":\"xl\",\"title_position\":\"top-left\",\"title_rotation\":\"left\",\"vertical_align\":\"\",\"width\":\"xlarge\"},\"children\":[{\"type\":\"row\",\"props\":{\"column_gap\":\"collapse\"},\"children\":[{\"type\":\"column\",\"props\":{\"image_position\":\"center-center\",\"position_sticky\":\"section\",\"position_sticky_breakpoint\":\"m\",\"position_sticky_offset\":\"0\"}}]},{\"type\":\"row\",\"props\":{\"column_gap\":\"large\",\"layout\":\"1-4,3-4\",\"margin\":\"xlarge\"},\"children\":[{\"type\":\"column\",\"props\":{\"image_position\":\"center-center\",\"position_sticky\":\"section\",\"position_sticky_breakpoint\":\"m\",\"position_sticky_offset\":\"100\",\"width_medium\":\"1-4\"},\"children\":[{\"type\":\"headline\",\"props\":{\"title_element\":\"h3\",\"title_style\":\"h3\",\"visibility\":\"m\"},\"source\":{\"query\":{\"name\":\"pages.singlePage\"},\"props\":{\"content\":{\"filters\":{\"search\":\"\"},\"name\":\"title\"}}}},{\"type\":\"nav\",\"props\":{\"grid\":\"1\",\"grid_divider\":false,\"image_vertical_align\":false,\"nav_style\":\"default\",\"show_image\":true,\"show_meta\":true,\"visibility\":\"m\"},\"children\":[{\"type\":\"nav_item\",\"source\":{\"query\":{\"name\":\"customMenuItems\",\"arguments\":{\"id\":6,\"parent\":\"\",\"heading\":\"\",\"include_heading\":true}},\"props\":{\"content\":{\"filters\":{\"search\":\"\"},\"name\":\"title\"},\"link\":{\"filters\":{\"search\":\"\"},\"name\":\"url\"},\"active\":{\"filters\":{\"search\":\"\"},\"name\":\"active\"}}}}]}]},{\"type\":\"column\",\"props\":{\"image_position\":\"center-center\",\"position_sticky_breakpoint\":\"m\",\"width_medium\":\"3-4\"},\"children\":[{\"type\":\"fragment\",\"children\":[{\"type\":\"row\",\"children\":[{\"type\":\"column\",\"props\":{\"image_position\":\"center-center\",\"position_sticky_breakpoint\":\"m\",\"width_medium\":\"3-5\"},\"children\":[{\"type\":\"headline\",\"props\":{\"content\":\"Somos tu acceso al mundo de las oportunidades de inversi\\u00f3n en software; la innovaci\\u00f3n est\\u00e1 en el centro de lo que hacemos.\\n\",\"id\":\"overview\",\"title_element\":\"h2\",\"title_style\":\"h2\"}},{\"type\":\"text\",\"props\":{\"column_breakpoint\":\"m\",\"content\":\"\n\n<p>Nuestro profundo conocimiento de las tecnolog\\u00edas de software nos permite identificar proyectos prometedores y ofrecerles tanto respaldo financiero como orientaci\\u00f3n estrat\\u00e9gica para impulsar su desarrollo. Al asociarnos con innovadores del sector, apoyamos la creaci\\u00f3n de soluciones disruptivas que atienden necesidades de mercado a\\u00fan no satisfechas.<\\\/p>\\n\n\n<p>Con un enfoque riguroso en la maximizaci\\u00f3n de resultados, en Manhattan Private Credit Markets aplicamos un modelo de gesti\\u00f3n h\\u00edbrido que combina estrategias macro y micro. Este enfoque integral nos permite comprender a fondo los modelos de negocio de nuestras empresas en cartera, sin perder de vista la visi\\u00f3n general que garantiza el crecimiento sostenible.<\\\/p>\\n\n\n<p>Invertir en una empresa de software prometedora es mucho m\\u00e1s que aportar capital financiero. Es un compromiso activo de acompa\\u00f1amiento, disciplina y excelencia. Nuestro equipo se distingue por su orientaci\\u00f3n a resultados y por priorizar la creaci\\u00f3n de valor para los inversores a trav\\u00e9s de la construcci\\u00f3n de las mejores carteras y estrategias empresariales. Esto solo es posible gracias a un equipo apasionado y dedicado, capaz de transformar innovaci\\u00f3n en crecimiento tangible y sostenido.<\\\/p>\",\"margin\":\"medium\",\"maxwidth\":\"xlarge\"}}]},{\"type\":\"column\",\"props\":{\"image_position\":\"center-center\",\"position_sticky_breakpoint\":\"m\",\"width_medium\":\"2-5\"},\"children\":[{\"type\":\"image\",\"props\":{\"animation\":\"parallax\",\"image\":\"wp-content\\\/uploads\\\/2023\\\/07\\\/img-software.jpg\",\"image_svg_color\":\"emphasis\",\"image_width\":\"400\",\"margin\":\"default\",\"parallax_breakpoint\":\"m\",\"parallax_y\":\",160\"}}]}],\"props\":{\"column_gap\":\"large\",\"id\":\"overview\",\"layout\":\"3-5,2-5\"}},{\"type\":\"row\",\"props\":{\"margin\":\"xlarge\"},\"children\":[{\"type\":\"column\",\"props\":{\"image_position\":\"center-center\",\"position_sticky_breakpoint\":\"m\"},\"children\":[{\"type\":\"headline\",\"props\":{\"content\":\"Estrategias\",\"id\":\"strategies\",\"title_element\":\"h2\",\"title_style\":\"h3\"}},{\"type\":\"text\",\"props\":{\"column_breakpoint\":\"m\",\"content\":\"Ofrecemos una gesti\\u00f3n pr\\u00e1ctica con expertos en la materia integrados directamente en los equipos de nuestras empresas en cartera. Con una s\\u00f3lida base en Propiedad Intelectual, optimizamos activamente carteras de PI, apoyamos la adquisici\\u00f3n de talento y buscamos empresas de software que lideren tecnolog\\u00edas emergentes con potencial de generar un impacto significativo en el mercado.\",\"margin\":\"default\",\"maxwidth\":\"xlarge\"}},{\"type\":\"grid\",\"props\":{\"content_column_breakpoint\":\"m\",\"content_margin\":\"small\",\"filter_align\":\"left\",\"filter_all\":true,\"filter_grid_breakpoint\":\"m\",\"filter_grid_width\":\"auto\",\"filter_position\":\"top\",\"filter_style\":\"tab\",\"grid_column_gap\":\"large\",\"grid_default\":\"1\",\"grid_medium\":\"2\",\"grid_row_gap\":\"large\",\"icon_width\":80,\"id\":\"strategies\",\"image_align\":\"top\",\"image_grid_breakpoint\":\"m\",\"image_grid_width\":\"1-2\",\"image_svg_color\":\"emphasis\",\"image_width\":\"75\",\"item_animation\":true,\"lightbox_bg_close\":true,\"link_style\":\"default\",\"link_text\":\"Read more\",\"margin\":\"large\",\"maxwidth\":\"2xlarge\",\"meta_align\":\"below-title\",\"meta_element\":\"div\",\"meta_style\":\"text-meta\",\"show_content\":true,\"show_hover_image\":true,\"show_hover_video\":true,\"show_image\":true,\"show_link\":true,\"show_meta\":true,\"show_title\":true,\"show_video\":true,\"title_align\":\"top\",\"title_element\":\"h3\",\"title_grid_breakpoint\":\"m\",\"title_grid_width\":\"1-2\",\"title_hover_style\":\"reset\"},\"children\":[{\"type\":\"grid_item\",\"props\":{\"content\":\"\n\n<p>Nuestros expertos especializados se incorporan dentro de los equipos directivos de las empresas de nuestra cartera, aportando experiencia y visi\\u00f3n estrat\\u00e9gica.<\\\/p>\",\"image\":\"wp-content\\\/uploads\\\/2023\\\/07\\\/icons_hands_on_management.svg\",\"title\":\"1. Gesti\\u00f3n Pr\\u00e1ctica\"}},{\"type\":\"grid_item\",\"props\":{\"content\":\"Con ra\\u00edces firmemente establecidas en la Propiedad Intelectual, trabajamos estrechamente con nuestras empresas en cartera para identificar, proteger y maximizar el valor de sus activos de PI.\",\"image\":\"wp-content\\\/uploads\\\/2023\\\/07\\\/icons_ip_portfolio_optimization.svg\",\"title\":\"2. Optimizaci\\u00f3n de Cartera de PI\"}},{\"type\":\"grid_item\",\"props\":{\"content\":\"Uno de los principales retos que enfrentan las empresas de software es la escasez de talento. Apoyamos a nuestras empresas en la atracci\\u00f3n y retenci\\u00f3n de los mejores profesionales del sector.\",\"image\":\"wp-content\\\/uploads\\\/2023\\\/07\\\/icons_legal_strategy.svg\",\"title\":\"3. Talento\"}},{\"type\":\"grid_item\",\"props\":{\"content\":\"Nos enfocamos en empresas de software que lideran el desarrollo de tecnolog\\u00edas pioneras con el potencial de transformar industrias y generar un impacto relevante en el mercado.\",\"image\":\"wp-content\\\/uploads\\\/2023\\\/07\\\/icons-software_emerging-technologies.svg\",\"title\":\"4. Tecnolog\\u00edas Emergentes\"}}]}]}]}],\"props\":{\"margin\":\"default\"}}]}]}]},{\"type\":\"section\",\"props\":{\"animation\":\"fade\",\"animation_delay\":\"100\",\"id\":\"portfolio\",\"image_position\":\"center-center\",\"padding\":\"large\",\"padding_remove_top\":false,\"status\":\"disabled\",\"style\":\"muted\",\"title_breakpoint\":\"xl\",\"title_position\":\"top-left\",\"title_rotation\":\"left\",\"vertical_align\":\"\",\"width\":\"xlarge\"},\"children\":[{\"type\":\"row\",\"children\":[{\"type\":\"column\",\"props\":{\"image_position\":\"center-center\",\"position_sticky_breakpoint\":\"m\",\"width_medium\":\"1-4\"}},{\"type\":\"column\",\"props\":{\"image_position\":\"center-center\",\"position_sticky_breakpoint\":\"m\",\"width_medium\":\"3-4\"},\"children\":[{\"type\":\"headline\",\"props\":{\"content\":\"Portfolio\",\"title_element\":\"h2\",\"title_style\":\"h3\"}},{\"type\":\"panel-slider\",\"props\":{\"content_column_breakpoint\":\"m\",\"icon_width\":80,\"image_align\":\"left\",\"image_grid_breakpoint\":\"m\",\"image_grid_column_gap\":\"large\",\"image_grid_width\":\"auto\",\"image_svg_color\":\"emphasis\",\"image_vertical_align\":true,\"link_style\":\"default\",\"link_text\":\"Read more\",\"margin\":\"medium\",\"meta_align\":\"below-title\",\"meta_element\":\"div\",\"meta_style\":\"text-meta\",\"nav\":\"dotnav\",\"nav_align\":\"right\",\"nav_breakpoint\":\"\",\"panel_match\":true,\"panel_padding\":\"default\",\"panel_style\":\"card-default\",\"show_content\":true,\"show_hover_image\":true,\"show_hover_video\":true,\"show_image\":true,\"show_link\":true,\"show_meta\":true,\"show_title\":true,\"show_video\":true,\"slidenav\":\"bottom-right\",\"slidenav_breakpoint\":\"\",\"slidenav_margin\":\"\",\"slidenav_outside_breakpoint\":\"xl\",\"slider_autoplay\":true,\"slider_autoplay_interval\":\"3\",\"slider_autoplay_pause\":true,\"slider_gap\":\"default\",\"slider_velocity\":\"0.5\",\"slider_width\":\"fixed\",\"slider_width_default\":\"1-1\",\"slider_width_medium\":\"1-2\",\"title_align\":\"top\",\"title_element\":\"h5\",\"title_grid_breakpoint\":\"m\",\"title_grid_width\":\"1-2\",\"title_hover_style\":\"reset\",\"title_style\":\"h5\"},\"children\":[{\"type\":\"panel-slider_item\",\"props\":{\"content\":\"Lorem ipsum dolor sit amet consectetur adipiscing eli.\",\"image\":\"wp-content\\\/uploads\\\/yootheme\\\/development-partners-02.svg\",\"title\":\"Lorem ipsum dolor sit amet\"}},{\"type\":\"panel-slider_item\",\"props\":{\"content\":\"Lorem ipsum dolor sit amet consectetur adipiscing eli.\",\"image\":\"wp-content\\\/uploads\\\/yootheme\\\/development-partners-02.svg\",\"title\":\"Lorem ipsum dolor sit amet\"}},{\"type\":\"panel-slider_item\",\"props\":{\"content\":\"Lorem ipsum dolor sit amet consectetur adipiscing eli.\",\"image\":\"wp-content\\\/uploads\\\/yootheme\\\/development-partners-02.svg\",\"title\":\"Lorem ipsum dolor sit amet\"}},{\"type\":\"panel-slider_item\",\"props\":{\"content\":\"Lorem ipsum dolor sit amet consectetur adipiscing eli.\",\"image\":\"wp-content\\\/uploads\\\/yootheme\\\/development-partners-02.svg\",\"title\":\"Lorem ipsum dolor sit amet\"}}]}]}],\"props\":{\"layout\":\"1-4,3-4\"}}],\"name\":\"portfolio\"}],\"version\":\"4.5.24\"} --><\/p>\n","protected":false},"excerpt":{"rendered":"<p>Impulsando Iniciativas de Software a Nivel Global Software Aprovechamos oportunidades de inversi\u00f3n en software en todo el mundo; la innovaci\u00f3n es nuestra esencia. Contamos con amplia experiencia en tecnolog\u00edas de software, lo que nos permite identificar y respaldar iniciativas prometedoras mediante recursos y orientaci\u00f3n estrat\u00e9gica. Scroll down for more Somos tu acceso al mundo de [&hellip;]<\/p>\n","protected":false},"author":1,"featured_media":0,"parent":5256,"menu_order":0,"comment_status":"closed","ping_status":"closed","template":"","meta":{"_acf_changed":false,"footnotes":""},"class_list":["post-5266","page","type-page","status-publish","hentry"],"acf":[],"jetpack_sharing_enabled":true,"_links":{"self":[{"href":"http:\/\/manhattanpcm.com\/es\/wp-json\/wp\/v2\/pages\/5266","targetHints":{"allow":["GET"]}}],"collection":[{"href":"http:\/\/manhattanpcm.com\/es\/wp-json\/wp\/v2\/pages"}],"about":[{"href":"http:\/\/manhattanpcm.com\/es\/wp-json\/wp\/v2\/types\/page"}],"author":[{"embeddable":true,"href":"http:\/\/manhattanpcm.com\/es\/wp-json\/wp\/v2\/users\/1"}],"replies":[{"embeddable":true,"href":"http:\/\/manhattanpcm.com\/es\/wp-json\/wp\/v2\/comments?post=5266"}],"version-history":[{"count":3,"href":"http:\/\/manhattanpcm.com\/es\/wp-json\/wp\/v2\/pages\/5266\/revisions"}],"predecessor-version":[{"id":6225,"href":"http:\/\/manhattanpcm.com\/es\/wp-json\/wp\/v2\/pages\/5266\/revisions\/6225"}],"up":[{"embeddable":true,"href":"http:\/\/manhattanpcm.com\/es\/wp-json\/wp\/v2\/pages\/5256"}],"wp:attachment":[{"href":"http:\/\/manhattanpcm.com\/es\/wp-json\/wp\/v2\/media?parent=5266"}],"curies":[{"name":"wp","href":"https:\/\/api.w.org\/{rel}","templated":true}]}}