{"id":5264,"date":"2023-03-31T01:48:40","date_gmt":"2023-03-31T01:48:40","guid":{"rendered":"https:\/\/manhattanpcm.com\/negocios\/bienes-raices\/"},"modified":"2026-04-17T08:17:10","modified_gmt":"2026-04-17T08:17:10","slug":"bienes-raices","status":"publish","type":"page","link":"http:\/\/manhattanpcm.com\/es\/negocios\/bienes-raices\/","title":{"rendered":"Bienes Ra\u00edces"},"content":{"rendered":"<div>\n<h1>Navegando el Crecimiento e Inversi\u00f3n<\/h1>\n<p>Bienes Ra\u00edces<\/p>\n<div>La industria inmobiliaria es un sector din\u00e1mico y en constante evoluci\u00f3n que presenta enormes oportunidades de crecimiento e inversi\u00f3n. Comprendemos los desaf\u00edos \u00fanicos y el potencial del mercado inmobiliario.<\/div>\n<p><a href=\"#intro\"><span uk-icon=\"icon: chevron-down; ratio: 1\"> <\/span>  Scroll down for more<\/a><\/p>\n<\/div>\n<h2>Reconocemos que el \u00e9xito en el sector inmobiliario requiere un enfoque multifac\u00e9tico. Por ello, aportamos mucho m\u00e1s que simples recursos financieros.<\/h2>\n<div>\n<p>Ofrecemos un enfoque estrat\u00e9gico e integral para respaldar sus proyectos inmobiliarios, proporcionando el capital necesario, conocimientos del sector y experiencia operativa para impulsar su crecimiento. Nuestro objetivo es empoderar a las empresas de nuestra cartera para que alcancen su m\u00e1ximo potencial, ya sea mediante proyectos innovadores de desarrollo inmobiliario, aprovechando soluciones tecnol\u00f3gicas de vanguardia para optimizar operaciones, o mejorando las estrategias de gesti\u00f3n de activos.<\/p>\n<p>Nuestro equipo en Manhattan Private Credit Markets est\u00e1 profundamente orientado a resultados. Muchas firmas de capital privado podr\u00e1n afirmarlo, pero pocas lo cumplen. La raz\u00f3n es que nuestro equipo est\u00e1 conformado \u00fanicamente por profesionales capaces de dejar el ego de lado, abiertos a dar y recibir cr\u00edticas constructivas y enfocados en maximizar la eficiencia. En Manhattan Private Credit Markets priorizamos ofrecer valor a los inversionistas mediante la construcci\u00f3n de las mejores compa\u00f1\u00edas y estrategias posibles. Creemos que la creaci\u00f3n de valor se logra a trav\u00e9s de la participaci\u00f3n proactiva y la gesti\u00f3n activa.<\/p>\n<p>Como su puerta de entrada al crecimiento financiero, la gesti\u00f3n directa y cercana se encuentra en el n\u00facleo de nuestra filosof\u00eda de inversi\u00f3n. Ya sea que est\u00e9 desarrollando un nuevo centro de uso mixto, ampliando su portafolio multifamiliar o diversificando sus inversiones a trav\u00e9s de sectores inmobiliarios alternativos, estamos comprometidos a brindarle la estrategia, el apoyo y la experiencia necesarios para ayudarle a alcanzar sus objetivos de crecimiento.<\/p>\n<\/div>\n<p><img decoding=\"async\" src=\"\/wp-content\/uploads\/2023\/07\/img-real-estate-1-scaled.jpg\" alt=\"\"><\/p>\n<h2>Estrategias<\/h2>\n<div>Ofrecemos valiosos conocimientos sobre gesti\u00f3n activa y pr\u00e1ctica, aprovechando una profunda experiencia vertical y utilizando soluciones tecnol\u00f3gicas de vanguardia. Descubra clases de activos alternativos y adopte las tendencias emergentes del sector inmobiliario para tomar decisiones informadas que maximicen su potencial de inversi\u00f3n.<\/div>\n<ul>\n<li>\n<p>        <img decoding=\"async\" src=\"\/wp-content\/uploads\/2023\/07\/icons_hands_on_management.svg\" alt=\"\"><\/p>\n<h3>1. Gesti\u00f3n Activa y Pr\u00e1ctica<\/h3>\n<\/li>\n<li>\n<p>        <img decoding=\"async\" src=\"\/wp-content\/uploads\/2023\/07\/icons-real-estate_deep-vertical-expertise.svg\" alt=\"\"><\/p>\n<h3>2. Experiencia Vertical Especializada<\/h3>\n<\/li>\n<li>\n<p>        <img decoding=\"async\" src=\"\/wp-content\/uploads\/2023\/07\/icons-software_emerging-technologies.svg\" alt=\"\"><\/p>\n<h3>3. Soluciones Tecnol\u00f3gicas de Vanguardia<\/h3>\n<\/li>\n<li>\n<p>        <img decoding=\"async\" src=\"\/wp-content\/uploads\/2023\/07\/icons-cybersecurity-inflection-points.svg\" alt=\"\"><\/p>\n<h3>4. Clases de Activos Alternativos<\/h3>\n<\/li>\n<li>\n<p>        <img decoding=\"async\" src=\"\/wp-content\/uploads\/2023\/07\/icons-real-estate_embracing-emergent-real.svg\" alt=\"\"><\/p>\n<h3>5. Adopci\u00f3n de Tendencias Emergentes en Bienes Ra\u00edces<\/h3>\n<\/li>\n<\/ul>\n<p><!--more--><br \/>\n<!-- {\"type\":\"layout\",\"children\":[{\"name\":\"Hero\",\"type\":\"section\",\"props\":{\"animation\":\"slide-left-medium\",\"animation_delay\":\"100\",\"header_transparent\":true,\"header_transparent_noplaceholder\":false,\"header_transparent_text_color\":\"light\",\"height\":\"viewport\",\"height_offset_top\":true,\"image_effect\":\"parallax\",\"image_parallax_bgy\":\",-80\",\"image_position\":\"center-center\",\"image_size\":\"cover\",\"image_width\":\"2560\",\"overlap\":false,\"padding\":\"small\",\"padding_remove_bottom\":true,\"padding_remove_top\":false,\"preserve_color\":false,\"style\":\"primary\",\"title_breakpoint\":\"xl\",\"title_position\":\"top-left\",\"title_rotation\":\"left\",\"vertical_align\":\"bottom\",\"video\":\"wp-content\\\/uploads\\\/2026\\\/04\\\/5_oceans_partner_-_real_estate_header_v1-1440p.mp4\",\"video_height\":\"1080\",\"video_width\":\"1920\",\"width\":\"\"},\"children\":[{\"type\":\"row\",\"props\":{\"margin\":\"large\",\"margin_remove_top\":false,\"width\":\"xlarge\"},\"children\":[{\"type\":\"column\",\"props\":{\"image_position\":\"center-center\",\"position_sticky_breakpoint\":\"m\"},\"children\":[{\"type\":\"module\",\"props\":{\"css\":\".el-element {\\n    z-index: 5 !important;\\n}\",\"maxwidth\":\"medium\",\"menu_image_align\":\"center\",\"menu_image_margin\":true,\"menu_style\":\"default\",\"menu_type\":\"nav\",\"type\":\"nav_menu\",\"visibility\":\"m\",\"widget\":\"nav_menu-15\"}}]}]},{\"type\":\"row\",\"children\":[{\"type\":\"column\",\"props\":{\"image_position\":\"center-center\",\"position_sticky_breakpoint\":\"m\",\"vertical_align\":\"bottom\",\"width_medium\":\"2-5\"},\"children\":[{\"type\":\"panel\",\"props\":{\"animation\":\"fade\",\"content\":\"La industria inmobiliaria es un sector din\\u00e1mico y en constante evoluci\\u00f3n que presenta enormes oportunidades de crecimiento e inversi\\u00f3n. Comprendemos los desaf\\u00edos \\u00fanicos y el potencial del mercado inmobiliario.\",\"content_column_breakpoint\":\"m\",\"icon_width\":80,\"image_align\":\"top\",\"image_grid_breakpoint\":\"m\",\"image_grid_width\":\"1-2\",\"image_svg_color\":\"emphasis\",\"link\":\"#intro\",\"link_margin\":\"medium\",\"link_style\":\"link-muted\",\"link_text\":\"<span uk-icon=\\\"icon: chevron-down; ratio: 1\\\"> <\\\/span>  Scroll down for more\",\"margin\":\"default\",\"maxwidth\":\"xlarge\",\"meta\":\"Bienes Ra\\u00edces\",\"meta_align\":\"above-title\",\"meta_element\":\"div\",\"meta_style\":\"\",\"panel_padding\":\"large\",\"panel_style\":\"card-secondary\",\"title\":\"Navegando el Crecimiento e Inversi\\u00f3n\",\"title_align\":\"top\",\"title_element\":\"h1\",\"title_grid_breakpoint\":\"m\",\"title_grid_width\":\"1-2\",\"title_hover_style\":\"reset\",\"title_margin\":\"small\",\"title_style\":\"h1\"}}]},{\"type\":\"column\",\"props\":{\"image_position\":\"center-center\",\"position_sticky_breakpoint\":\"m\",\"width_medium\":\"3-5\"}}],\"props\":{\"layout\":\"2-5,3-5\",\"margin_remove_bottom\":true,\"match\":false}}]},{\"type\":\"section\",\"props\":{\"animation\":\"fade\",\"animation_delay\":\"100\",\"id\":\"intro\",\"image_position\":\"center-center\",\"padding\":\"xlarge\",\"padding_remove_bottom\":false,\"padding_remove_top\":true,\"style\":\"muted\",\"title_breakpoint\":\"xl\",\"title_position\":\"top-left\",\"title_rotation\":\"left\",\"vertical_align\":\"\",\"width\":\"xlarge\"},\"children\":[{\"type\":\"row\",\"props\":{\"column_gap\":\"collapse\"},\"children\":[{\"type\":\"column\",\"props\":{\"image_position\":\"center-center\",\"position_sticky\":\"section\",\"position_sticky_breakpoint\":\"m\",\"position_sticky_offset\":\"0\"}}]},{\"type\":\"row\",\"props\":{\"column_gap\":\"large\",\"layout\":\"1-4,3-4\",\"margin\":\"xlarge\"},\"children\":[{\"type\":\"column\",\"props\":{\"image_position\":\"center-center\",\"position_sticky\":\"section\",\"position_sticky_breakpoint\":\"m\",\"position_sticky_offset\":\"100\",\"width_medium\":\"1-4\"},\"children\":[{\"type\":\"headline\",\"props\":{\"title_element\":\"h3\",\"title_style\":\"h3\",\"visibility\":\"m\"},\"source\":{\"query\":{\"name\":\"pages.singlePage\"},\"props\":{\"content\":{\"filters\":{\"search\":\"\"},\"name\":\"title\"}}}},{\"type\":\"nav\",\"props\":{\"grid\":\"1\",\"grid_divider\":false,\"image_vertical_align\":false,\"nav_style\":\"default\",\"show_image\":true,\"show_meta\":true,\"visibility\":\"m\"},\"children\":[{\"type\":\"nav_item\",\"source\":{\"query\":{\"name\":\"customMenuItems\",\"arguments\":{\"id\":6,\"parent\":\"\",\"heading\":\"\",\"include_heading\":true}},\"props\":{\"content\":{\"filters\":{\"search\":\"\"},\"name\":\"title\"},\"link\":{\"filters\":{\"search\":\"\"},\"name\":\"url\"},\"active\":{\"filters\":{\"search\":\"\"},\"name\":\"active\"}}}}]}]},{\"type\":\"column\",\"props\":{\"image_position\":\"center-center\",\"position_sticky_breakpoint\":\"m\",\"width_medium\":\"3-4\"},\"children\":[{\"type\":\"fragment\",\"children\":[{\"type\":\"row\",\"children\":[{\"type\":\"column\",\"props\":{\"image_position\":\"center-center\",\"position_sticky_breakpoint\":\"m\"},\"children\":[{\"type\":\"headline\",\"props\":{\"content\":\"Reconocemos que el \\u00e9xito en el sector inmobiliario requiere un enfoque multifac\\u00e9tico. Por ello, aportamos mucho m\\u00e1s que simples recursos financieros.\",\"id\":\"overview\",\"maxwidth\":\"2xlarge\",\"title_element\":\"h2\",\"title_style\":\"h2\"}},{\"type\":\"text\",\"props\":{\"column_breakpoint\":\"m\",\"content\":\"\n\n<p>Ofrecemos un enfoque estrat\\u00e9gico e integral para respaldar sus proyectos inmobiliarios, proporcionando el capital necesario, conocimientos del sector y experiencia operativa para impulsar su crecimiento. Nuestro objetivo es empoderar a las empresas de nuestra cartera para que alcancen su m\\u00e1ximo potencial, ya sea mediante proyectos innovadores de desarrollo inmobiliario, aprovechando soluciones tecnol\\u00f3gicas de vanguardia para optimizar operaciones, o mejorando las estrategias de gesti\\u00f3n de activos.<\\\/p>\\n\n\n<p>Nuestro equipo en Manhattan Private Credit Markets est\\u00e1 profundamente orientado a resultados. Muchas firmas de capital privado podr\\u00e1n afirmarlo, pero pocas lo cumplen. La raz\\u00f3n es que nuestro equipo est\\u00e1 conformado \\u00fanicamente por profesionales capaces de dejar el ego de lado, abiertos a dar y recibir cr\\u00edticas constructivas y enfocados en maximizar la eficiencia. En Manhattan Private Credit Markets priorizamos ofrecer valor a los inversionistas mediante la construcci\\u00f3n de las mejores compa\\u00f1\\u00edas y estrategias posibles. Creemos que la creaci\\u00f3n de valor se logra a trav\\u00e9s de la participaci\\u00f3n proactiva y la gesti\\u00f3n activa.<\\\/p>\\n\n\n<p>Como su puerta de entrada al crecimiento financiero, la gesti\\u00f3n directa y cercana se encuentra en el n\\u00facleo de nuestra filosof\\u00eda de inversi\\u00f3n. Ya sea que est\\u00e9 desarrollando un nuevo centro de uso mixto, ampliando su portafolio multifamiliar o diversificando sus inversiones a trav\\u00e9s de sectores inmobiliarios alternativos, estamos comprometidos a brindarle la estrategia, el apoyo y la experiencia necesarios para ayudarle a alcanzar sus objetivos de crecimiento.<\\\/p>\",\"margin\":\"medium\",\"maxwidth\":\"2xlarge\"}}]}],\"props\":{\"column_gap\":\"large\",\"id\":\"overview\"}},{\"type\":\"row\",\"props\":{\"margin\":\"large\"},\"children\":[{\"type\":\"column\",\"props\":{\"image_position\":\"center-center\",\"position_sticky_breakpoint\":\"m\"},\"children\":[{\"type\":\"image\",\"props\":{\"image\":\"wp-content\\\/uploads\\\/2023\\\/07\\\/img-real-estate-1-scaled.jpg\",\"image_svg_color\":\"emphasis\",\"margin\":\"large\",\"maxwidth\":\"2xlarge\",\"parallax_breakpoint\":\"m\",\"parallax_y\":\"-60,240\"}}]}]},{\"type\":\"row\",\"props\":{\"margin\":\"xlarge\"},\"children\":[{\"type\":\"column\",\"props\":{\"image_position\":\"center-center\",\"position_sticky_breakpoint\":\"m\"},\"children\":[{\"type\":\"headline\",\"props\":{\"content\":\"Estrategias\",\"id\":\"strategies\",\"title_element\":\"h2\",\"title_style\":\"h3\"}},{\"type\":\"text\",\"props\":{\"column_breakpoint\":\"m\",\"content\":\"Ofrecemos valiosos conocimientos sobre gesti\\u00f3n activa y pr\\u00e1ctica, aprovechando una profunda experiencia vertical y utilizando soluciones tecnol\\u00f3gicas de vanguardia. Descubra clases de activos alternativos y adopte las tendencias emergentes del sector inmobiliario para tomar decisiones informadas que maximicen su potencial de inversi\\u00f3n.\",\"margin\":\"default\",\"maxwidth\":\"2xlarge\"}},{\"type\":\"grid\",\"props\":{\"content_column_breakpoint\":\"m\",\"filter_align\":\"left\",\"filter_all\":true,\"filter_grid_breakpoint\":\"m\",\"filter_grid_width\":\"auto\",\"filter_position\":\"top\",\"filter_style\":\"tab\",\"grid_column_gap\":\"large\",\"grid_default\":\"1\",\"grid_large\":\"3\",\"grid_medium\":\"2\",\"grid_row_gap\":\"large\",\"icon_width\":80,\"id\":\"strategies\",\"image_align\":\"top\",\"image_grid_breakpoint\":\"m\",\"image_grid_width\":\"1-2\",\"image_svg_color\":\"emphasis\",\"image_width\":\"75\",\"item_animation\":true,\"lightbox_bg_close\":true,\"link_style\":\"default\",\"link_text\":\"Read more\",\"margin\":\"large\",\"meta_align\":\"below-title\",\"meta_element\":\"div\",\"meta_style\":\"text-meta\",\"show_content\":true,\"show_hover_image\":true,\"show_hover_video\":true,\"show_image\":true,\"show_link\":true,\"show_meta\":true,\"show_title\":true,\"show_video\":true,\"title_align\":\"top\",\"title_element\":\"h3\",\"title_grid_breakpoint\":\"m\",\"title_grid_width\":\"1-2\",\"title_hover_style\":\"reset\"},\"children\":[{\"type\":\"grid_item\",\"props\":{\"content\":\"\",\"image\":\"wp-content\\\/uploads\\\/2023\\\/07\\\/icons_hands_on_management.svg\",\"title\":\"1. Gesti\\u00f3n Activa y Pr\\u00e1ctica\"}},{\"type\":\"grid_item\",\"props\":{\"content\":\"\",\"image\":\"wp-content\\\/uploads\\\/2023\\\/07\\\/icons-real-estate_deep-vertical-expertise.svg\",\"title\":\"2. Experiencia Vertical Especializada\"}},{\"type\":\"grid_item\",\"props\":{\"content\":\"\",\"image\":\"wp-content\\\/uploads\\\/2023\\\/07\\\/icons-software_emerging-technologies.svg\",\"title\":\"3. Soluciones Tecnol\\u00f3gicas de Vanguardia\"}},{\"type\":\"grid_item\",\"props\":{\"content\":\"\",\"image\":\"wp-content\\\/uploads\\\/2023\\\/07\\\/icons-cybersecurity-inflection-points.svg\",\"title\":\"4. Clases de Activos Alternativos\"}},{\"type\":\"grid_item\",\"props\":{\"content\":\"\",\"image\":\"wp-content\\\/uploads\\\/2023\\\/07\\\/icons-real-estate_embracing-emergent-real.svg\",\"title\":\"5. Adopci\\u00f3n de Tendencias Emergentes en Bienes Ra\\u00edces\"}}]}]}]}],\"props\":{\"margin\":\"default\"}}]}]}]},{\"type\":\"section\",\"props\":{\"animation\":\"fade\",\"animation_delay\":\"100\",\"id\":\"portfolio\",\"image_position\":\"center-center\",\"padding\":\"large\",\"padding_remove_top\":false,\"status\":\"disabled\",\"style\":\"muted\",\"title_breakpoint\":\"xl\",\"title_position\":\"top-left\",\"title_rotation\":\"left\",\"vertical_align\":\"\",\"width\":\"xlarge\"},\"children\":[{\"type\":\"row\",\"children\":[{\"type\":\"column\",\"props\":{\"image_position\":\"center-center\",\"position_sticky_breakpoint\":\"m\",\"width_medium\":\"1-4\"}},{\"type\":\"column\",\"props\":{\"image_position\":\"center-center\",\"position_sticky_breakpoint\":\"m\",\"width_medium\":\"3-4\"},\"children\":[{\"type\":\"headline\",\"props\":{\"content\":\"Portfolio\",\"title_element\":\"h2\",\"title_style\":\"h3\"}},{\"type\":\"panel-slider\",\"props\":{\"content_column_breakpoint\":\"m\",\"icon_width\":80,\"image_align\":\"left\",\"image_grid_breakpoint\":\"m\",\"image_grid_column_gap\":\"large\",\"image_grid_width\":\"auto\",\"image_svg_color\":\"emphasis\",\"image_vertical_align\":true,\"link_style\":\"default\",\"link_text\":\"Read more\",\"margin\":\"medium\",\"meta_align\":\"below-title\",\"meta_element\":\"div\",\"meta_style\":\"text-meta\",\"nav\":\"dotnav\",\"nav_align\":\"right\",\"nav_breakpoint\":\"\",\"panel_match\":true,\"panel_padding\":\"default\",\"panel_style\":\"card-default\",\"show_content\":true,\"show_hover_image\":true,\"show_hover_video\":true,\"show_image\":true,\"show_link\":true,\"show_meta\":true,\"show_title\":true,\"show_video\":true,\"slidenav\":\"bottom-right\",\"slidenav_breakpoint\":\"\",\"slidenav_margin\":\"\",\"slidenav_outside_breakpoint\":\"xl\",\"slider_autoplay\":true,\"slider_autoplay_interval\":\"3\",\"slider_autoplay_pause\":true,\"slider_gap\":\"default\",\"slider_velocity\":\"0.5\",\"slider_width\":\"fixed\",\"slider_width_default\":\"1-1\",\"slider_width_medium\":\"1-2\",\"title_align\":\"top\",\"title_element\":\"h5\",\"title_grid_breakpoint\":\"m\",\"title_grid_width\":\"1-2\",\"title_hover_style\":\"reset\",\"title_style\":\"h5\"},\"children\":[{\"type\":\"panel-slider_item\",\"props\":{\"content\":\"Lorem ipsum dolor sit amet consectetur adipiscing eli.\",\"image\":\"wp-content\\\/uploads\\\/yootheme\\\/development-partners-02.svg\",\"title\":\"Lorem ipsum dolor sit amet\"}},{\"type\":\"panel-slider_item\",\"props\":{\"content\":\"Lorem ipsum dolor sit amet consectetur adipiscing eli.\",\"image\":\"wp-content\\\/uploads\\\/yootheme\\\/development-partners-02.svg\",\"title\":\"Lorem ipsum dolor sit amet\"}},{\"type\":\"panel-slider_item\",\"props\":{\"content\":\"Lorem ipsum dolor sit amet consectetur adipiscing eli.\",\"image\":\"wp-content\\\/uploads\\\/yootheme\\\/development-partners-02.svg\",\"title\":\"Lorem ipsum dolor sit amet\"}},{\"type\":\"panel-slider_item\",\"props\":{\"content\":\"Lorem ipsum dolor sit amet consectetur adipiscing eli.\",\"image\":\"wp-content\\\/uploads\\\/yootheme\\\/development-partners-02.svg\",\"title\":\"Lorem ipsum dolor sit amet\"}}]}]}],\"props\":{\"layout\":\"1-4,3-4\"}}],\"name\":\"portfolio\"}],\"version\":\"4.5.24\"} --><\/p>\n","protected":false},"excerpt":{"rendered":"<p>Navegando el Crecimiento e Inversi\u00f3n Bienes Ra\u00edces La industria inmobiliaria es un sector din\u00e1mico y en constante evoluci\u00f3n que presenta enormes oportunidades de crecimiento e inversi\u00f3n. Comprendemos los desaf\u00edos \u00fanicos y el potencial del mercado inmobiliario. Scroll down for more Reconocemos que el \u00e9xito en el sector inmobiliario requiere un enfoque multifac\u00e9tico. Por ello, aportamos [&hellip;]<\/p>\n","protected":false},"author":1,"featured_media":0,"parent":5256,"menu_order":0,"comment_status":"closed","ping_status":"closed","template":"","meta":{"_acf_changed":false,"footnotes":""},"class_list":["post-5264","page","type-page","status-publish","hentry"],"acf":[],"jetpack_sharing_enabled":true,"_links":{"self":[{"href":"http:\/\/manhattanpcm.com\/es\/wp-json\/wp\/v2\/pages\/5264","targetHints":{"allow":["GET"]}}],"collection":[{"href":"http:\/\/manhattanpcm.com\/es\/wp-json\/wp\/v2\/pages"}],"about":[{"href":"http:\/\/manhattanpcm.com\/es\/wp-json\/wp\/v2\/types\/page"}],"author":[{"embeddable":true,"href":"http:\/\/manhattanpcm.com\/es\/wp-json\/wp\/v2\/users\/1"}],"replies":[{"embeddable":true,"href":"http:\/\/manhattanpcm.com\/es\/wp-json\/wp\/v2\/comments?post=5264"}],"version-history":[{"count":3,"href":"http:\/\/manhattanpcm.com\/es\/wp-json\/wp\/v2\/pages\/5264\/revisions"}],"predecessor-version":[{"id":6224,"href":"http:\/\/manhattanpcm.com\/es\/wp-json\/wp\/v2\/pages\/5264\/revisions\/6224"}],"up":[{"embeddable":true,"href":"http:\/\/manhattanpcm.com\/es\/wp-json\/wp\/v2\/pages\/5256"}],"wp:attachment":[{"href":"http:\/\/manhattanpcm.com\/es\/wp-json\/wp\/v2\/media?parent=5264"}],"curies":[{"name":"wp","href":"https:\/\/api.w.org\/{rel}","templated":true}]}}