{"id":5263,"date":"2023-03-31T01:56:27","date_gmt":"2023-03-31T01:56:27","guid":{"rendered":"https:\/\/manhattanpcm.com\/negocios\/litigios\/"},"modified":"2026-04-17T08:17:56","modified_gmt":"2026-04-17T08:17:56","slug":"litigios","status":"publish","type":"page","link":"http:\/\/manhattanpcm.com\/es\/negocios\/litigios\/","title":{"rendered":"Litigios"},"content":{"rendered":"<div>\n<h1>Resultados \u00d3ptimos Alcanzados<\/h1>\n<p>Litigios<\/p>\n<div>Con una amplia experiencia, sobresalimos en la adquisici\u00f3n y gesti\u00f3n de reclamaciones litigiosas para garantizar resultados \u00f3ptimos.<\/div>\n<p><a href=\"#intro\"><span uk-icon=\"icon: chevron-down; ratio: 1\"> <\/span>  Scroll down for more<\/a><\/p>\n<\/div>\n<h2>Amplia experiencia en la adquisici\u00f3n y gesti\u00f3n de reclamaciones litigiosas<\/h2>\n<div>\n<p>Somos un socio global con experiencia en todos los aspectos de litigios de propiedad intelectual, incluidos patentes, marcas, derechos de autor, secretos comerciales y otras reclamaciones relacionadas con la propiedad intelectual.<\/p>\n<p>A diferencia de los modelos tradicionales de financiaci\u00f3n de litigios, nuestro modelo de adquisici\u00f3n de reclamaciones litigiosas implica la gesti\u00f3n integral de las reclamaciones en el d\u00eda a d\u00eda. Como resultado, participamos activamente en la selecci\u00f3n e interacci\u00f3n con asesores legales, actuando como enlace directo, lo que nos permite gestionar los casos y los costos asociados de manera m\u00e1s eficiente, incrementando as\u00ed el retorno sobre la inversi\u00f3n (ROI).<\/p>\n<p>Adicionalmente \u2014y quiz\u00e1s lo m\u00e1s importante\u2014 es el riguroso proceso de due diligence que aplicamos. Decidir qu\u00e9 reclamaciones litigiosas no adquirir es, en ocasiones, m\u00e1s cr\u00edtico que elegir cu\u00e1les perseguir. Nuestro proceso exhaustivo de debida diligencia determina qu\u00e9 casos tienen m\u00e9ritos o un m\u00e9rito potencial, y luego trabajamos para situarlos en un estado apto para litigio. Identificamos y aprovechamos puntos de inflexi\u00f3n para descubrir oportunidades y evaluar el m\u00e9rito potencial de cada reclamaci\u00f3n. Es nuestra amplia experiencia la que nos permite navegar con eficacia las m\u00faltiples complejidades inherentes al \u00e1mbito de los litigios.<\/p>\n<\/div>\n<p><img decoding=\"async\" src=\"\/wp-content\/uploads\/2024\/07\/img-protential-1.jpg\" alt=\"\"><\/p>\n<h2>Estrategias<\/h2>\n<div>Nos distinguimos por la rigurosa debida diligencia (due diligence) y la selecci\u00f3n estrat\u00e9gica de casos para impulsar el \u00e9xito en litigios de propiedad intelectual (PI). Con un equipo jur\u00eddico experto que gestiona diariamente las reclamaciones y aprovechando el uso de datos y tecnolog\u00eda, garantizamos resultados \u00f3ptimos en sus casos.<\/div>\n<div>\n<p>        <video src=\"\/wp-content\/uploads\/2026\/04\/manhattan_-_private_credit_market_v1-1440p.mp4\"><\/video><\/p>\n<p><a href=\"\/wp-content\/uploads\/2026\/04\/manhattan_-_private_credit_market_v1-1440p.mp4\"><img decoding=\"async\" src=\"\/wp-content\/uploads\/2025\/01\/play.png\" width=\"60\" \/><\/a><\/p>\n<\/div>\n<ul>\n<li>\n<p>        <img decoding=\"async\" src=\"\/wp-content\/uploads\/2023\/07\/icons-litigation_rigorous-due-diligence.svg\" alt=\"\"><\/p>\n<h3>1. Debida diligencia rigurosa<\/h3>\n<div>\n<p>Nuestro proceso de debida diligencia, desarrollado a lo largo de d\u00e9cadas de experiencia, constituye la base de nuestro \u00e9xito.<\/p>\n<\/div>\n<\/li>\n<li>\n<p>        <img decoding=\"async\" src=\"\/wp-content\/uploads\/2023\/07\/icons-litigation_strategic-case.svg\" alt=\"\"><\/p>\n<h3>2. Selecci\u00f3n estrat\u00e9gica de casos<\/h3>\n<div>Seleccionamos cuidadosamente las reclamaciones litigiosas en funci\u00f3n de sus m\u00e9ritos, potencial de \u00e9xito y alineaci\u00f3n con nuestra experiencia y recursos.<\/div>\n<\/li>\n<li>\n<p>        <img decoding=\"async\" src=\"\/wp-content\/uploads\/2023\/07\/icons-litigation_expert-legal-team.svg\" alt=\"\"><\/p>\n<h3>3. Equipo legal experto<\/h3>\n<div>\n<p>Un equipo altamente especializado en litigios de PI para gestionar y supervisar las reclamaciones.<\/p>\n<\/div>\n<\/li>\n<li>\n<p>        <img decoding=\"async\" src=\"\/wp-content\/uploads\/2023\/07\/icons-litigation_full-day.svg\" alt=\"\"><\/p>\n<h3>4. Gesti\u00f3n integral diaria<\/h3>\n<div>Administraci\u00f3n activa de todos los aspectos del proceso de litigio en materia de PI.<\/div>\n<\/li>\n<li>\n<p>        <img decoding=\"async\" src=\"\/wp-content\/uploads\/2023\/07\/icons-litigation_leveraging-data.svg\" alt=\"\"><\/p>\n<h3>5. Aprovechamiento de datos y tecnolog\u00eda<\/h3>\n<div>Uso de an\u00e1lisis de datos y herramientas tecnol\u00f3gicas para obtener informaci\u00f3n estrat\u00e9gica y eficiencias operativas.<\/div>\n<\/li>\n<\/ul>\n<p><!--more--><br \/>\n<!-- {\"type\":\"layout\",\"children\":[{\"name\":\"Hero\",\"type\":\"section\",\"props\":{\"animation\":\"slide-left-medium\",\"animation_delay\":\"100\",\"header_transparent\":true,\"header_transparent_noplaceholder\":false,\"header_transparent_text_color\":\"light\",\"height\":\"viewport\",\"height_offset_top\":true,\"image_effect\":\"parallax\",\"image_parallax_bgy\":\",-80\",\"image_position\":\"center-center\",\"image_size\":\"cover\",\"image_width\":\"2560\",\"overlap\":false,\"padding\":\"small\",\"padding_remove_bottom\":true,\"padding_remove_top\":false,\"preserve_color\":false,\"style\":\"primary\",\"title_breakpoint\":\"xl\",\"title_position\":\"top-left\",\"title_rotation\":\"left\",\"vertical_align\":\"bottom\",\"video\":\"wp-content\\\/uploads\\\/2026\\\/04\\\/5_oceans_partners_-_private_equity-1440p.mp4\",\"video_height\":\"1080\",\"video_width\":\"1920\",\"width\":\"\"},\"children\":[{\"type\":\"row\",\"props\":{\"margin\":\"large\",\"margin_remove_top\":false,\"width\":\"xlarge\"},\"children\":[{\"type\":\"column\",\"props\":{\"image_position\":\"center-center\",\"position_sticky_breakpoint\":\"m\"},\"children\":[{\"type\":\"module\",\"props\":{\"css\":\".el-element {\\n    z-index: 5 !important;\\n}\",\"maxwidth\":\"medium\",\"menu_image_align\":\"center\",\"menu_image_margin\":true,\"menu_style\":\"default\",\"menu_type\":\"nav\",\"type\":\"nav_menu\",\"visibility\":\"m\",\"widget\":\"nav_menu-15\"}}]}]},{\"type\":\"row\",\"children\":[{\"type\":\"column\",\"props\":{\"image_position\":\"center-center\",\"position_sticky_breakpoint\":\"m\",\"vertical_align\":\"bottom\",\"width_medium\":\"2-5\"},\"children\":[{\"type\":\"panel\",\"props\":{\"animation\":\"fade\",\"content\":\"Con una amplia experiencia, sobresalimos en la adquisici\\u00f3n y gesti\\u00f3n de reclamaciones litigiosas para garantizar resultados \\u00f3ptimos.\",\"content_column_breakpoint\":\"m\",\"icon_width\":80,\"image_align\":\"top\",\"image_grid_breakpoint\":\"m\",\"image_grid_width\":\"1-2\",\"image_svg_color\":\"emphasis\",\"link\":\"#intro\",\"link_margin\":\"medium\",\"link_style\":\"link-muted\",\"link_text\":\"<span uk-icon=\\\"icon: chevron-down; ratio: 1\\\"> <\\\/span>  Scroll down for more\",\"margin\":\"default\",\"maxwidth\":\"xlarge\",\"meta\":\"Litigios\",\"meta_align\":\"above-title\",\"meta_element\":\"div\",\"meta_style\":\"\",\"panel_padding\":\"large\",\"panel_style\":\"card-secondary\",\"title\":\"Resultados \\u00d3ptimos Alcanzados\",\"title_align\":\"top\",\"title_element\":\"h1\",\"title_grid_breakpoint\":\"m\",\"title_grid_width\":\"1-2\",\"title_hover_style\":\"reset\",\"title_margin\":\"small\",\"title_style\":\"h1\"}}]},{\"type\":\"column\",\"props\":{\"image_position\":\"center-center\",\"position_sticky_breakpoint\":\"m\",\"width_medium\":\"3-5\"}}],\"props\":{\"layout\":\"2-5,3-5\",\"margin_remove_bottom\":true,\"match\":false}}]},{\"type\":\"section\",\"props\":{\"animation\":\"fade\",\"animation_delay\":\"100\",\"id\":\"intro\",\"image_position\":\"center-center\",\"padding\":\"xlarge\",\"padding_remove_bottom\":false,\"padding_remove_top\":true,\"style\":\"muted\",\"title_breakpoint\":\"xl\",\"title_position\":\"top-left\",\"title_rotation\":\"left\",\"vertical_align\":\"\",\"width\":\"xlarge\"},\"children\":[{\"type\":\"row\",\"props\":{\"column_gap\":\"collapse\"},\"children\":[{\"type\":\"column\",\"props\":{\"image_position\":\"center-center\",\"position_sticky\":\"section\",\"position_sticky_breakpoint\":\"m\",\"position_sticky_offset\":\"0\"}}]},{\"type\":\"row\",\"props\":{\"column_gap\":\"large\",\"layout\":\"1-4,3-4\",\"margin\":\"xlarge\"},\"children\":[{\"type\":\"column\",\"props\":{\"image_position\":\"center-center\",\"position_sticky\":\"section\",\"position_sticky_breakpoint\":\"m\",\"position_sticky_offset\":\"100\",\"width_medium\":\"1-4\"},\"children\":[{\"type\":\"headline\",\"props\":{\"title_element\":\"h3\",\"title_style\":\"h3\",\"visibility\":\"m\"},\"source\":{\"query\":{\"name\":\"pages.singlePage\"},\"props\":{\"content\":{\"filters\":{\"search\":\"\"},\"name\":\"title\"}}}},{\"type\":\"nav\",\"props\":{\"grid\":\"1\",\"grid_divider\":false,\"image_vertical_align\":false,\"nav_style\":\"default\",\"show_image\":true,\"show_meta\":true,\"visibility\":\"m\"},\"children\":[{\"type\":\"nav_item\",\"source\":{\"query\":{\"name\":\"customMenuItems\",\"arguments\":{\"id\":6,\"parent\":\"\",\"heading\":\"\",\"include_heading\":true}},\"props\":{\"content\":{\"filters\":{\"search\":\"\"},\"name\":\"title\"},\"link\":{\"filters\":{\"search\":\"\"},\"name\":\"url\"},\"active\":{\"filters\":{\"search\":\"\"},\"name\":\"active\"}}}}]}]},{\"type\":\"column\",\"props\":{\"image_position\":\"center-center\",\"position_sticky_breakpoint\":\"m\",\"width_medium\":\"3-4\"},\"children\":[{\"type\":\"fragment\",\"children\":[{\"type\":\"row\",\"children\":[{\"type\":\"column\",\"props\":{\"image_position\":\"center-center\",\"position_sticky_breakpoint\":\"m\",\"width_medium\":\"3-5\"},\"children\":[{\"type\":\"headline\",\"props\":{\"content\":\"Amplia experiencia en la adquisici\\u00f3n y gesti\\u00f3n de reclamaciones litigiosas\",\"id\":\"overview\",\"title_element\":\"h2\",\"title_style\":\"h2\"}},{\"type\":\"text\",\"props\":{\"column_breakpoint\":\"m\",\"content\":\"\n\n<p>Somos un socio global con experiencia en todos los aspectos de litigios de propiedad intelectual, incluidos patentes, marcas, derechos de autor, secretos comerciales y otras reclamaciones relacionadas con la propiedad intelectual.<\\\/p>\\n\n\n<p>A diferencia de los modelos tradicionales de financiaci\\u00f3n de litigios, nuestro modelo de adquisici\\u00f3n de reclamaciones litigiosas implica la gesti\\u00f3n integral de las reclamaciones en el d\\u00eda a d\\u00eda. Como resultado, participamos activamente en la selecci\\u00f3n e interacci\\u00f3n con asesores legales, actuando como enlace directo, lo que nos permite gestionar los casos y los costos asociados de manera m\\u00e1s eficiente, incrementando as\\u00ed el retorno sobre la inversi\\u00f3n (ROI).<\\\/p>\\n\n\n<p>Adicionalmente \\u2014y quiz\\u00e1s lo m\\u00e1s importante\\u2014 es el riguroso proceso de due diligence que aplicamos. Decidir qu\\u00e9 reclamaciones litigiosas no adquirir es, en ocasiones, m\\u00e1s cr\\u00edtico que elegir cu\\u00e1les perseguir. Nuestro proceso exhaustivo de debida diligencia determina qu\\u00e9 casos tienen m\\u00e9ritos o un m\\u00e9rito potencial, y luego trabajamos para situarlos en un estado apto para litigio. Identificamos y aprovechamos puntos de inflexi\\u00f3n para descubrir oportunidades y evaluar el m\\u00e9rito potencial de cada reclamaci\\u00f3n. Es nuestra amplia experiencia la que nos permite navegar con eficacia las m\\u00faltiples complejidades inherentes al \\u00e1mbito de los litigios.<\\\/p>\",\"margin\":\"medium\",\"maxwidth\":\"xlarge\"}}]},{\"type\":\"column\",\"props\":{\"image_position\":\"center-center\",\"position_sticky_breakpoint\":\"m\",\"width_medium\":\"2-5\"},\"children\":[{\"type\":\"image\",\"props\":{\"animation\":\"parallax\",\"image\":\"wp-content\\\/uploads\\\/2024\\\/07\\\/img-protential-1.jpg\",\"image_svg_color\":\"emphasis\",\"image_width\":\"400\",\"margin\":\"default\",\"parallax_breakpoint\":\"m\",\"parallax_y\":\"-20,140\",\"text_align\":\"center\"}}]}],\"props\":{\"column_gap\":\"large\",\"id\":\"overview\",\"layout\":\"3-5,2-5\"}},{\"type\":\"row\",\"props\":{\"margin\":\"large\"},\"children\":[{\"type\":\"column\",\"props\":{\"image_position\":\"center-center\",\"position_sticky_breakpoint\":\"m\"},\"children\":[{\"type\":\"headline\",\"props\":{\"content\":\"Estrategias\",\"id\":\"strategies\",\"margin\":\"xlarge\",\"margin_remove_bottom\":true,\"title_element\":\"h2\",\"title_style\":\"h3\"}},{\"type\":\"text\",\"props\":{\"column_breakpoint\":\"m\",\"content\":\"Nos distinguimos por la rigurosa debida diligencia (due diligence) y la selecci\\u00f3n estrat\\u00e9gica de casos para impulsar el \\u00e9xito en litigios de propiedad intelectual (PI). Con un equipo jur\\u00eddico experto que gestiona diariamente las reclamaciones y aprovechando el uso de datos y tecnolog\\u00eda, garantizamos resultados \\u00f3ptimos en sus casos.\",\"margin\":\"default\",\"maxwidth\":\"xlarge\"}},{\"type\":\"gallery\",\"props\":{\"filter_align\":\"left\",\"filter_all\":true,\"filter_grid_breakpoint\":\"m\",\"filter_grid_width\":\"auto\",\"filter_position\":\"top\",\"filter_style\":\"tab\",\"grid_default\":\"1\",\"grid_medium\":\"1\",\"image_height\":\"1080\",\"image_width\":\"1920\",\"item_animation\":true,\"lightbox\":true,\"lightbox_bg_close\":true,\"lightbox_image_height\":\"1080\",\"lightbox_image_width\":\"1920\",\"link_style\":\"\",\"link_text\":\"Read more\",\"margin\":\"large\",\"maxwidth\":\"xlarge\",\"meta_align\":\"below-title\",\"meta_element\":\"div\",\"meta_style\":\"text-meta\",\"overlay_hover\":false,\"overlay_mode\":\"cover\",\"overlay_position\":\"center\",\"overlay_style\":\"\",\"overlay_transition\":\"fade\",\"show_content\":true,\"show_hover_image\":true,\"show_hover_video\":true,\"show_link\":true,\"show_meta\":true,\"show_title\":true,\"text_align\":\"center\",\"text_color\":\"light\",\"title_element\":\"h3\",\"title_hover_style\":\"reset\"},\"children\":[{\"type\":\"gallery_item\",\"props\":{\"content\":\"\",\"link\":\"wp-content\\\/uploads\\\/2026\\\/04\\\/manhattan_-_private_credit_market_v1-1440p.mp4\",\"link_text\":\"<img src=\\\"\\\/wp-content\\\/uploads\\\/2025\\\/01\\\/play.png\\\" width=\\\"60\\\" \\\/>\",\"video\":\"wp-content\\\/uploads\\\/2026\\\/04\\\/manhattan_-_private_credit_market_v1-1440p.mp4\"}}]}]}]},{\"type\":\"row\",\"props\":{\"margin\":\"xlarge\",\"margin_remove_top\":true},\"children\":[{\"type\":\"column\",\"props\":{\"image_position\":\"center-center\",\"position_sticky_breakpoint\":\"m\"},\"children\":[{\"type\":\"grid\",\"props\":{\"content_column_breakpoint\":\"m\",\"content_margin\":\"small\",\"filter_align\":\"left\",\"filter_all\":true,\"filter_grid_breakpoint\":\"m\",\"filter_grid_width\":\"auto\",\"filter_position\":\"top\",\"filter_style\":\"tab\",\"grid_column_gap\":\"large\",\"grid_default\":\"1\",\"grid_medium\":\"2\",\"grid_row_gap\":\"large\",\"icon_width\":80,\"id\":\"strategies\",\"image_align\":\"top\",\"image_grid_breakpoint\":\"m\",\"image_grid_width\":\"1-2\",\"image_svg_color\":\"emphasis\",\"image_width\":\"70\",\"item_animation\":true,\"lightbox_bg_close\":true,\"link_style\":\"default\",\"link_text\":\"Read more\",\"margin\":\"large\",\"maxwidth\":\"2xlarge\",\"meta_align\":\"below-title\",\"meta_element\":\"div\",\"meta_style\":\"text-meta\",\"show_content\":true,\"show_hover_image\":true,\"show_hover_video\":true,\"show_image\":true,\"show_link\":true,\"show_meta\":true,\"show_title\":true,\"show_video\":true,\"title_align\":\"top\",\"title_element\":\"h3\",\"title_grid_breakpoint\":\"m\",\"title_grid_width\":\"1-2\",\"title_hover_style\":\"reset\"},\"children\":[{\"type\":\"grid_item\",\"props\":{\"content\":\"\n\n<p>Nuestro proceso de debida diligencia, desarrollado a lo largo de d\\u00e9cadas de experiencia, constituye la base de nuestro \\u00e9xito.<\\\/p>\",\"image\":\"wp-content\\\/uploads\\\/2023\\\/07\\\/icons-litigation_rigorous-due-diligence.svg\",\"title\":\"1. Debida diligencia rigurosa\"}},{\"type\":\"grid_item\",\"props\":{\"content\":\"Seleccionamos cuidadosamente las reclamaciones litigiosas en funci\\u00f3n de sus m\\u00e9ritos, potencial de \\u00e9xito y alineaci\\u00f3n con nuestra experiencia y recursos.\",\"image\":\"wp-content\\\/uploads\\\/2023\\\/07\\\/icons-litigation_strategic-case.svg\",\"title\":\"2. Selecci\\u00f3n estrat\\u00e9gica de casos\"}},{\"type\":\"grid_item\",\"props\":{\"content\":\"\n\n<p>Un equipo altamente especializado en litigios de PI para gestionar y supervisar las reclamaciones.<\\\/p>\",\"image\":\"wp-content\\\/uploads\\\/2023\\\/07\\\/icons-litigation_expert-legal-team.svg\",\"title\":\"3. Equipo legal experto\"}},{\"type\":\"grid_item\",\"props\":{\"content\":\"Administraci\\u00f3n activa de todos los aspectos del proceso de litigio en materia de PI.\",\"image\":\"wp-content\\\/uploads\\\/2023\\\/07\\\/icons-litigation_full-day.svg\",\"title\":\"4. Gesti\\u00f3n integral diaria\"}},{\"type\":\"grid_item\",\"props\":{\"content\":\"Uso de an\\u00e1lisis de datos y herramientas tecnol\\u00f3gicas para obtener informaci\\u00f3n estrat\\u00e9gica y eficiencias operativas.\",\"image\":\"wp-content\\\/uploads\\\/2023\\\/07\\\/icons-litigation_leveraging-data.svg\",\"title\":\"5. Aprovechamiento de datos y tecnolog\\u00eda\"}}]}]}]}],\"props\":{\"margin\":\"default\"}}]}]}]},{\"type\":\"section\",\"props\":{\"animation\":\"fade\",\"animation_delay\":\"100\",\"id\":\"portfolio\",\"image_position\":\"center-center\",\"padding\":\"large\",\"padding_remove_top\":false,\"status\":\"disabled\",\"style\":\"muted\",\"title_breakpoint\":\"xl\",\"title_position\":\"top-left\",\"title_rotation\":\"left\",\"vertical_align\":\"\",\"width\":\"xlarge\"},\"children\":[{\"type\":\"row\",\"children\":[{\"type\":\"column\",\"props\":{\"image_position\":\"center-center\",\"position_sticky_breakpoint\":\"m\",\"width_medium\":\"1-4\"}},{\"type\":\"column\",\"props\":{\"image_position\":\"center-center\",\"position_sticky_breakpoint\":\"m\",\"width_medium\":\"3-4\"},\"children\":[{\"type\":\"headline\",\"props\":{\"content\":\"Portfolio\",\"title_element\":\"h2\",\"title_style\":\"h3\"}},{\"type\":\"panel-slider\",\"props\":{\"content_column_breakpoint\":\"m\",\"icon_width\":80,\"image_align\":\"left\",\"image_grid_breakpoint\":\"m\",\"image_grid_column_gap\":\"large\",\"image_grid_width\":\"auto\",\"image_svg_color\":\"emphasis\",\"image_vertical_align\":true,\"link_style\":\"default\",\"link_text\":\"Read more\",\"margin\":\"medium\",\"meta_align\":\"below-title\",\"meta_element\":\"div\",\"meta_style\":\"text-meta\",\"nav\":\"dotnav\",\"nav_align\":\"right\",\"nav_breakpoint\":\"\",\"panel_match\":true,\"panel_padding\":\"default\",\"panel_style\":\"card-default\",\"show_content\":true,\"show_hover_image\":true,\"show_hover_video\":true,\"show_image\":true,\"show_link\":true,\"show_meta\":true,\"show_title\":true,\"show_video\":true,\"slidenav\":\"bottom-right\",\"slidenav_breakpoint\":\"\",\"slidenav_margin\":\"\",\"slidenav_outside_breakpoint\":\"xl\",\"slider_autoplay\":true,\"slider_autoplay_interval\":\"3\",\"slider_autoplay_pause\":true,\"slider_gap\":\"default\",\"slider_velocity\":\"0.5\",\"slider_width\":\"fixed\",\"slider_width_default\":\"1-1\",\"slider_width_medium\":\"1-2\",\"title_align\":\"top\",\"title_element\":\"h5\",\"title_grid_breakpoint\":\"m\",\"title_grid_width\":\"1-2\",\"title_hover_style\":\"reset\",\"title_style\":\"h5\"},\"children\":[{\"type\":\"panel-slider_item\",\"props\":{\"content\":\"Lorem ipsum dolor sit amet consectetur adipiscing eli.\",\"image\":\"wp-content\\\/uploads\\\/yootheme\\\/development-partners-02.svg\",\"title\":\"Lorem ipsum dolor sit amet\"}},{\"type\":\"panel-slider_item\",\"props\":{\"content\":\"Lorem ipsum dolor sit amet consectetur adipiscing eli.\",\"image\":\"wp-content\\\/uploads\\\/yootheme\\\/development-partners-02.svg\",\"title\":\"Lorem ipsum dolor sit amet\"}},{\"type\":\"panel-slider_item\",\"props\":{\"content\":\"Lorem ipsum dolor sit amet consectetur adipiscing eli.\",\"image\":\"wp-content\\\/uploads\\\/yootheme\\\/development-partners-02.svg\",\"title\":\"Lorem ipsum dolor sit amet\"}},{\"type\":\"panel-slider_item\",\"props\":{\"content\":\"Lorem ipsum dolor sit amet consectetur adipiscing eli.\",\"image\":\"wp-content\\\/uploads\\\/yootheme\\\/development-partners-02.svg\",\"title\":\"Lorem ipsum dolor sit amet\"}}]}]}],\"props\":{\"layout\":\"1-4,3-4\"}}],\"name\":\"portfolio\"}],\"version\":\"4.5.24\"} --><\/p>\n","protected":false},"excerpt":{"rendered":"<p>Resultados \u00d3ptimos Alcanzados Litigios Con una amplia experiencia, sobresalimos en la adquisici\u00f3n y gesti\u00f3n de reclamaciones litigiosas para garantizar resultados \u00f3ptimos. Scroll down for more Amplia experiencia en la adquisici\u00f3n y gesti\u00f3n de reclamaciones litigiosas Somos un socio global con experiencia en todos los aspectos de litigios de propiedad intelectual, incluidos patentes, marcas, derechos de [&hellip;]<\/p>\n","protected":false},"author":1,"featured_media":0,"parent":5256,"menu_order":0,"comment_status":"closed","ping_status":"closed","template":"","meta":{"_acf_changed":false,"footnotes":""},"class_list":["post-5263","page","type-page","status-publish","hentry"],"acf":[],"jetpack_sharing_enabled":true,"_links":{"self":[{"href":"http:\/\/manhattanpcm.com\/es\/wp-json\/wp\/v2\/pages\/5263","targetHints":{"allow":["GET"]}}],"collection":[{"href":"http:\/\/manhattanpcm.com\/es\/wp-json\/wp\/v2\/pages"}],"about":[{"href":"http:\/\/manhattanpcm.com\/es\/wp-json\/wp\/v2\/types\/page"}],"author":[{"embeddable":true,"href":"http:\/\/manhattanpcm.com\/es\/wp-json\/wp\/v2\/users\/1"}],"replies":[{"embeddable":true,"href":"http:\/\/manhattanpcm.com\/es\/wp-json\/wp\/v2\/comments?post=5263"}],"version-history":[{"count":5,"href":"http:\/\/manhattanpcm.com\/es\/wp-json\/wp\/v2\/pages\/5263\/revisions"}],"predecessor-version":[{"id":6227,"href":"http:\/\/manhattanpcm.com\/es\/wp-json\/wp\/v2\/pages\/5263\/revisions\/6227"}],"up":[{"embeddable":true,"href":"http:\/\/manhattanpcm.com\/es\/wp-json\/wp\/v2\/pages\/5256"}],"wp:attachment":[{"href":"http:\/\/manhattanpcm.com\/es\/wp-json\/wp\/v2\/media?parent=5263"}],"curies":[{"name":"wp","href":"https:\/\/api.w.org\/{rel}","templated":true}]}}