{"id":5261,"date":"2023-03-31T01:42:53","date_gmt":"2023-03-31T01:42:53","guid":{"rendered":"https:\/\/manhattanpcm.com\/negocios\/propiedad-intelectual\/"},"modified":"2026-04-17T08:13:13","modified_gmt":"2026-04-17T08:13:13","slug":"propiedad-intelectual","status":"publish","type":"page","link":"http:\/\/manhattanpcm.com\/es\/negocios\/propiedad-intelectual\/","title":{"rendered":"Propiedad Intelectual"},"content":{"rendered":"<div>\n<h1>Liberando Potencial <br \/>&#038; e Innovaci\u00f3n<\/h1>\n<p>Propiedad Intelectual<\/p>\n<div>\n<p>Con amplia experiencia y recursos en propiedad intelectual, abrimos oportunidades de crecimiento e innovaci\u00f3n para patentes, marcas registradas y m\u00e1s.<\/p>\n<\/div>\n<p><a href=\"#intro\"><span uk-icon=\"icon: chevron-down; ratio: 1\"> <\/span>  Scroll down for more<\/a><\/p>\n<\/div>\n<h3>Intellectual Property<\/h3>\n<\/p>\n<h2>Liberar el potencial de la propiedad intelectual es una de nuestras competencias clave.<\/h2>\n<div>\n<p>Como su socio en este din\u00e1mico campo, combinamos experiencia, profundos conocimientos y determinaci\u00f3n para crear oportunidades de crecimiento e innovaci\u00f3n. Mientras muchas firmas de capital privado solo ofrecen fondos y respaldo financiero, 5Oceans se distingue con una combinaci\u00f3n \u00fanica de experiencia en desarrollo de propiedad intelectual, tecnolog\u00eda, gesti\u00f3n de litigios y un enfoque pr\u00e1ctico de gesti\u00f3n.<\/p>\n<p>Reconocemos el inmenso valor y potencial de los activos de propiedad intelectual. Ya se trate de una start-up tecnol\u00f3gica con patentes innovadoras, una agencia creativa con marcas distintivas, o una empresa biotecnol\u00f3gica con invenciones que cambian vidas, contamos con la experiencia y los recursos necesarios para ayudarle a liberar el m\u00e1ximo valor de su propiedad intelectual.<\/p>\n<p>Nuestro equipo aporta d\u00e9cadas de experiencia en la gesti\u00f3n y el desarrollo de grandes carteras de propiedad intelectual, como carteras de patentes para compa\u00f1\u00edas medianas y grandes. Tenemos una capacidad \u00fanica para identificar y evaluar activos de propiedad intelectual que son t\u00e9cnica, legal y comercialmente s\u00f3lidos. As\u00ed, nuestra habilidad para estructurar carteras de propiedad intelectual y desarrollar estrategias \u00f3ptimas de monetizaci\u00f3n es insuperable.<\/p>\n<\/div>\n<div>\n<p>Las patentes pueden tener un valor inmenso para las empresas, con m\u00faltiples posibilidades de monetizaci\u00f3n:<\/p>\n<\/div>\n<ul>\n<li>\n<h3>Apple demand\u00f3 a Samsung<\/h3>\n<div>\n<p>Los litigios de patentes pueden resultar en indemnizaciones significativas, especialmente cuando involucran a grandes compa\u00f1\u00edas y tecnolog\u00edas de uso generalizado. En uno de los casos de patentes m\u00e1s c\u00e9lebres de los \u00faltimos tiempos,  <a href=\"https:\/\/en.wikipedia.org\/wiki\/Apple_Inc._v._Samsung_Electronics_Co.\">Apple sued Samsung<\/a> por infracci\u00f3n de sus patentes en tel\u00e9fonos inteligentes. El jurado otorg\u00f3 a Apple m\u00e1s de 1.000 millones de d\u00f3lares en da\u00f1os.<\/p>\n<\/div>\n<\/li>\n<li>\n<h3>Google adquiri\u00f3 Motorola Mobility<\/h3>\n<div>\n<p>La venta de carteras de patentes puede ser una estrategia de monetizaci\u00f3n altamente lucrativa. <a href=\"https:\/\/techcrunch.com\/2011\/08\/15\/breaking-google-buys-motorola-for-12-5-billion\/?guccounter=1&amp;guce_referrer=aHR0cHM6Ly93d3cuZ29vZ2xlLmNvbS8&amp;guce_referrer_sig=AQAAAA3GmFAis-ugPfcoJ5WL36mYVgxZulat_LD3iiwX9eHss25RT2F7Af-z6mCB5X2X_a49iPZAnpZFDI3mVrcJsamsuo9-KzEbzPgc76ld0Kk0wDtU59Ycy4ps8mylcD4r4tqunb5V02YgE6refo3DcUmL1DDk60KF5Ko9ymk1bIqe\">Google famously aquired Motorola Mobility<\/a> en 2011 principalmente por el valor de sus patentes. En ese momento, Motorola pose\u00eda aproximadamente 14.600 patentes concedidas y 6.700 solicitudes en tr\u00e1mite, lo que hizo que la adquisici\u00f3n fuese m\u00e1s valiosa que la propia divisi\u00f3n de hardware.<\/p>\n<\/div>\n<\/li>\n<li>\n<h3>Licencias de patentes<\/h3>\n<div>\n<p>La concesi\u00f3n de licencias de patentes ofrece una fuente directa de ingresos para los titulares. Por ejemplo, <a href=\"https:\/\/en.wikipedia.org\/wiki\/Qualcomm\">Qualcomm<\/a> obtiene la mayor parte de sus ingresos de las licencias de sus esenciales patentes para tecnolog\u00edas 3G, 4G y 5G, licenci\u00e1ndolas a Apple y otros fabricantes de tel\u00e9fonos inteligentes.<\/p>\n<\/div>\n<\/li>\n<\/ul>\n<p><img decoding=\"async\" src=\"\/wp-content\/uploads\/2023\/07\/img-protential-1.jpg\" alt=\"\"><\/p>\n<h2>Estrategias<\/h2>\n<div>Nuestro equipo aporta d\u00e9cadas de experiencia en la gesti\u00f3n y el desarrollo de grandes carteras de propiedad intelectual para empresas tecnol\u00f3gicas de todos los tama\u00f1os. Sabemos c\u00f3mo redactar patentes s\u00f3lidas, c\u00f3mo litigar en defensa de ellas y c\u00f3mo ayudar a las compa\u00f1\u00edas de nuestro portafolio a monetizar sus derechos. Estamos especialmente posicionados para identificar y evaluar activos de propiedad intelectual que sean t\u00e9cnica, legal y comercialmente s\u00f3lidos. Gracias a ello, nuestra capacidad para estructurar carteras de PI y desarrollar estrategias \u00f3ptimas de monetizaci\u00f3n es insuperable.<\/div>\n<ul>\n<li>\n<p>        <img decoding=\"async\" src=\"\/wp-content\/uploads\/2023\/07\/icons_due_diligence.svg\" alt=\"\"><\/p>\n<h3>1. Diligencia Debida<\/h3>\n<div>\n<p>Con d\u00e9cadas de experiencia en desarrollo de PI y en litigaci\u00f3n, realizamos evaluaciones t\u00e9cnicas, legales y comerciales exhaustivas para garantizar que la propiedad intelectual sea novedosa, t\u00e9cnicamente s\u00f3lida, jur\u00eddicamente protegida y alineada con los objetivos de negocio.<\/p>\n<\/div>\n<\/li>\n<li>\n<p>        <img decoding=\"async\" src=\"\/wp-content\/uploads\/2023\/07\/icons_ip_portfolio_optimization.svg\" alt=\"\"><\/p>\n<h3>2. Optimizaci\u00f3n de Cartera de PI<\/h3>\n<div>Trabajamos estrechamente con usted para optimizar la cartera de PI: identificando activos infrautilizados, explorando oportunidades de licenciamiento o desinversi\u00f3n de activos cuando resulte apropiado.<\/div>\n<\/li>\n<li>\n<p>        <img decoding=\"async\" src=\"\/wp-content\/uploads\/2023\/07\/icons_ieveraging_inflection_points.svg\" alt=\"\"><\/p>\n<h3>3. Aprovechamiento de Puntos de Inflexi\u00f3n<\/h3>\n<div>Identificamos los activos que se encuentran en momentos cr\u00edticos de su ciclo de vida y aprovechamos esos puntos de inflexi\u00f3n para maximizar el valor de cada activo.<\/div>\n<\/li>\n<li>\n<p>        <img decoding=\"async\" src=\"\/wp-content\/uploads\/2023\/07\/icons_identifying_emerging_ip_opportunities.svg\" alt=\"\"><\/p>\n<h3>4. Identificaci\u00f3n de Oportunidades Emergentes de PI<\/h3>\n<div>Nuestro equipo explora activamente nuevas tecnolog\u00edas, disrupciones de mercado y tendencias en propiedad intelectual, con el fin de detectar oportunidades no explotadas y generar valor sostenible a largo plazo.<\/div>\n<\/li>\n<\/ul>\n<p><!--more--><br \/>\n<!-- {\"type\":\"layout\",\"children\":[{\"name\":\"Hero\",\"type\":\"section\",\"props\":{\"animation\":\"slide-left-medium\",\"animation_delay\":\"100\",\"header_transparent\":true,\"header_transparent_noplaceholder\":false,\"header_transparent_text_color\":\"light\",\"height\":\"viewport\",\"height_offset_top\":true,\"image_effect\":\"parallax\",\"image_parallax_bgy\":\",-80\",\"image_position\":\"center-center\",\"image_size\":\"cover\",\"image_width\":\"2560\",\"overlap\":false,\"padding\":\"small\",\"padding_remove_bottom\":true,\"padding_remove_top\":false,\"preserve_color\":false,\"style\":\"primary\",\"title_breakpoint\":\"xl\",\"title_position\":\"top-left\",\"title_rotation\":\"left\",\"vertical_align\":\"bottom\",\"video\":\"wp-content\\\/uploads\\\/2026\\\/04\\\/5_oceans_partner_-_credit_header_page_v1-1440p.mp4\",\"video_height\":\"1080\",\"video_width\":\"1920\",\"width\":\"\"},\"children\":[{\"type\":\"row\",\"props\":{\"margin\":\"large\",\"margin_remove_top\":false,\"width\":\"xlarge\"},\"children\":[{\"type\":\"column\",\"props\":{\"image_position\":\"center-center\",\"position_sticky_breakpoint\":\"m\"},\"children\":[{\"type\":\"module\",\"props\":{\"css\":\".el-element {\\n    z-index: 5 !important;\\n}\",\"maxwidth\":\"medium\",\"menu_image_align\":\"center\",\"menu_image_margin\":true,\"menu_style\":\"default\",\"menu_type\":\"nav\",\"type\":\"nav_menu\",\"visibility\":\"m\",\"widget\":\"nav_menu-15\"}}]}]},{\"type\":\"row\",\"children\":[{\"type\":\"column\",\"props\":{\"image_position\":\"center-center\",\"position_sticky_breakpoint\":\"m\",\"vertical_align\":\"bottom\",\"width_medium\":\"2-3\"},\"children\":[{\"type\":\"panel\",\"props\":{\"animation\":\"fade\",\"content\":\"\n\n<p>Con amplia experiencia y recursos en propiedad intelectual, abrimos oportunidades de crecimiento e innovaci\\u00f3n para patentes, marcas registradas y m\\u00e1s.<\\\/p>\",\"content_column_breakpoint\":\"m\",\"icon\":\"\",\"icon_width\":80,\"image_align\":\"top\",\"image_grid_breakpoint\":\"m\",\"image_grid_width\":\"1-2\",\"image_svg_color\":\"emphasis\",\"link\":\"#intro\",\"link_margin\":\"medium\",\"link_style\":\"link-muted\",\"link_text\":\"<span uk-icon=\\\"icon: chevron-down; ratio: 1\\\"> <\\\/span>  Scroll down for more\",\"margin\":\"default\",\"maxwidth\":\"xlarge\",\"meta\":\"Propiedad Intelectual\",\"meta_align\":\"above-title\",\"meta_element\":\"div\",\"meta_style\":\"\",\"panel_padding\":\"large\",\"panel_style\":\"card-secondary\",\"position\":\"relative\",\"position_z_index\":\"3\",\"title\":\"Liberando Potencial <br \/>& e Innovaci\\u00f3n\",\"title_align\":\"top\",\"title_element\":\"h1\",\"title_grid_breakpoint\":\"m\",\"title_grid_width\":\"1-2\",\"title_hover_style\":\"reset\",\"title_margin\":\"small\",\"title_style\":\"h1\"}}]},{\"type\":\"column\",\"props\":{\"image_position\":\"center-center\",\"position_sticky_breakpoint\":\"m\",\"width_medium\":\"1-3\"}}],\"props\":{\"layout\":\"2-3,1-3\",\"margin_remove_bottom\":true,\"match\":false}}]},{\"type\":\"section\",\"props\":{\"animation\":\"fade\",\"animation_delay\":\"100\",\"id\":\"intro\",\"image_position\":\"center-center\",\"padding\":\"xlarge\",\"padding_remove_bottom\":false,\"padding_remove_top\":true,\"style\":\"muted\",\"title_breakpoint\":\"xl\",\"title_position\":\"top-left\",\"title_rotation\":\"left\",\"vertical_align\":\"\",\"width\":\"xlarge\"},\"children\":[{\"type\":\"row\",\"props\":{\"column_gap\":\"collapse\"},\"children\":[{\"type\":\"column\",\"props\":{\"image_position\":\"center-center\",\"position_sticky\":\"section\",\"position_sticky_breakpoint\":\"m\",\"position_sticky_offset\":\"0\"}}]},{\"type\":\"row\",\"props\":{\"column_gap\":\"large\",\"layout\":\"1-4,3-4\",\"margin\":\"xlarge\"},\"children\":[{\"type\":\"column\",\"props\":{\"image_position\":\"center-center\",\"position_sticky\":\"section\",\"position_sticky_breakpoint\":\"m\",\"position_sticky_offset\":\"100\",\"width_medium\":\"1-4\"},\"children\":[{\"type\":\"headline\",\"props\":{\"content\":\"Intellectual Property\",\"title_element\":\"h3\",\"title_style\":\"h3\",\"visibility\":\"m\"}},{\"type\":\"nav\",\"props\":{\"css\":\".el-element {\\n    max-width: 600px;\\n}\",\"grid\":\"1\",\"grid_divider\":false,\"image_vertical_align\":false,\"nav_style\":\"default\",\"show_image\":true,\"show_meta\":true,\"visibility\":\"m\"},\"children\":[{\"type\":\"nav_item\",\"source\":{\"query\":{\"name\":\"customMenuItems\",\"arguments\":{\"id\":6,\"parent\":\"\",\"heading\":\"\",\"include_heading\":false,\"ids\":[]}},\"props\":{\"content\":{\"filters\":{\"search\":\"\"},\"name\":\"title\"},\"link\":{\"filters\":{\"search\":\"\"},\"name\":\"url\"},\"active\":{\"filters\":{\"search\":\"\"},\"name\":\"active\"}}}}]}]},{\"type\":\"column\",\"props\":{\"image_position\":\"center-center\",\"position_sticky_breakpoint\":\"m\",\"width_medium\":\"3-4\"},\"children\":[{\"type\":\"fragment\",\"children\":[{\"type\":\"row\",\"children\":[{\"type\":\"column\",\"props\":{\"image_position\":\"center-center\",\"position_sticky_breakpoint\":\"m\",\"width_medium\":\"3-5\"},\"children\":[{\"type\":\"headline\",\"props\":{\"content\":\"Liberar el potencial de la propiedad intelectual es una de nuestras competencias clave.\",\"id\":\"overview\",\"maxwidth\":\"xlarge\",\"title_element\":\"h2\",\"title_style\":\"h2\"}},{\"type\":\"text\",\"props\":{\"column_breakpoint\":\"m\",\"content\":\"\n\n<p>Como su socio en este din\\u00e1mico campo, combinamos experiencia, profundos conocimientos y determinaci\\u00f3n para crear oportunidades de crecimiento e innovaci\\u00f3n. Mientras muchas firmas de capital privado solo ofrecen fondos y respaldo financiero, 5Oceans se distingue con una combinaci\\u00f3n \\u00fanica de experiencia en desarrollo de propiedad intelectual, tecnolog\\u00eda, gesti\\u00f3n de litigios y un enfoque pr\\u00e1ctico de gesti\\u00f3n.<\\\/p>\\n\n\n<p>Reconocemos el inmenso valor y potencial de los activos de propiedad intelectual. Ya se trate de una start-up tecnol\\u00f3gica con patentes innovadoras, una agencia creativa con marcas distintivas, o una empresa biotecnol\\u00f3gica con invenciones que cambian vidas, contamos con la experiencia y los recursos necesarios para ayudarle a liberar el m\\u00e1ximo valor de su propiedad intelectual.<\\\/p>\\n\n\n<p>Nuestro equipo aporta d\\u00e9cadas de experiencia en la gesti\\u00f3n y el desarrollo de grandes carteras de propiedad intelectual, como carteras de patentes para compa\\u00f1\\u00edas medianas y grandes. Tenemos una capacidad \\u00fanica para identificar y evaluar activos de propiedad intelectual que son t\\u00e9cnica, legal y comercialmente s\\u00f3lidos. As\\u00ed, nuestra habilidad para estructurar carteras de propiedad intelectual y desarrollar estrategias \\u00f3ptimas de monetizaci\\u00f3n es insuperable.<\\\/p>\",\"margin\":\"medium\",\"maxwidth\":\"xlarge\"}},{\"type\":\"text\",\"props\":{\"column_breakpoint\":\"m\",\"content\":\"\n\n<p>Las patentes pueden tener un valor inmenso para las empresas, con m\\u00faltiples posibilidades de monetizaci\\u00f3n:<\\\/p>\",\"margin\":\"medium\",\"maxwidth\":\"xlarge\"}},{\"type\":\"grid\",\"props\":{\"content_column_breakpoint\":\"m\",\"filter_align\":\"left\",\"filter_all\":true,\"filter_grid_breakpoint\":\"m\",\"filter_grid_width\":\"auto\",\"filter_position\":\"top\",\"filter_style\":\"tab\",\"grid_default\":\"1\",\"grid_medium\":\"3\",\"icon_width\":80,\"image_align\":\"top\",\"image_grid_breakpoint\":\"m\",\"image_grid_width\":\"1-2\",\"image_svg_color\":\"emphasis\",\"item_animation\":true,\"lightbox_bg_close\":true,\"link_style\":\"default\",\"link_text\":\"Read more\",\"margin\":\"default\",\"meta_align\":\"below-title\",\"meta_element\":\"div\",\"meta_style\":\"text-meta\",\"show_content\":true,\"show_hover_image\":true,\"show_hover_video\":true,\"show_image\":true,\"show_link\":true,\"show_meta\":true,\"show_title\":true,\"show_video\":true,\"title_align\":\"top\",\"title_element\":\"h3\",\"title_grid_breakpoint\":\"m\",\"title_grid_width\":\"1-2\",\"title_hover_style\":\"reset\",\"title_style\":\"h4\"},\"children\":[{\"type\":\"grid_item\",\"props\":{\"content\":\"\n\n<p>Los litigios de patentes pueden resultar en indemnizaciones significativas, especialmente cuando involucran a grandes compa\\u00f1\\u00edas y tecnolog\\u00edas de uso generalizado. En uno de los casos de patentes m\\u00e1s c\\u00e9lebres de los \\u00faltimos tiempos,  <a href=\\\"https:\\\/\\\/en.wikipedia.org\\\/wiki\\\/Apple_Inc._v._Samsung_Electronics_Co.\\\">Apple sued Samsung<\\\/a> por infracci\\u00f3n de sus patentes en tel\\u00e9fonos inteligentes. El jurado otorg\\u00f3 a Apple m\\u00e1s de 1.000 millones de d\\u00f3lares en da\\u00f1os.<\\\/p>\",\"title\":\"Apple demand\\u00f3 a Samsung\"}},{\"type\":\"grid_item\",\"props\":{\"content\":\"\n\n<p>La venta de carteras de patentes puede ser una estrategia de monetizaci\\u00f3n altamente lucrativa. <a href=\\\"https:\\\/\\\/techcrunch.com\\\/2011\\\/08\\\/15\\\/breaking-google-buys-motorola-for-12-5-billion\\\/?guccounter=1&amp;guce_referrer=aHR0cHM6Ly93d3cuZ29vZ2xlLmNvbS8&amp;guce_referrer_sig=AQAAAA3GmFAis-ugPfcoJ5WL36mYVgxZulat_LD3iiwX9eHss25RT2F7Af-z6mCB5X2X_a49iPZAnpZFDI3mVrcJsamsuo9-KzEbzPgc76ld0Kk0wDtU59Ycy4ps8mylcD4r4tqunb5V02YgE6refo3DcUmL1DDk60KF5Ko9ymk1bIqe\\\">Google famously aquired Motorola Mobility<\\\/a> en 2011 principalmente por el valor de sus patentes. En ese momento, Motorola pose\\u00eda aproximadamente 14.600 patentes concedidas y 6.700 solicitudes en tr\\u00e1mite, lo que hizo que la adquisici\\u00f3n fuese m\\u00e1s valiosa que la propia divisi\\u00f3n de hardware.<\\\/p>\",\"title\":\"Google adquiri\\u00f3 Motorola Mobility\"}},{\"type\":\"grid_item\",\"props\":{\"content\":\"\n\n<p>La concesi\\u00f3n de licencias de patentes ofrece una fuente directa de ingresos para los titulares. Por ejemplo, <a href=\\\"https:\\\/\\\/en.wikipedia.org\\\/wiki\\\/Qualcomm\\\">Qualcomm<\\\/a> obtiene la mayor parte de sus ingresos de las licencias de sus esenciales patentes para tecnolog\\u00edas 3G, 4G y 5G, licenci\\u00e1ndolas a Apple y otros fabricantes de tel\\u00e9fonos inteligentes.<\\\/p>\",\"title\":\"Licencias de patentes\"}}]}]},{\"type\":\"column\",\"props\":{\"image_position\":\"center-center\",\"position_sticky_breakpoint\":\"m\",\"width_medium\":\"2-5\"},\"children\":[{\"type\":\"image\",\"props\":{\"animation\":\"parallax\",\"block_align\":\"center\",\"image\":\"wp-content\\\/uploads\\\/2023\\\/07\\\/img-protential-1.jpg\",\"image_svg_color\":\"emphasis\",\"image_width\":\"370\",\"margin\":\"default\",\"maxwidth\":\"large\",\"parallax_breakpoint\":\"m\",\"parallax_y\":\"-100,220\"}}]}],\"props\":{\"column_gap\":\"large\",\"id\":\"overview\",\"layout\":\"3-5,2-5\"}},{\"type\":\"row\",\"props\":{\"margin\":\"xlarge\"},\"children\":[{\"type\":\"column\",\"props\":{\"image_position\":\"center-center\",\"position_sticky_breakpoint\":\"m\"},\"children\":[{\"type\":\"headline\",\"props\":{\"content\":\"Estrategias\",\"id\":\"strategies\",\"title_element\":\"h2\",\"title_style\":\"h3\"}},{\"type\":\"text\",\"props\":{\"column_breakpoint\":\"m\",\"content\":\"Nuestro equipo aporta d\\u00e9cadas de experiencia en la gesti\\u00f3n y el desarrollo de grandes carteras de propiedad intelectual para empresas tecnol\\u00f3gicas de todos los tama\\u00f1os. Sabemos c\\u00f3mo redactar patentes s\\u00f3lidas, c\\u00f3mo litigar en defensa de ellas y c\\u00f3mo ayudar a las compa\\u00f1\\u00edas de nuestro portafolio a monetizar sus derechos. Estamos especialmente posicionados para identificar y evaluar activos de propiedad intelectual que sean t\\u00e9cnica, legal y comercialmente s\\u00f3lidos. Gracias a ello, nuestra capacidad para estructurar carteras de PI y desarrollar estrategias \\u00f3ptimas de monetizaci\\u00f3n es insuperable.\",\"margin\":\"default\",\"maxwidth\":\"xlarge\"}},{\"type\":\"grid\",\"props\":{\"content_column_breakpoint\":\"m\",\"content_margin\":\"small\",\"filter_align\":\"left\",\"filter_all\":true,\"filter_grid_breakpoint\":\"m\",\"filter_grid_width\":\"auto\",\"filter_position\":\"top\",\"filter_style\":\"tab\",\"grid_column_gap\":\"large\",\"grid_default\":\"1\",\"grid_medium\":\"2\",\"grid_row_gap\":\"large\",\"icon_width\":80,\"id\":\"strategies\",\"image_align\":\"top\",\"image_grid_breakpoint\":\"m\",\"image_grid_width\":\"1-2\",\"image_svg_color\":\"emphasis\",\"image_width\":\"70\",\"item_animation\":true,\"lightbox_bg_close\":true,\"link_style\":\"default\",\"link_text\":\"Read more\",\"margin\":\"large\",\"maxwidth\":\"2xlarge\",\"meta_align\":\"below-title\",\"meta_element\":\"div\",\"meta_style\":\"text-meta\",\"show_content\":true,\"show_hover_image\":true,\"show_hover_video\":true,\"show_image\":true,\"show_link\":true,\"show_meta\":true,\"show_title\":true,\"show_video\":true,\"title_align\":\"top\",\"title_element\":\"h3\",\"title_grid_breakpoint\":\"m\",\"title_grid_width\":\"1-2\",\"title_hover_style\":\"reset\",\"title_style\":\"h3\"},\"children\":[{\"type\":\"grid_item\",\"props\":{\"content\":\"\n\n<p>Con d\\u00e9cadas de experiencia en desarrollo de PI y en litigaci\\u00f3n, realizamos evaluaciones t\\u00e9cnicas, legales y comerciales exhaustivas para garantizar que la propiedad intelectual sea novedosa, t\\u00e9cnicamente s\\u00f3lida, jur\\u00eddicamente protegida y alineada con los objetivos de negocio.<\\\/p>\",\"image\":\"wp-content\\\/uploads\\\/2023\\\/07\\\/icons_due_diligence.svg\",\"title\":\"1. Diligencia Debida\"}},{\"type\":\"grid_item\",\"props\":{\"content\":\"Trabajamos estrechamente con usted para optimizar la cartera de PI: identificando activos infrautilizados, explorando oportunidades de licenciamiento o desinversi\\u00f3n de activos cuando resulte apropiado.\",\"image\":\"wp-content\\\/uploads\\\/2023\\\/07\\\/icons_ip_portfolio_optimization.svg\",\"title\":\"2. Optimizaci\\u00f3n de Cartera de PI\"}},{\"type\":\"grid_item\",\"props\":{\"content\":\"Identificamos los activos que se encuentran en momentos cr\\u00edticos de su ciclo de vida y aprovechamos esos puntos de inflexi\\u00f3n para maximizar el valor de cada activo.\",\"image\":\"wp-content\\\/uploads\\\/2023\\\/07\\\/icons_ieveraging_inflection_points.svg\",\"title\":\"3. Aprovechamiento de Puntos de Inflexi\\u00f3n\"}},{\"type\":\"grid_item\",\"props\":{\"content\":\"Nuestro equipo explora activamente nuevas tecnolog\\u00edas, disrupciones de mercado y tendencias en propiedad intelectual, con el fin de detectar oportunidades no explotadas y generar valor sostenible a largo plazo.\",\"image\":\"wp-content\\\/uploads\\\/2023\\\/07\\\/icons_identifying_emerging_ip_opportunities.svg\",\"title\":\"4. Identificaci\\u00f3n de Oportunidades Emergentes de PI\"}}]}]}]}],\"props\":{\"margin\":\"default\"}}]}]}]},{\"type\":\"section\",\"props\":{\"animation\":\"fade\",\"animation_delay\":\"100\",\"id\":\"portfolio\",\"image_position\":\"center-center\",\"padding\":\"large\",\"padding_remove_top\":false,\"status\":\"disabled\",\"style\":\"muted\",\"title_breakpoint\":\"xl\",\"title_position\":\"top-left\",\"title_rotation\":\"left\",\"vertical_align\":\"\",\"width\":\"xlarge\"},\"children\":[{\"type\":\"row\",\"children\":[{\"type\":\"column\",\"props\":{\"image_position\":\"center-center\",\"position_sticky_breakpoint\":\"m\",\"width_medium\":\"1-4\"}},{\"type\":\"column\",\"props\":{\"image_position\":\"center-center\",\"position_sticky_breakpoint\":\"m\",\"width_medium\":\"3-4\"},\"children\":[{\"type\":\"headline\",\"props\":{\"content\":\"Portfolio\",\"title_element\":\"h2\",\"title_style\":\"h3\"}},{\"type\":\"panel-slider\",\"props\":{\"content_column_breakpoint\":\"m\",\"icon_width\":80,\"image_align\":\"left\",\"image_grid_breakpoint\":\"m\",\"image_grid_column_gap\":\"large\",\"image_grid_width\":\"auto\",\"image_svg_color\":\"emphasis\",\"image_vertical_align\":true,\"link_style\":\"default\",\"link_text\":\"Read more\",\"margin\":\"medium\",\"meta_align\":\"below-title\",\"meta_element\":\"div\",\"meta_style\":\"text-meta\",\"nav\":\"dotnav\",\"nav_align\":\"right\",\"nav_breakpoint\":\"\",\"panel_match\":true,\"panel_padding\":\"default\",\"panel_style\":\"card-default\",\"show_content\":true,\"show_hover_image\":true,\"show_hover_video\":true,\"show_image\":true,\"show_link\":true,\"show_meta\":true,\"show_title\":true,\"show_video\":true,\"slidenav\":\"bottom-right\",\"slidenav_breakpoint\":\"\",\"slidenav_margin\":\"\",\"slidenav_outside_breakpoint\":\"xl\",\"slider_autoplay\":true,\"slider_autoplay_interval\":\"3\",\"slider_autoplay_pause\":true,\"slider_gap\":\"default\",\"slider_velocity\":\"0.5\",\"slider_width\":\"fixed\",\"slider_width_default\":\"1-1\",\"slider_width_medium\":\"1-2\",\"title_align\":\"top\",\"title_element\":\"h5\",\"title_grid_breakpoint\":\"m\",\"title_grid_width\":\"1-2\",\"title_hover_style\":\"reset\",\"title_style\":\"h5\"},\"children\":[{\"type\":\"panel-slider_item\",\"props\":{\"content\":\"Lorem ipsum dolor sit amet consectetur adipiscing eli.\",\"image\":\"wp-content\\\/uploads\\\/yootheme\\\/development-partners-02.svg\",\"title\":\"Lorem ipsum dolor sit amet\"}},{\"type\":\"panel-slider_item\",\"props\":{\"content\":\"Lorem ipsum dolor sit amet consectetur adipiscing eli.\",\"image\":\"wp-content\\\/uploads\\\/yootheme\\\/development-partners-02.svg\",\"title\":\"Lorem ipsum dolor sit amet\"}},{\"type\":\"panel-slider_item\",\"props\":{\"content\":\"Lorem ipsum dolor sit amet consectetur adipiscing eli.\",\"image\":\"wp-content\\\/uploads\\\/yootheme\\\/development-partners-02.svg\",\"title\":\"Lorem ipsum dolor sit amet\"}},{\"type\":\"panel-slider_item\",\"props\":{\"content\":\"Lorem ipsum dolor sit amet consectetur adipiscing eli.\",\"image\":\"wp-content\\\/uploads\\\/yootheme\\\/development-partners-02.svg\",\"title\":\"Lorem ipsum dolor sit amet\"}}]}]}],\"props\":{\"layout\":\"1-4,3-4\"}}],\"name\":\"portfolio\"}],\"version\":\"4.5.24\"} --><\/p>\n","protected":false},"excerpt":{"rendered":"<p>Liberando Potencial &#038; e Innovaci\u00f3n Propiedad Intelectual Con amplia experiencia y recursos en propiedad intelectual, abrimos oportunidades de crecimiento e innovaci\u00f3n para patentes, marcas registradas y m\u00e1s. Scroll down for more Intellectual Property Liberar el potencial de la propiedad intelectual es una de nuestras competencias clave. Como su socio en este din\u00e1mico campo, combinamos experiencia, [&hellip;]<\/p>\n","protected":false},"author":1,"featured_media":0,"parent":5256,"menu_order":0,"comment_status":"closed","ping_status":"closed","template":"","meta":{"_acf_changed":false,"footnotes":""},"class_list":["post-5261","page","type-page","status-publish","hentry"],"acf":[],"jetpack_sharing_enabled":true,"_links":{"self":[{"href":"http:\/\/manhattanpcm.com\/es\/wp-json\/wp\/v2\/pages\/5261","targetHints":{"allow":["GET"]}}],"collection":[{"href":"http:\/\/manhattanpcm.com\/es\/wp-json\/wp\/v2\/pages"}],"about":[{"href":"http:\/\/manhattanpcm.com\/es\/wp-json\/wp\/v2\/types\/page"}],"author":[{"embeddable":true,"href":"http:\/\/manhattanpcm.com\/es\/wp-json\/wp\/v2\/users\/1"}],"replies":[{"embeddable":true,"href":"http:\/\/manhattanpcm.com\/es\/wp-json\/wp\/v2\/comments?post=5261"}],"version-history":[{"count":3,"href":"http:\/\/manhattanpcm.com\/es\/wp-json\/wp\/v2\/pages\/5261\/revisions"}],"predecessor-version":[{"id":6222,"href":"http:\/\/manhattanpcm.com\/es\/wp-json\/wp\/v2\/pages\/5261\/revisions\/6222"}],"up":[{"embeddable":true,"href":"http:\/\/manhattanpcm.com\/es\/wp-json\/wp\/v2\/pages\/5256"}],"wp:attachment":[{"href":"http:\/\/manhattanpcm.com\/es\/wp-json\/wp\/v2\/media?parent=5261"}],"curies":[{"name":"wp","href":"https:\/\/api.w.org\/{rel}","templated":true}]}}