{"id":5259,"date":"2023-03-31T01:47:26","date_gmt":"2023-03-31T01:47:26","guid":{"rendered":"https:\/\/manhattanpcm.com\/negocios\/ciberseguridad\/"},"modified":"2026-04-17T08:16:54","modified_gmt":"2026-04-17T08:16:54","slug":"ciberseguridad","status":"publish","type":"page","link":"http:\/\/manhattanpcm.com\/es\/negocios\/ciberseguridad\/","title":{"rendered":"Ciberseguridad"},"content":{"rendered":"<div>\n<h1>Asegurando el Futuro Digital<\/h1>\n<p>Ciberseguridad<\/p>\n<div>Con una amplia experiencia, sobresalimos en la adquisici\u00f3n y supervisi\u00f3n de reclamaciones litigiosas para lograr resultados \u00f3ptimos.<\/div>\n<p><a href=\"#intro\"><span uk-icon=\"icon: chevron-down; ratio: 1\"> <\/span>  Scroll down for more<\/a><\/p>\n<\/div>\n<h2>Creamos oportunidades en el sector de la ciberseguridad, garantizando que las empresas puedan afrontar los complejos desaf\u00edos del mundo digital.<\/h2>\n<div>\n<p>Aprovechando nuestra amplia base de conocimientos y abarcando diversos verticales de ciberseguridad \u2014incluyendo inteligencia frente a amenazas, seguridad de redes, protecci\u00f3n de datos y cumplimiento normativo\u2014 fortalecemos a nuestras empresas en cartera para que se conviertan en l\u00edderes en la protecci\u00f3n de activos digitales.<\/p>\n<p>El mercado global de tecnolog\u00eda de ciberseguridad se estima que alcanzar\u00e1 los 2 billones de USD. Este notable crecimiento no solo representa una oportunidad financiera, sino tambi\u00e9n la apertura hacia nuevos enfoques de ciberseguridad. A medida que los ciberataques se vuelven m\u00e1s sofisticados y las amenazas surgen de fuentes cada vez m\u00e1s diversas, nuestro equipo trabaja proactivamente en colaboraci\u00f3n con innovadores y disruptores tecnol\u00f3gicos. \u00bfEst\u00e1 usted desarrollando un enfoque completamente diferente para prevenir o abordar vulneraciones de seguridad? Entonces debemos conversar.<\/p>\n<p>Manhattan Private Credit Markets colabora activamente con startups innovadoras de ciberseguridad que est\u00e1n trazando el camino hacia un futuro digital m\u00e1s seguro. Respaldamos a nuestras empresas en cartera con orientaci\u00f3n estrat\u00e9gica integral y una gesti\u00f3n pr\u00e1ctica, consolidando una verdadera asociaci\u00f3n para que su equipo pueda capitalizar la creciente demanda global de soluciones de ciberseguridad. Estamos convencidos de que invertir en este sector din\u00e1mico requiere mucho m\u00e1s que un respaldo financiero: implica un compromiso activo y una profunda experiencia en desarrollo de software, propiedad intelectual y seguridad. En Manhattan Private Credit Markets, comprendemos que el \u00e9xito no se basa \u00fanicamente en los resultados a corto plazo, sino tambi\u00e9n en la construcci\u00f3n de relaciones s\u00f3lidas y valor sostenible a largo plazo.<\/p>\n<\/div>\n<p><img decoding=\"async\" src=\"\/wp-content\/uploads\/2023\/07\/img-software-1.jpg\" alt=\"\"><\/p>\n<h2>Estrategias<\/h2>\n<div>Nos asociamos con empresas de ciberseguridad en etapas estrat\u00e9gicas de su desarrollo, aprovechando puntos de inflexi\u00f3n para guiarlas a trav\u00e9s de fases cr\u00edticas, garantizando as\u00ed su \u00e9xito en el din\u00e1mico mercado de la ciberseguridad.<\/div>\n<ul>\n<li>\n<p>        <img decoding=\"async\" src=\"\/wp-content\/uploads\/2023\/07\/icons-cybersecurity_technical-due.svg\" alt=\"\"><\/p>\n<h3>1. Due Diligence T\u00e9cnica<\/h3>\n<div>Aplicamos nuestra experiencia t\u00e9cnica para evaluar su tecnolog\u00eda y sus perspectivas de crecimiento.<\/div>\n<\/li>\n<li>\n<p>        <img decoding=\"async\" src=\"\/wp-content\/uploads\/2023\/07\/icons-cybersecurity_ip-due-diligence.svg\" alt=\"\"><\/p>\n<h3>2. Due Diligence en IP<\/h3>\n<div>\n<p>Con nuestra experiencia inigualable en propiedad intelectual, evaluamos sus activos de ciberseguridad en IP y c\u00f3mo aprovecharlos estrat\u00e9gicamente.<\/p>\n<\/div>\n<\/li>\n<li>\n<p>        <img decoding=\"async\" src=\"\/wp-content\/uploads\/2023\/07\/icons-cybersecurity_participation.svg\" alt=\"\"><\/p>\n<h3>3. Participaci\u00f3n en Diversas Etapas<\/h3>\n<div>Dada la naturaleza din\u00e1mica del mercado de la ciberseguridad, colaboramos con las empresas en la etapa m\u00e1s adecuada de su trayectoria.<\/div>\n<\/li>\n<li>\n<p>        <img decoding=\"async\" src=\"\/wp-content\/uploads\/2023\/07\/icons-cybersecurity_inflection-points.svg\" alt=\"\"><\/p>\n<h3>4. Puntos de Inflexi\u00f3n<\/h3>\n<div>Aprovechamos los puntos de inflexi\u00f3n clave para identificar el momento id\u00f3neo para incorporar una empresa a nuestro portafolio, gui\u00e1ndola a trav\u00e9s de fases cr\u00edticas de desarrollo.<\/div>\n<\/li>\n<\/ul>\n<p><!--more--><br \/>\n<!-- {\"type\":\"layout\",\"children\":[{\"name\":\"Hero\",\"type\":\"section\",\"props\":{\"animation\":\"slide-left-medium\",\"animation_delay\":\"100\",\"header_transparent\":true,\"header_transparent_noplaceholder\":false,\"header_transparent_text_color\":\"light\",\"height\":\"viewport\",\"height_offset_top\":true,\"image_effect\":\"parallax\",\"image_parallax_bgy\":\",-80\",\"image_position\":\"center-center\",\"image_size\":\"cover\",\"image_width\":\"2560\",\"overlap\":false,\"padding\":\"small\",\"padding_remove_bottom\":true,\"padding_remove_top\":false,\"preserve_color\":false,\"style\":\"primary\",\"title_breakpoint\":\"xl\",\"title_position\":\"top-left\",\"title_rotation\":\"left\",\"vertical_align\":\"bottom\",\"video\":\"wp-content\\\/uploads\\\/2026\\\/04\\\/5_oceans_partner_-_cybersecurity_header-1440p.mp4\",\"video_height\":\"1080\",\"video_width\":\"1920\",\"width\":\"\"},\"children\":[{\"type\":\"row\",\"props\":{\"margin\":\"large\",\"margin_remove_top\":false,\"width\":\"xlarge\"},\"children\":[{\"type\":\"column\",\"props\":{\"image_position\":\"center-center\",\"position_sticky_breakpoint\":\"m\"},\"children\":[{\"type\":\"module\",\"props\":{\"css\":\".el-element {\\n    z-index: 5 !important;\\n}\",\"maxwidth\":\"medium\",\"menu_image_align\":\"center\",\"menu_image_margin\":true,\"menu_style\":\"default\",\"menu_type\":\"nav\",\"type\":\"nav_menu\",\"visibility\":\"m\",\"widget\":\"nav_menu-15\"}}]}]},{\"type\":\"row\",\"children\":[{\"type\":\"column\",\"props\":{\"image_position\":\"center-center\",\"position_sticky_breakpoint\":\"m\",\"vertical_align\":\"bottom\",\"width_medium\":\"2-5\"},\"children\":[{\"type\":\"panel\",\"props\":{\"animation\":\"fade\",\"content\":\"Con una amplia experiencia, sobresalimos en la adquisici\\u00f3n y supervisi\\u00f3n de reclamaciones litigiosas para lograr resultados \\u00f3ptimos.\",\"content_column_breakpoint\":\"m\",\"icon_width\":80,\"image_align\":\"top\",\"image_grid_breakpoint\":\"m\",\"image_grid_width\":\"1-2\",\"image_svg_color\":\"emphasis\",\"link\":\"#intro\",\"link_margin\":\"medium\",\"link_style\":\"link-muted\",\"link_text\":\"<span uk-icon=\\\"icon: chevron-down; ratio: 1\\\"> <\\\/span>  Scroll down for more\",\"margin\":\"default\",\"maxwidth\":\"xlarge\",\"meta\":\"Ciberseguridad\",\"meta_align\":\"above-title\",\"meta_element\":\"div\",\"meta_style\":\"\",\"panel_padding\":\"large\",\"panel_style\":\"card-secondary\",\"title\":\"Asegurando el Futuro Digital\",\"title_align\":\"top\",\"title_element\":\"h1\",\"title_grid_breakpoint\":\"m\",\"title_grid_width\":\"1-2\",\"title_hover_style\":\"reset\",\"title_margin\":\"small\",\"title_style\":\"h1\"}}]},{\"type\":\"column\",\"props\":{\"image_position\":\"center-center\",\"position_sticky_breakpoint\":\"m\",\"width_medium\":\"3-5\"}}],\"props\":{\"layout\":\"2-5,3-5\",\"margin_remove_bottom\":true,\"match\":false}}]},{\"type\":\"section\",\"props\":{\"animation\":\"fade\",\"animation_delay\":\"100\",\"id\":\"intro\",\"image_position\":\"center-center\",\"padding\":\"xlarge\",\"padding_remove_bottom\":false,\"padding_remove_top\":true,\"style\":\"muted\",\"title_breakpoint\":\"xl\",\"title_position\":\"top-left\",\"title_rotation\":\"left\",\"vertical_align\":\"\",\"width\":\"xlarge\"},\"children\":[{\"type\":\"row\",\"props\":{\"column_gap\":\"collapse\"},\"children\":[{\"type\":\"column\",\"props\":{\"image_position\":\"center-center\",\"position_sticky\":\"section\",\"position_sticky_breakpoint\":\"m\",\"position_sticky_offset\":\"0\"}}]},{\"type\":\"row\",\"props\":{\"column_gap\":\"large\",\"layout\":\"1-4,3-4\",\"margin\":\"xlarge\"},\"children\":[{\"type\":\"column\",\"props\":{\"image_position\":\"center-center\",\"position_sticky\":\"section\",\"position_sticky_breakpoint\":\"m\",\"position_sticky_offset\":\"100\",\"width_medium\":\"1-4\"},\"children\":[{\"type\":\"headline\",\"props\":{\"title_element\":\"h3\",\"title_style\":\"h3\",\"visibility\":\"m\"},\"source\":{\"query\":{\"name\":\"pages.singlePage\"},\"props\":{\"content\":{\"filters\":{\"search\":\"\"},\"name\":\"title\"}}}},{\"type\":\"nav\",\"props\":{\"grid\":\"1\",\"grid_divider\":false,\"image_vertical_align\":false,\"nav_style\":\"default\",\"show_image\":true,\"show_meta\":true,\"visibility\":\"m\"},\"children\":[{\"type\":\"nav_item\",\"source\":{\"query\":{\"name\":\"customMenuItems\",\"arguments\":{\"id\":6,\"parent\":\"\",\"heading\":\"\",\"include_heading\":true}},\"props\":{\"content\":{\"filters\":{\"search\":\"\"},\"name\":\"title\"},\"link\":{\"filters\":{\"search\":\"\"},\"name\":\"url\"},\"active\":{\"filters\":{\"search\":\"\"},\"name\":\"active\"}}}}]}]},{\"type\":\"column\",\"props\":{\"image_position\":\"center-center\",\"position_sticky_breakpoint\":\"m\",\"width_medium\":\"3-4\"},\"children\":[{\"type\":\"fragment\",\"children\":[{\"type\":\"row\",\"children\":[{\"type\":\"column\",\"props\":{\"image_position\":\"center-center\",\"position_sticky_breakpoint\":\"m\"},\"children\":[{\"type\":\"headline\",\"props\":{\"content\":\"Creamos oportunidades en el sector de la ciberseguridad, garantizando que las empresas puedan afrontar los complejos desaf\\u00edos del mundo digital.\",\"id\":\"overview\",\"maxwidth\":\"2xlarge\",\"title_element\":\"h2\",\"title_style\":\"h2\"}},{\"type\":\"text\",\"props\":{\"column_breakpoint\":\"m\",\"content\":\"\n\n<p>Aprovechando nuestra amplia base de conocimientos y abarcando diversos verticales de ciberseguridad \\u2014incluyendo inteligencia frente a amenazas, seguridad de redes, protecci\\u00f3n de datos y cumplimiento normativo\\u2014 fortalecemos a nuestras empresas en cartera para que se conviertan en l\\u00edderes en la protecci\\u00f3n de activos digitales.<\\\/p>\\n\n\n<p>El mercado global de tecnolog\\u00eda de ciberseguridad se estima que alcanzar\\u00e1 los 2 billones de USD. Este notable crecimiento no solo representa una oportunidad financiera, sino tambi\\u00e9n la apertura hacia nuevos enfoques de ciberseguridad. A medida que los ciberataques se vuelven m\\u00e1s sofisticados y las amenazas surgen de fuentes cada vez m\\u00e1s diversas, nuestro equipo trabaja proactivamente en colaboraci\\u00f3n con innovadores y disruptores tecnol\\u00f3gicos. \\u00bfEst\\u00e1 usted desarrollando un enfoque completamente diferente para prevenir o abordar vulneraciones de seguridad? Entonces debemos conversar.<\\\/p>\\n\n\n<p>Manhattan Private Credit Markets colabora activamente con startups innovadoras de ciberseguridad que est\\u00e1n trazando el camino hacia un futuro digital m\\u00e1s seguro. Respaldamos a nuestras empresas en cartera con orientaci\\u00f3n estrat\\u00e9gica integral y una gesti\\u00f3n pr\\u00e1ctica, consolidando una verdadera asociaci\\u00f3n para que su equipo pueda capitalizar la creciente demanda global de soluciones de ciberseguridad. Estamos convencidos de que invertir en este sector din\\u00e1mico requiere mucho m\\u00e1s que un respaldo financiero: implica un compromiso activo y una profunda experiencia en desarrollo de software, propiedad intelectual y seguridad. En Manhattan Private Credit Markets, comprendemos que el \\u00e9xito no se basa \\u00fanicamente en los resultados a corto plazo, sino tambi\\u00e9n en la construcci\\u00f3n de relaciones s\\u00f3lidas y valor sostenible a largo plazo.<\\\/p>\",\"margin\":\"medium\",\"maxwidth\":\"2xlarge\"}},{\"type\":\"image\",\"props\":{\"image\":\"wp-content\\\/uploads\\\/2023\\\/07\\\/img-software-1.jpg\",\"image_svg_color\":\"emphasis\",\"margin\":\"large\",\"maxwidth\":\"2xlarge\"}}]}],\"props\":{\"column_gap\":\"large\",\"id\":\"overview\"}},{\"type\":\"row\",\"props\":{\"margin\":\"xlarge\"},\"children\":[{\"type\":\"column\",\"props\":{\"image_position\":\"center-center\",\"position_sticky_breakpoint\":\"m\"},\"children\":[{\"type\":\"headline\",\"props\":{\"content\":\"Estrategias\",\"id\":\"strategies\",\"title_element\":\"h2\",\"title_style\":\"h3\"}},{\"type\":\"text\",\"props\":{\"column_breakpoint\":\"m\",\"content\":\"Nos asociamos con empresas de ciberseguridad en etapas estrat\\u00e9gicas de su desarrollo, aprovechando puntos de inflexi\\u00f3n para guiarlas a trav\\u00e9s de fases cr\\u00edticas, garantizando as\\u00ed su \\u00e9xito en el din\\u00e1mico mercado de la ciberseguridad.\",\"margin\":\"default\",\"maxwidth\":\"2xlarge\"}},{\"type\":\"grid\",\"props\":{\"content_column_breakpoint\":\"m\",\"content_margin\":\"small\",\"filter_align\":\"left\",\"filter_all\":true,\"filter_grid_breakpoint\":\"m\",\"filter_grid_width\":\"auto\",\"filter_position\":\"top\",\"filter_style\":\"tab\",\"grid_column_gap\":\"large\",\"grid_default\":\"1\",\"grid_medium\":\"2\",\"grid_row_gap\":\"large\",\"icon_width\":80,\"id\":\"strategies\",\"image_align\":\"top\",\"image_grid_breakpoint\":\"m\",\"image_grid_width\":\"1-2\",\"image_svg_color\":\"emphasis\",\"image_width\":\"75\",\"item_animation\":true,\"lightbox_bg_close\":true,\"link_style\":\"default\",\"link_text\":\"Read more\",\"margin\":\"large\",\"maxwidth\":\"2xlarge\",\"meta_align\":\"below-title\",\"meta_element\":\"div\",\"meta_style\":\"text-meta\",\"show_content\":true,\"show_hover_image\":true,\"show_hover_video\":true,\"show_image\":true,\"show_link\":true,\"show_meta\":true,\"show_title\":true,\"show_video\":true,\"title_align\":\"top\",\"title_element\":\"h3\",\"title_grid_breakpoint\":\"m\",\"title_grid_width\":\"1-2\",\"title_hover_style\":\"reset\"},\"children\":[{\"type\":\"grid_item\",\"props\":{\"content\":\"Aplicamos nuestra experiencia t\\u00e9cnica para evaluar su tecnolog\\u00eda y sus perspectivas de crecimiento.\",\"image\":\"wp-content\\\/uploads\\\/2023\\\/07\\\/icons-cybersecurity_technical-due.svg\",\"title\":\"1. Due Diligence T\\u00e9cnica\"}},{\"type\":\"grid_item\",\"props\":{\"content\":\"\n\n<p>Con nuestra experiencia inigualable en propiedad intelectual, evaluamos sus activos de ciberseguridad en IP y c\\u00f3mo aprovecharlos estrat\\u00e9gicamente.<\\\/p>\",\"image\":\"wp-content\\\/uploads\\\/2023\\\/07\\\/icons-cybersecurity_ip-due-diligence.svg\",\"title\":\"2. Due Diligence en IP\"}},{\"type\":\"grid_item\",\"props\":{\"content\":\"Dada la naturaleza din\\u00e1mica del mercado de la ciberseguridad, colaboramos con las empresas en la etapa m\\u00e1s adecuada de su trayectoria.\",\"image\":\"wp-content\\\/uploads\\\/2023\\\/07\\\/icons-cybersecurity_participation.svg\",\"title\":\"3. Participaci\\u00f3n en Diversas Etapas\"}},{\"type\":\"grid_item\",\"props\":{\"content\":\"Aprovechamos los puntos de inflexi\\u00f3n clave para identificar el momento id\\u00f3neo para incorporar una empresa a nuestro portafolio, gui\\u00e1ndola a trav\\u00e9s de fases cr\\u00edticas de desarrollo.\",\"image\":\"wp-content\\\/uploads\\\/2023\\\/07\\\/icons-cybersecurity_inflection-points.svg\",\"title\":\"4. Puntos de Inflexi\\u00f3n\"}}]}]}]}],\"props\":{\"margin\":\"default\"}}]}]}]},{\"type\":\"section\",\"props\":{\"animation\":\"fade\",\"animation_delay\":\"100\",\"id\":\"portfolio\",\"image_position\":\"center-center\",\"padding\":\"large\",\"padding_remove_top\":false,\"status\":\"disabled\",\"style\":\"muted\",\"title_breakpoint\":\"xl\",\"title_position\":\"top-left\",\"title_rotation\":\"left\",\"vertical_align\":\"\",\"width\":\"xlarge\"},\"children\":[{\"type\":\"row\",\"children\":[{\"type\":\"column\",\"props\":{\"image_position\":\"center-center\",\"position_sticky_breakpoint\":\"m\",\"width_medium\":\"1-4\"}},{\"type\":\"column\",\"props\":{\"image_position\":\"center-center\",\"position_sticky_breakpoint\":\"m\",\"width_medium\":\"3-4\"},\"children\":[{\"type\":\"headline\",\"props\":{\"content\":\"Portfolio\",\"title_element\":\"h2\",\"title_style\":\"h3\"}},{\"type\":\"panel-slider\",\"props\":{\"content_column_breakpoint\":\"m\",\"icon_width\":80,\"image_align\":\"left\",\"image_grid_breakpoint\":\"m\",\"image_grid_column_gap\":\"large\",\"image_grid_width\":\"auto\",\"image_svg_color\":\"emphasis\",\"image_vertical_align\":true,\"link_style\":\"default\",\"link_text\":\"Read more\",\"margin\":\"medium\",\"meta_align\":\"below-title\",\"meta_element\":\"div\",\"meta_style\":\"text-meta\",\"nav\":\"dotnav\",\"nav_align\":\"right\",\"nav_breakpoint\":\"\",\"panel_match\":true,\"panel_padding\":\"default\",\"panel_style\":\"card-default\",\"show_content\":true,\"show_hover_image\":true,\"show_hover_video\":true,\"show_image\":true,\"show_link\":true,\"show_meta\":true,\"show_title\":true,\"show_video\":true,\"slidenav\":\"bottom-right\",\"slidenav_breakpoint\":\"\",\"slidenav_margin\":\"\",\"slidenav_outside_breakpoint\":\"xl\",\"slider_autoplay\":true,\"slider_autoplay_interval\":\"3\",\"slider_autoplay_pause\":true,\"slider_gap\":\"default\",\"slider_velocity\":\"0.5\",\"slider_width\":\"fixed\",\"slider_width_default\":\"1-1\",\"slider_width_medium\":\"1-2\",\"title_align\":\"top\",\"title_element\":\"h5\",\"title_grid_breakpoint\":\"m\",\"title_grid_width\":\"1-2\",\"title_hover_style\":\"reset\",\"title_style\":\"h5\"},\"children\":[{\"type\":\"panel-slider_item\",\"props\":{\"content\":\"Lorem ipsum dolor sit amet consectetur adipiscing eli.\",\"image\":\"wp-content\\\/uploads\\\/yootheme\\\/development-partners-02.svg\",\"title\":\"Lorem ipsum dolor sit amet\"}},{\"type\":\"panel-slider_item\",\"props\":{\"content\":\"Lorem ipsum dolor sit amet consectetur adipiscing eli.\",\"image\":\"wp-content\\\/uploads\\\/yootheme\\\/development-partners-02.svg\",\"title\":\"Lorem ipsum dolor sit amet\"}},{\"type\":\"panel-slider_item\",\"props\":{\"content\":\"Lorem ipsum dolor sit amet consectetur adipiscing eli.\",\"image\":\"wp-content\\\/uploads\\\/yootheme\\\/development-partners-02.svg\",\"title\":\"Lorem ipsum dolor sit amet\"}},{\"type\":\"panel-slider_item\",\"props\":{\"content\":\"Lorem ipsum dolor sit amet consectetur adipiscing eli.\",\"image\":\"wp-content\\\/uploads\\\/yootheme\\\/development-partners-02.svg\",\"title\":\"Lorem ipsum dolor sit amet\"}}]}]}],\"props\":{\"layout\":\"1-4,3-4\"}}],\"name\":\"portfolio\"}],\"version\":\"4.5.24\"} --><\/p>\n","protected":false},"excerpt":{"rendered":"<p>Asegurando el Futuro Digital Ciberseguridad Con una amplia experiencia, sobresalimos en la adquisici\u00f3n y supervisi\u00f3n de reclamaciones litigiosas para lograr resultados \u00f3ptimos. Scroll down for more Creamos oportunidades en el sector de la ciberseguridad, garantizando que las empresas puedan afrontar los complejos desaf\u00edos del mundo digital. Aprovechando nuestra amplia base de conocimientos y abarcando diversos [&hellip;]<\/p>\n","protected":false},"author":1,"featured_media":0,"parent":5256,"menu_order":0,"comment_status":"closed","ping_status":"closed","template":"","meta":{"_acf_changed":false,"footnotes":""},"class_list":["post-5259","page","type-page","status-publish","hentry"],"acf":[],"jetpack_sharing_enabled":true,"_links":{"self":[{"href":"http:\/\/manhattanpcm.com\/es\/wp-json\/wp\/v2\/pages\/5259","targetHints":{"allow":["GET"]}}],"collection":[{"href":"http:\/\/manhattanpcm.com\/es\/wp-json\/wp\/v2\/pages"}],"about":[{"href":"http:\/\/manhattanpcm.com\/es\/wp-json\/wp\/v2\/types\/page"}],"author":[{"embeddable":true,"href":"http:\/\/manhattanpcm.com\/es\/wp-json\/wp\/v2\/users\/1"}],"replies":[{"embeddable":true,"href":"http:\/\/manhattanpcm.com\/es\/wp-json\/wp\/v2\/comments?post=5259"}],"version-history":[{"count":4,"href":"http:\/\/manhattanpcm.com\/es\/wp-json\/wp\/v2\/pages\/5259\/revisions"}],"predecessor-version":[{"id":6223,"href":"http:\/\/manhattanpcm.com\/es\/wp-json\/wp\/v2\/pages\/5259\/revisions\/6223"}],"up":[{"embeddable":true,"href":"http:\/\/manhattanpcm.com\/es\/wp-json\/wp\/v2\/pages\/5256"}],"wp:attachment":[{"href":"http:\/\/manhattanpcm.com\/es\/wp-json\/wp\/v2\/media?parent=5259"}],"curies":[{"name":"wp","href":"https:\/\/api.w.org\/{rel}","templated":true}]}}